{"id":750856,"date":"2025-08-28T04:32:28","date_gmt":"2025-08-28T01:32:28","guid":{"rendered":"https:\/\/roveyayinevi.com.tr\/index.php\/urun\/kurani-seviyorum\/"},"modified":"2026-04-16T03:04:02","modified_gmt":"2026-04-16T00:04:02","slug":"kurani-seviyorum","status":"publish","type":"product","link":"https:\/\/roveyayinevi.com.tr\/index.php\/urun\/kurani-seviyorum\/","title":{"rendered":"Kur\u2019an\u2019\u0131 Seviyorum"},"content":{"rendered":"<p>\u201cKur\u2019an\u2019da ar\u0131lar, develer, filler ve inekler var. Da\u011flar, dereler, denizler ve gemiler var. G\u00fczel s\u00f6zler, mutlu eden davran\u0131\u015flar, muhte\u015fem iyilikler var.\u201d Kahraman\u0131m\u0131z kitap okumay\u0131 \u00e7ok seviyor. Peki, en sevdi\u011fi kitap hangisi acaba? Tabii ki Kur\u2019an-\u0131 Kerim. O, en b\u00fcy\u00fck kitap! Merve G\u00fclcemal\u2019in kaleminden hepimize iyi gelecek bir Kur\u2019an sevgisi maceras\u0131.   <\/p>\n","protected":false},"excerpt":{"rendered":"<p>\u201cKur\u2019an\u2019da ar\u0131lar, develer, filler ve inekler var. Da\u011flar, dereler, denizler ve gemiler var. G\u00fczel s\u00f6zler, mutlu eden davran\u0131\u015flar, muhte\u015fem iyilikler var.\u201d Kahraman\u0131m\u0131z kitap okumay\u0131 \u00e7ok seviyor.<span class=\"excerpt-hellip\"> [\u2026]<\/span><\/p>\n","protected":false},"featured_media":0,"template":"","meta":{"_monsterinsights_skip_tracking":false,"_monsterinsights_sitenote_active":false,"_monsterinsights_sitenote_note":"","_monsterinsights_sitenote_category":0},"product_brand":[],"product_cat":[12274,18802],"product_tag":[],"class_list":{"0":"post-750856","1":"product","2":"type-product","3":"status-publish","5":"product_cat-cocuk-ve-genclik-kitaplari","6":"product_cat-din-egitimi","7":"pa_cilt-ciltsiz","8":"pa_tur-kitap","9":"pa_yayinevi-turkuvaz-kitap","10":"pa_yazar-merve-gulcemal","12":"first","13":"instock","14":"sale","15":"shipping-taxable","16":"purchasable","17":"product-type-simple"},"_links":{"self":[{"href":"https:\/\/roveyayinevi.com.tr\/index.php\/wp-json\/wp\/v2\/product\/750856","targetHints":{"allow":["GET"]}}],"collection":[{"href":"https:\/\/roveyayinevi.com.tr\/index.php\/wp-json\/wp\/v2\/product"}],"about":[{"href":"https:\/\/roveyayinevi.com.tr\/index.php\/wp-json\/wp\/v2\/types\/product"}],"wp:attachment":[{"href":"https:\/\/roveyayinevi.com.tr\/index.php\/wp-json\/wp\/v2\/media?parent=750856"}],"wp:term":[{"taxonomy":"product_brand","embeddable":true,"href":"https:\/\/roveyayinevi.com.tr\/index.php\/wp-json\/wp\/v2\/product_brand?post=750856"},{"taxonomy":"product_cat","embeddable":true,"href":"https:\/\/roveyayinevi.com.tr\/index.php\/wp-json\/wp\/v2\/product_cat?post=750856"},{"taxonomy":"product_tag","embeddable":true,"href":"https:\/\/roveyayinevi.com.tr\/index.php\/wp-json\/wp\/v2\/product_tag?post=750856"}],"curies":[{"name":"wp","href":"https:\/\/api.w.org\/{rel}","templated":true}]}}