{"id":750855,"date":"2025-08-28T04:32:26","date_gmt":"2025-08-28T01:32:26","guid":{"rendered":"https:\/\/roveyayinevi.com.tr\/index.php\/urun\/kayip-gunlugun-izinde\/"},"modified":"2026-04-16T03:04:02","modified_gmt":"2026-04-16T00:04:02","slug":"kayip-gunlugun-izinde","status":"publish","type":"product","link":"https:\/\/roveyayinevi.com.tr\/index.php\/urun\/kayip-gunlugun-izinde\/","title":{"rendered":"Kay\u0131p G\u00fcnl\u00fc\u011f\u00fcn \u0130zinde"},"content":{"rendered":"<p>Hi\u00e7 tan\u0131mad\u0131\u011f\u0131 birisi i\u00e7in \u00fcz\u00fcl\u00fcr m\u00fc insan?Karen McCombie&#8217;nin kaleme ald\u0131\u011f\u0131 Kay\u0131p G\u00fcnl\u00fc\u011f\u00fcn \u0130zinde, hayattan beklentileri apayr\u0131 olan iki k\u0131z\u0131 g\u00f6r\u00fcnmez bir arkada\u015fl\u0131k ba\u011f\u0131yla birle\u015ftiren dokunakl\u0131 bir ilk gen\u00e7lik roman\u0131. Kay\u0131p bir g\u00fcnl\u00fc\u011f\u00fcn d\u00f6n\u00fcp dola\u015f\u0131p sahibini geri bulmas\u0131n\u0131 ac\u0131 tatl\u0131 bir anlat\u0131ya d\u00f6n\u00fc\u015ft\u00fcren yazar, birisiyle arkada\u015f olmay\u0131 istemek i\u00e7in ille de onu tan\u0131mam\u0131z gerekmedi\u011fini belirtiyor. G\u00fcn\u00fcm\u00fcz gen\u00e7lerinin &#8221;k\u0131r\u0131lgan&#8221; d\u00fcnya ger\u00e7ekli\u011fini ustal\u0131kla yans\u0131tan kitap; aile i\u00e7i ileti\u015fim \u00e7at\u0131\u015fmas\u0131, akran zorbal\u0131\u011f\u0131, bireysel farkl\u0131l\u0131klar, engelli ya\u015fam gibi g\u00fcncel konulara da temas ederek hik\u00e2yesini g\u00fc\u00e7lendiriyor. Beni g\u00f6ren yok. Karanl\u0131ktay\u0131m.Beni de g\u00f6rs\u00fcnler art\u0131k!Hande, son zamanlarda hi\u00e7 kimsenin dikkatini \u00e7ekememekten \u015fik\u00e2yet\u00e7idir. Evlerinin \u00fczerinde \u00e2deta kara bulutlar dolan\u0131yordur. Anne ve babas\u0131n\u0131n kendisini dinlememesinden, ablas\u0131 Melo\u015f&#8217;un yerli yersiz h\u0131rg\u00fcr\u00fcnden usanm\u0131\u015ft\u0131r. Mutlu yuvalar\u0131n\u0131n renkleri \u00e2deta solup gitmi\u015f, evlerindeki hayat siyah-beyaza d\u00f6nm\u00fc\u015ft\u00fcr. T\u00fcm bunlar yetmezmi\u015f gibi dost bildikleri bile sebepsizce ondan uzakla\u015fm\u0131\u015ft\u0131r. Yine arkada\u015flar\u0131n\u0131n yan\u0131nda kendini g\u00f6r\u00fcnmez ve yaln\u0131z hissetti\u011fi bir g\u00fcn, parkta dola\u015f\u0131rken kay\u0131p bir g\u00fcnl\u00fck bulur. S\u00fcsl\u00fc yaz\u0131lar ve polaroid foto\u011fraflarla daha \u00e7ok bir an\u0131 defterini and\u0131ran g\u00fcnl\u00fc\u011f\u00fc okuduk\u00e7a, karma\u015f\u0131k bir yapbozla ba\u015f ba\u015fa kal\u0131r. \u00c7ok ge\u00e7meden, hi\u00e7 tan\u0131mad\u0131\u011f\u0131 biri i\u00e7in \u00fcz\u00fcld\u00fc\u011f\u00fcn\u00fc fark eden Hande, g\u00fcnl\u00fc\u011f\u00fc bir an \u00f6nce sahibine geri vermek i\u00e7in planlar yapmaya ba\u015flar. Gen\u00e7 k\u0131z\u0131n hayat\u0131, belki de g\u00fcnl\u00fc\u011f\u00fcn sahibi ile tan\u0131\u015f\u0131nca yeniden eski renklerine kavu\u015facakt\u0131r, kim bilir?G\u00fcnl\u00fck tutma al\u0131\u015fkanl\u0131\u011f\u0131n\u0131 i\u00e7inde bulundu\u011fumuz dijital \u00e7a\u011f\u0131n dinamiklerini hesaba katarak roman\u0131n\u0131n kurgusuna katan Karen McCombie, gen\u00e7ler i\u00e7in nostaljik say\u0131labilecek bir edeb\u00ee t\u00fcr hakk\u0131nda fark\u0131ndal\u0131k yarat\u0131yor.Bizi biricik k\u0131lan farkl\u0131l\u0131klar\u0131m\u0131zla her daim bar\u0131\u015f\u0131k kalman\u0131n \u00f6nemini yineleyen Kay\u0131p G\u00fcnl\u00fc\u011f\u00fcn \u0130zinde; okumaya isteksiz \u00e7ocuklar\u0131 kitaplar\u0131n d\u00fcnyas\u0131na yakla\u015ft\u0131ran SEN de OKU koleksiyonundaki yerini al\u0131yor.  O h\u00e2lde, bug\u00fcne dair en g\u00fczel \u015fey&#8230; bu kitab\u0131 okumaya ba\u015flayacak olman\u0131z.<\/p>\n","protected":false},"excerpt":{"rendered":"<p>Hi\u00e7 tan\u0131mad\u0131\u011f\u0131 birisi i\u00e7in \u00fcz\u00fcl\u00fcr m\u00fc insan?Karen McCombie&#8217;nin kaleme ald\u0131\u011f\u0131 Kay\u0131p G\u00fcnl\u00fc\u011f\u00fcn \u0130zinde, hayattan beklentileri apayr\u0131 olan iki k\u0131z\u0131 g\u00f6r\u00fcnmez bir arkada\u015fl\u0131k ba\u011f\u0131yla birle\u015ftiren dokunakl\u0131 bir<span class=\"excerpt-hellip\"> [\u2026]<\/span><\/p>\n","protected":false},"featured_media":0,"template":"","meta":{"_monsterinsights_skip_tracking":false,"_monsterinsights_sitenote_active":false,"_monsterinsights_sitenote_note":"","_monsterinsights_sitenote_category":0},"product_brand":[],"product_cat":[12291,12711],"product_tag":[],"class_list":{"0":"post-750855","1":"product","2":"type-product","3":"status-publish","5":"product_cat-edebiyat","6":"product_cat-roman-oyku","7":"pa_cilt-ciltsiz","8":"pa_tur-kitap","9":"pa_yayinevi-tudem-yayinlari","10":"pa_yazar-karen-mccombie","12":"first","13":"instock","14":"sale","15":"shipping-taxable","16":"purchasable","17":"product-type-simple"},"_links":{"self":[{"href":"https:\/\/roveyayinevi.com.tr\/index.php\/wp-json\/wp\/v2\/product\/750855","targetHints":{"allow":["GET"]}}],"collection":[{"href":"https:\/\/roveyayinevi.com.tr\/index.php\/wp-json\/wp\/v2\/product"}],"about":[{"href":"https:\/\/roveyayinevi.com.tr\/index.php\/wp-json\/wp\/v2\/types\/product"}],"wp:attachment":[{"href":"https:\/\/roveyayinevi.com.tr\/index.php\/wp-json\/wp\/v2\/media?parent=750855"}],"wp:term":[{"taxonomy":"product_brand","embeddable":true,"href":"https:\/\/roveyayinevi.com.tr\/index.php\/wp-json\/wp\/v2\/product_brand?post=750855"},{"taxonomy":"product_cat","embeddable":true,"href":"https:\/\/roveyayinevi.com.tr\/index.php\/wp-json\/wp\/v2\/product_cat?post=750855"},{"taxonomy":"product_tag","embeddable":true,"href":"https:\/\/roveyayinevi.com.tr\/index.php\/wp-json\/wp\/v2\/product_tag?post=750855"}],"curies":[{"name":"wp","href":"https:\/\/api.w.org\/{rel}","templated":true}]}}