{"id":750854,"date":"2025-08-28T04:32:24","date_gmt":"2025-08-28T01:32:24","guid":{"rendered":"https:\/\/roveyayinevi.com.tr\/index.php\/urun\/macbeth-ciltli\/"},"modified":"2026-04-16T03:04:02","modified_gmt":"2026-04-16T00:04:02","slug":"macbeth-ciltli","status":"publish","type":"product","link":"https:\/\/roveyayinevi.com.tr\/index.php\/urun\/macbeth-ciltli\/","title":{"rendered":"Macbeth (Ciltli)"},"content":{"rendered":"<p>\u015eair, oyun yazar\u0131 ve tiyatro oyuncusu olan William Shakespeare, bir\u00e7oklar\u0131 taraf\u0131ndan \u0130ngiliz dilinin ve d\u00fcnyan\u0131n en iyi oyun yazar\u0131 olarak kabul edilir. 26 Nisan 1564\u2019te Stratford-upon-Avon\u2019da do\u011fup 23 Nisan 1616\u2019da yine ayn\u0131 yerde \u00f6len Shakespeare, \u0130ngiltere\u2019nin ulusal \u015fairi ve \u201cAvon\u2019un Ozan\u0131\u201d olarak da tan\u0131n\u0131r. Shakespeare, bilinen eserlerinin \u00e7o\u011funu 1589 ile 1613 y\u0131llar\u0131 aras\u0131nda \u00fcretti. \u0130lk oyunlar\u0131 \u00e7o\u011funlukla komedi ve tarih\u00ee oyunlard\u0131, bu t\u00fcrlerle on alt\u0131nc\u0131 y\u00fczy\u0131l sonunda k\u00fclt\u00fcr ve sanat\u0131n zirvesine y\u00fckseldi. Daha sonra 1608\u2019e kadar trajedilere y\u00f6neldi, \u0130ngilizcenin en iyi \u00fcr\u00fcnlerinden baz\u0131lar\u0131 kabul edilen Hamlet, Kral Lear, Othello ve Macbeth\u2019i bu d\u00f6nemde yazd\u0131.Macbeth ya da \u00f6zg\u00fcn ad\u0131yla The Tragedy of Macbeth, William Shakespeare\u2019in en k\u0131sa tragedyas\u0131 olmas\u0131n\u0131n yan\u0131nda, Hamlet, Othello ve Kral Lear ile birlikte en \u00f6nemli d\u00f6rt tragedyas\u0131ndan birisi olarak kabul edilir. Tahminen 1606\u2019da yaz\u0131ld\u0131\u011f\u0131 d\u00fc\u015f\u00fcn\u00fclmektedir. Yaz\u0131ld\u0131\u011f\u0131 g\u00fcnden bu yana t\u00fcm d\u00fcnyada hem profesyonel hem de amat\u00f6r tiyatrolar taraf\u0131ndan s\u0131k\u00e7a sahneye konulmu\u015ftur ve konulmaya devam etmektedir.Macbeth ba\u015f\u0131ndan sonuna kadar g\u00fcnah\u0131n insan hayat\u0131 \u00fczerindeki etkilerini derinlemesine i\u015fler. G\u00fcnah\u0131n al\u00e7alt\u0131c\u0131 ve ac\u0131 verici sonu\u00e7lar\u0131n\u0131 felsefi bir temelde ele al\u0131r. Bu kadarla da kalmaz, insan hayat\u0131nda k\u00f6t\u00fcl\u00fck yapman\u0131n \u00f6l\u00fcmc\u00fcl yank\u0131lar\u0131n\u0131 ve \u015feytana uyman\u0131n b\u00fct\u00fcn tonlar\u0131n\u0131 her t\u00fcrl\u00fc korkun\u00e7 ger\u00e7eklikleri i\u00e7inde \u00f6n\u00fcm\u00fcze serer.<\/p>\n","protected":false},"excerpt":{"rendered":"<p>\u015eair, oyun yazar\u0131 ve tiyatro oyuncusu olan William Shakespeare, bir\u00e7oklar\u0131 taraf\u0131ndan \u0130ngiliz dilinin ve d\u00fcnyan\u0131n en iyi oyun yazar\u0131 olarak kabul edilir. 26 Nisan 1564\u2019te Stratford-upon-Avon\u2019da<span class=\"excerpt-hellip\"> [\u2026]<\/span><\/p>\n","protected":false},"featured_media":0,"template":"","meta":{"_monsterinsights_skip_tracking":false,"_monsterinsights_sitenote_active":false,"_monsterinsights_sitenote_note":"","_monsterinsights_sitenote_category":0},"product_brand":[],"product_cat":[12291,14272],"product_tag":[],"class_list":{"0":"post-750854","1":"product","2":"type-product","3":"status-publish","5":"product_cat-edebiyat","6":"product_cat-tiyatro","7":"pa_cilt-ciltli","8":"pa_tur-kitap","9":"pa_yayinevi-otuken-nesriyat","10":"pa_yazar-william-shakespeare","12":"first","13":"instock","14":"sale","15":"shipping-taxable","16":"purchasable","17":"product-type-simple"},"_links":{"self":[{"href":"https:\/\/roveyayinevi.com.tr\/index.php\/wp-json\/wp\/v2\/product\/750854","targetHints":{"allow":["GET"]}}],"collection":[{"href":"https:\/\/roveyayinevi.com.tr\/index.php\/wp-json\/wp\/v2\/product"}],"about":[{"href":"https:\/\/roveyayinevi.com.tr\/index.php\/wp-json\/wp\/v2\/types\/product"}],"wp:attachment":[{"href":"https:\/\/roveyayinevi.com.tr\/index.php\/wp-json\/wp\/v2\/media?parent=750854"}],"wp:term":[{"taxonomy":"product_brand","embeddable":true,"href":"https:\/\/roveyayinevi.com.tr\/index.php\/wp-json\/wp\/v2\/product_brand?post=750854"},{"taxonomy":"product_cat","embeddable":true,"href":"https:\/\/roveyayinevi.com.tr\/index.php\/wp-json\/wp\/v2\/product_cat?post=750854"},{"taxonomy":"product_tag","embeddable":true,"href":"https:\/\/roveyayinevi.com.tr\/index.php\/wp-json\/wp\/v2\/product_tag?post=750854"}],"curies":[{"name":"wp","href":"https:\/\/api.w.org\/{rel}","templated":true}]}}