{"id":750849,"date":"2025-08-28T04:32:15","date_gmt":"2025-08-28T01:32:15","guid":{"rendered":"https:\/\/roveyayinevi.com.tr\/index.php\/urun\/ayasli-ve-kiracilari-ciltli\/"},"modified":"2026-04-16T03:04:02","modified_gmt":"2026-04-16T00:04:02","slug":"ayasli-ve-kiracilari-ciltli","status":"publish","type":"product","link":"https:\/\/roveyayinevi.com.tr\/index.php\/urun\/ayasli-ve-kiracilari-ciltli\/","title":{"rendered":"Aya\u015fl\u0131 ve Kirac\u0131lar\u0131 (Ciltli)"},"content":{"rendered":"<p>Memduh \u015eevket Esendal, Aya\u015fl\u0131 ve Kirac\u0131lar\u0131 roman\u0131n\u0131 ilkin basit bir hik\u00e2ye olarak tasarlam\u0131\u015f ve ona \u201cBir B\u00fcy\u00fck Evin Dokuz Odas\u0131\u201d ismini vermi\u015ftir. Hik\u00e2ye uzad\u0131k\u00e7a uzam\u0131\u015f ve nihayet Aya\u015fl\u0131 ve Kirac\u0131lar\u0131 roman\u0131 olarak kar\u015f\u0131m\u0131za \u00e7\u0131km\u0131\u015ft\u0131r. Bu nedenle olsa gerek Esendal, bu eseri i\u00e7in \u201cBana sorarsan Aya\u015fl\u0131 ve Kirac\u0131lar\u0131 roman de\u011fil uzunca bir hik\u00e2yedir,\u201d ifadesini kullan\u0131r.  Aya\u015fl\u0131 ve Kirac\u0131lar\u0131, Cumhuriyet\u2019in ilk d\u00f6nemi Ankara\u2019s\u0131ndaki insan manzaralar\u0131n\u0131 okuyucusuna aktar\u0131r. Yazar, d\u00f6nemin toplumsal yap\u0131s\u0131n\u0131 daha iyi anlatabilmek i\u00e7in pansiyonu merkeze al\u0131r. B\u00f6ylelikle ayn\u0131 d\u00f6nemdeki farkl\u0131 insan tiplerini bir arada anlatma f\u0131rsat\u0131 bulur. Romanda yer alan kahramanlar\u0131n hepsi farkl\u0131 bir toplumsal tabakadan olup hem devletle hem de birbirleriyle ili\u015fki i\u00e7indedir. Bunlar hangi tabaka ve s\u0131n\u0131ftan olursa olsunlar bir arada ya\u015famay\u0131 becermektedirler. Bu y\u00f6n\u00fcyle apartman Cumhuriyet\u2019in kurucu ideolojisini yans\u0131t\u0131yor denebilir.<\/p>\n","protected":false},"excerpt":{"rendered":"<p>Memduh \u015eevket Esendal, Aya\u015fl\u0131 ve Kirac\u0131lar\u0131 roman\u0131n\u0131 ilkin basit bir hik\u00e2ye olarak tasarlam\u0131\u015f ve ona \u201cBir B\u00fcy\u00fck Evin Dokuz Odas\u0131\u201d ismini vermi\u015ftir. Hik\u00e2ye uzad\u0131k\u00e7a uzam\u0131\u015f ve<span class=\"excerpt-hellip\"> [\u2026]<\/span><\/p>\n","protected":false},"featured_media":0,"template":"","meta":{"_monsterinsights_skip_tracking":false,"_monsterinsights_sitenote_active":false,"_monsterinsights_sitenote_note":"","_monsterinsights_sitenote_category":0},"product_brand":[],"product_cat":[12291,12711],"product_tag":[],"class_list":{"0":"post-750849","1":"product","2":"type-product","3":"status-publish","5":"product_cat-edebiyat","6":"product_cat-roman-oyku","7":"pa_cilt-ciltli","8":"pa_tur-kitap","9":"pa_yayinevi-otuken-nesriyat","10":"pa_yazar-memduh-sevket-esendal","12":"first","13":"instock","14":"sale","15":"shipping-taxable","16":"purchasable","17":"product-type-simple"},"_links":{"self":[{"href":"https:\/\/roveyayinevi.com.tr\/index.php\/wp-json\/wp\/v2\/product\/750849","targetHints":{"allow":["GET"]}}],"collection":[{"href":"https:\/\/roveyayinevi.com.tr\/index.php\/wp-json\/wp\/v2\/product"}],"about":[{"href":"https:\/\/roveyayinevi.com.tr\/index.php\/wp-json\/wp\/v2\/types\/product"}],"wp:attachment":[{"href":"https:\/\/roveyayinevi.com.tr\/index.php\/wp-json\/wp\/v2\/media?parent=750849"}],"wp:term":[{"taxonomy":"product_brand","embeddable":true,"href":"https:\/\/roveyayinevi.com.tr\/index.php\/wp-json\/wp\/v2\/product_brand?post=750849"},{"taxonomy":"product_cat","embeddable":true,"href":"https:\/\/roveyayinevi.com.tr\/index.php\/wp-json\/wp\/v2\/product_cat?post=750849"},{"taxonomy":"product_tag","embeddable":true,"href":"https:\/\/roveyayinevi.com.tr\/index.php\/wp-json\/wp\/v2\/product_tag?post=750849"}],"curies":[{"name":"wp","href":"https:\/\/api.w.org\/{rel}","templated":true}]}}