{"id":750848,"date":"2025-08-28T04:32:14","date_gmt":"2025-08-28T01:32:14","guid":{"rendered":"https:\/\/roveyayinevi.com.tr\/index.php\/urun\/peygamberimizin-cocuk-dostlari-seti-5-kitap\/"},"modified":"2026-04-16T03:04:02","modified_gmt":"2026-04-16T00:04:02","slug":"peygamberimizin-cocuk-dostlari-seti-5-kitap","status":"publish","type":"product","link":"https:\/\/roveyayinevi.com.tr\/index.php\/urun\/peygamberimizin-cocuk-dostlari-seti-5-kitap\/","title":{"rendered":"Peygamberimizin \u00c7ocuk Dostlar\u0131 Seti (5 Kitap)"},"content":{"rendered":"<p>1- \u00dcs\u00e2me b. Zeyd (ra) \/ Gen\u00e7 Komutan2- Enes b. M\u00e2lik (ra) \/ K\u00fc\u00e7\u00fck Hizmetk\u00e2r3- Abdullah b. Abb\u00e2s (ra) \/ Tefsir \u0130lminin Sultan\u01314- Zeyd b. S\u00e2bit (ra) \/ Vahiy K\u00e2tibi5- Abdullah b. \u00d6mer (ra) \/ \u00dcmmetin \u00c2limi <\/p>\n","protected":false},"excerpt":{"rendered":"<p>1- \u00dcs\u00e2me b. Zeyd (ra) \/ Gen\u00e7 Komutan2- Enes b. M\u00e2lik (ra) \/ K\u00fc\u00e7\u00fck Hizmetk\u00e2r3- Abdullah b. Abb\u00e2s (ra) \/ Tefsir \u0130lminin Sultan\u01314- Zeyd b. S\u00e2bit<span class=\"excerpt-hellip\"> [\u2026]<\/span><\/p>\n","protected":false},"featured_media":0,"template":"","meta":{"_monsterinsights_skip_tracking":false,"_monsterinsights_sitenote_active":false,"_monsterinsights_sitenote_note":"","_monsterinsights_sitenote_category":0},"product_brand":[],"product_cat":[12274,18802],"product_tag":[],"class_list":{"0":"post-750848","1":"product","2":"type-product","3":"status-publish","5":"product_cat-cocuk-ve-genclik-kitaplari","6":"product_cat-din-egitimi","7":"pa_cilt-ciltsiz","8":"pa_tur-kitap","9":"pa_yayinevi-ugurbocegi-yayinlari","10":"pa_yazar-hilal-celikkol-kara","12":"first","13":"instock","14":"sale","15":"shipping-taxable","16":"purchasable","17":"product-type-simple"},"_links":{"self":[{"href":"https:\/\/roveyayinevi.com.tr\/index.php\/wp-json\/wp\/v2\/product\/750848","targetHints":{"allow":["GET"]}}],"collection":[{"href":"https:\/\/roveyayinevi.com.tr\/index.php\/wp-json\/wp\/v2\/product"}],"about":[{"href":"https:\/\/roveyayinevi.com.tr\/index.php\/wp-json\/wp\/v2\/types\/product"}],"wp:attachment":[{"href":"https:\/\/roveyayinevi.com.tr\/index.php\/wp-json\/wp\/v2\/media?parent=750848"}],"wp:term":[{"taxonomy":"product_brand","embeddable":true,"href":"https:\/\/roveyayinevi.com.tr\/index.php\/wp-json\/wp\/v2\/product_brand?post=750848"},{"taxonomy":"product_cat","embeddable":true,"href":"https:\/\/roveyayinevi.com.tr\/index.php\/wp-json\/wp\/v2\/product_cat?post=750848"},{"taxonomy":"product_tag","embeddable":true,"href":"https:\/\/roveyayinevi.com.tr\/index.php\/wp-json\/wp\/v2\/product_tag?post=750848"}],"curies":[{"name":"wp","href":"https:\/\/api.w.org\/{rel}","templated":true}]}}