{"id":750847,"date":"2025-08-28T04:32:12","date_gmt":"2025-08-28T01:32:12","guid":{"rendered":"https:\/\/roveyayinevi.com.tr\/index.php\/urun\/abdullah-b-omer-ummetin-alimi\/"},"modified":"2026-04-16T03:04:02","modified_gmt":"2026-04-16T00:04:02","slug":"abdullah-b-omer-ummetin-alimi","status":"publish","type":"product","link":"https:\/\/roveyayinevi.com.tr\/index.php\/urun\/abdullah-b-omer-ummetin-alimi\/","title":{"rendered":"Abdullah B. \u00d6mer \/ \u00dcmmetin Alimi"},"content":{"rendered":"<p>Abdullah b. \u00d6mer, Hz. \u00d6mer\u2019in o\u011fluydu. En \u00e7ok hadis rivayet eden sahabilerin ikincisi, en \u00e7ok fetva veren yedi sahabiden biriydi. Hz. Peygamber\u2019in hayat tarz\u0131na uyma ve onun emirlerini aynen yerine getirme konusunda bir benzeri daha yoktu. Peygamber sevgisinden dolay\u0131 namaz k\u0131ld\u0131\u011f\u0131 yerleri \u00f6\u011frenip oralarda namaz k\u0131lar, y\u00fcr\u00fcd\u00fc\u011f\u00fc yollarda y\u00fcr\u00fcr, g\u00f6lgelendi\u011fi a\u011fa\u00e7lar\u0131n alt\u0131nda otururdu. \u00c7ok c\u00f6mertti. \u0130kram etmeyi severdi. Sahip olduklar\u0131 i\u00e7inde en \u00e7ok be\u011fendiklerini Allah i\u00e7in da\u011f\u0131t\u0131rd\u0131. \u201cAllah\u2019\u0131m! Beni Peygamberin s\u00fcnneti \u00fczere ya\u015fat, onun milleti \u00fczere can\u0131m\u0131 al ve beni fitnelerin sap\u0131kl\u0131klar\u0131ndan koru!\u201d duas\u0131 \u00fczere ya\u015fad\u0131. Vefat\u0131, insanlar i\u00e7in b\u00fcy\u00fck bir kay\u0131p olarak de\u011ferlendirildi. <\/p>\n","protected":false},"excerpt":{"rendered":"<p>Abdullah b. \u00d6mer, Hz. \u00d6mer\u2019in o\u011fluydu. En \u00e7ok hadis rivayet eden sahabilerin ikincisi, en \u00e7ok fetva veren yedi sahabiden biriydi. Hz. Peygamber\u2019in hayat tarz\u0131na uyma ve<span class=\"excerpt-hellip\"> [\u2026]<\/span><\/p>\n","protected":false},"featured_media":0,"template":"","meta":{"_monsterinsights_skip_tracking":false,"_monsterinsights_sitenote_active":false,"_monsterinsights_sitenote_note":"","_monsterinsights_sitenote_category":0},"product_brand":[],"product_cat":[12274,18802],"product_tag":[],"class_list":{"0":"post-750847","1":"product","2":"type-product","3":"status-publish","5":"product_cat-cocuk-ve-genclik-kitaplari","6":"product_cat-din-egitimi","7":"pa_cilt-ciltsiz","8":"pa_tur-kitap","9":"pa_yayinevi-ugurbocegi-yayinlari","10":"pa_yazar-hilal-celikkol-kara","12":"first","13":"instock","14":"sale","15":"shipping-taxable","16":"purchasable","17":"product-type-simple"},"_links":{"self":[{"href":"https:\/\/roveyayinevi.com.tr\/index.php\/wp-json\/wp\/v2\/product\/750847","targetHints":{"allow":["GET"]}}],"collection":[{"href":"https:\/\/roveyayinevi.com.tr\/index.php\/wp-json\/wp\/v2\/product"}],"about":[{"href":"https:\/\/roveyayinevi.com.tr\/index.php\/wp-json\/wp\/v2\/types\/product"}],"wp:attachment":[{"href":"https:\/\/roveyayinevi.com.tr\/index.php\/wp-json\/wp\/v2\/media?parent=750847"}],"wp:term":[{"taxonomy":"product_brand","embeddable":true,"href":"https:\/\/roveyayinevi.com.tr\/index.php\/wp-json\/wp\/v2\/product_brand?post=750847"},{"taxonomy":"product_cat","embeddable":true,"href":"https:\/\/roveyayinevi.com.tr\/index.php\/wp-json\/wp\/v2\/product_cat?post=750847"},{"taxonomy":"product_tag","embeddable":true,"href":"https:\/\/roveyayinevi.com.tr\/index.php\/wp-json\/wp\/v2\/product_tag?post=750847"}],"curies":[{"name":"wp","href":"https:\/\/api.w.org\/{rel}","templated":true}]}}