{"id":750845,"date":"2025-08-28T04:32:10","date_gmt":"2025-08-28T01:32:10","guid":{"rendered":"https:\/\/roveyayinevi.com.tr\/index.php\/urun\/abdullah-b-abbas-tefsir-ilminin-sultani\/"},"modified":"2026-04-16T03:04:02","modified_gmt":"2026-04-16T00:04:02","slug":"abdullah-b-abbas-tefsir-ilminin-sultani","status":"publish","type":"product","link":"https:\/\/roveyayinevi.com.tr\/index.php\/urun\/abdullah-b-abbas-tefsir-ilminin-sultani\/","title":{"rendered":"Abdullah B. Abbas \/ Tefsir \u0130lminin Sultan\u0131"},"content":{"rendered":"<p>Abdullah b. Abb\u00e2s hicretten \u00fc\u00e7 y\u0131l \u00f6nce M\u00fcsl\u00fcmanlar, Kurey\u015f\u2019in ablukas\u0131 alt\u0131ndayken Mekke\u2019de do\u011fdu. Mekke\u2019nin fethi s\u0131ras\u0131nda ailesiyle Medine\u2019ye hicret etti. \u0130lim \u00f6\u011frenmek gayesiyle Hz. Peygamber\u2019in yan\u0131ndan hi\u00e7 ayr\u0131lmad\u0131. Baz\u0131 geceler yan\u0131nda kal\u0131r, hareketlerini ve ibadetlerini takip ederdi. Hz. Peygamber\u2019in \u201cAllah\u2019\u0131m! Ona Kur\u2019\u00e2n\u2019\u0131 \u00f6\u011fret ve dinde fakih k\u0131l!\u201d duas\u0131na mazhar oldu. Bu duan\u0131n bereketiyle ilimde y\u00fcksek derecelere ula\u015ft\u0131. Kendisine \u201cTerc\u00fcm\u00e2n\u00fc\u2019l-Kur\u2019\u00e2n\u201d unvan\u0131 verildi. Kur\u2019\u00e2n-\u0131 Kerim\u2019i en iyi bilen, anlayan ve anlatan b\u00fcy\u00fck bir \u00e2lim olarak tarihe ge\u00e7ti. <\/p>\n","protected":false},"excerpt":{"rendered":"<p>Abdullah b. Abb\u00e2s hicretten \u00fc\u00e7 y\u0131l \u00f6nce M\u00fcsl\u00fcmanlar, Kurey\u015f\u2019in ablukas\u0131 alt\u0131ndayken Mekke\u2019de do\u011fdu. Mekke\u2019nin fethi s\u0131ras\u0131nda ailesiyle Medine\u2019ye hicret etti. \u0130lim \u00f6\u011frenmek gayesiyle Hz. Peygamber\u2019in yan\u0131ndan<span class=\"excerpt-hellip\"> [\u2026]<\/span><\/p>\n","protected":false},"featured_media":0,"template":"","meta":{"_monsterinsights_skip_tracking":false,"_monsterinsights_sitenote_active":false,"_monsterinsights_sitenote_note":"","_monsterinsights_sitenote_category":0},"product_brand":[],"product_cat":[12274,18802],"product_tag":[],"class_list":{"0":"post-750845","1":"product","2":"type-product","3":"status-publish","5":"product_cat-cocuk-ve-genclik-kitaplari","6":"product_cat-din-egitimi","7":"pa_cilt-ciltsiz","8":"pa_tur-kitap","9":"pa_yayinevi-ugurbocegi-yayinlari","10":"pa_yazar-hilal-celikkol-kara","12":"first","13":"instock","14":"sale","15":"shipping-taxable","16":"purchasable","17":"product-type-simple"},"_links":{"self":[{"href":"https:\/\/roveyayinevi.com.tr\/index.php\/wp-json\/wp\/v2\/product\/750845","targetHints":{"allow":["GET"]}}],"collection":[{"href":"https:\/\/roveyayinevi.com.tr\/index.php\/wp-json\/wp\/v2\/product"}],"about":[{"href":"https:\/\/roveyayinevi.com.tr\/index.php\/wp-json\/wp\/v2\/types\/product"}],"wp:attachment":[{"href":"https:\/\/roveyayinevi.com.tr\/index.php\/wp-json\/wp\/v2\/media?parent=750845"}],"wp:term":[{"taxonomy":"product_brand","embeddable":true,"href":"https:\/\/roveyayinevi.com.tr\/index.php\/wp-json\/wp\/v2\/product_brand?post=750845"},{"taxonomy":"product_cat","embeddable":true,"href":"https:\/\/roveyayinevi.com.tr\/index.php\/wp-json\/wp\/v2\/product_cat?post=750845"},{"taxonomy":"product_tag","embeddable":true,"href":"https:\/\/roveyayinevi.com.tr\/index.php\/wp-json\/wp\/v2\/product_tag?post=750845"}],"curies":[{"name":"wp","href":"https:\/\/api.w.org\/{rel}","templated":true}]}}