{"id":750844,"date":"2025-08-28T04:32:08","date_gmt":"2025-08-28T01:32:08","guid":{"rendered":"https:\/\/roveyayinevi.com.tr\/index.php\/urun\/enes-b-malik-kucuk-hizmetkar\/"},"modified":"2026-04-16T03:04:02","modified_gmt":"2026-04-16T00:04:02","slug":"enes-b-malik-kucuk-hizmetkar","status":"publish","type":"product","link":"https:\/\/roveyayinevi.com.tr\/index.php\/urun\/enes-b-malik-kucuk-hizmetkar\/","title":{"rendered":"Enes B. Malik \/ K\u00fc\u00e7\u00fck Hizmetkar"},"content":{"rendered":"<p>Enes b. M\u00e2lik, Peygamber Efendimize on y\u0131l hizmet etmesi sebebiyle \u201cH\u00e2dim\u00fc\u2019n-Neb\u00ee\u201d olarak tan\u0131nd\u0131. Ak\u015fama kadar Peygamberin yan\u0131nda bulunur, ak\u015fam olunca da K\u00fbba\u2019daki evine giderdi. Hz. Peygamber ise ona \u201cO\u011fulcu\u011fum!\u201d diye hitap ederek sevgisini g\u00f6sterirdi. Peygamberin s\u0131rda\u015f\u0131, \u00f6zel olarak dua etti\u011fi sahabilerden biriydi. Hz. Peygamber gibi ya\u015far, onun gibi namaz k\u0131lard\u0131. En \u00e7ok hadis bilen yedi sahabinin \u00fc\u00e7\u00fcnc\u00fcs\u00fc olmakla \u015fereflendi. Hz. Peygamber\u2019den g\u00f6rd\u00fckleri ve duyduklar\u0131n\u0131, gen\u00e7lerle nas\u0131l muhatap olunaca\u011f\u0131n\u0131n en g\u00fczel \u00f6rneklerini insanl\u0131\u011fa g\u00f6sterdi. <\/p>\n","protected":false},"excerpt":{"rendered":"<p>Enes b. M\u00e2lik, Peygamber Efendimize on y\u0131l hizmet etmesi sebebiyle \u201cH\u00e2dim\u00fc\u2019n-Neb\u00ee\u201d olarak tan\u0131nd\u0131. Ak\u015fama kadar Peygamberin yan\u0131nda bulunur, ak\u015fam olunca da K\u00fbba\u2019daki evine giderdi. Hz. Peygamber<span class=\"excerpt-hellip\"> [\u2026]<\/span><\/p>\n","protected":false},"featured_media":0,"template":"","meta":{"_monsterinsights_skip_tracking":false,"_monsterinsights_sitenote_active":false,"_monsterinsights_sitenote_note":"","_monsterinsights_sitenote_category":0},"product_brand":[],"product_cat":[12274,18802],"product_tag":[],"class_list":{"0":"post-750844","1":"product","2":"type-product","3":"status-publish","5":"product_cat-cocuk-ve-genclik-kitaplari","6":"product_cat-din-egitimi","7":"pa_cilt-ciltsiz","8":"pa_tur-kitap","9":"pa_yayinevi-ugurbocegi-yayinlari","10":"pa_yazar-hilal-celikkol-kara","12":"first","13":"instock","14":"sale","15":"shipping-taxable","16":"purchasable","17":"product-type-simple"},"_links":{"self":[{"href":"https:\/\/roveyayinevi.com.tr\/index.php\/wp-json\/wp\/v2\/product\/750844","targetHints":{"allow":["GET"]}}],"collection":[{"href":"https:\/\/roveyayinevi.com.tr\/index.php\/wp-json\/wp\/v2\/product"}],"about":[{"href":"https:\/\/roveyayinevi.com.tr\/index.php\/wp-json\/wp\/v2\/types\/product"}],"wp:attachment":[{"href":"https:\/\/roveyayinevi.com.tr\/index.php\/wp-json\/wp\/v2\/media?parent=750844"}],"wp:term":[{"taxonomy":"product_brand","embeddable":true,"href":"https:\/\/roveyayinevi.com.tr\/index.php\/wp-json\/wp\/v2\/product_brand?post=750844"},{"taxonomy":"product_cat","embeddable":true,"href":"https:\/\/roveyayinevi.com.tr\/index.php\/wp-json\/wp\/v2\/product_cat?post=750844"},{"taxonomy":"product_tag","embeddable":true,"href":"https:\/\/roveyayinevi.com.tr\/index.php\/wp-json\/wp\/v2\/product_tag?post=750844"}],"curies":[{"name":"wp","href":"https:\/\/api.w.org\/{rel}","templated":true}]}}