{"id":750841,"date":"2025-08-28T04:32:04","date_gmt":"2025-08-28T01:32:04","guid":{"rendered":"https:\/\/roveyayinevi.com.tr\/index.php\/urun\/ipi-kopuk-kuklalar\/"},"modified":"2026-04-16T03:04:01","modified_gmt":"2026-04-16T00:04:01","slug":"ipi-kopuk-kuklalar","status":"publish","type":"product","link":"https:\/\/roveyayinevi.com.tr\/index.php\/urun\/ipi-kopuk-kuklalar\/","title":{"rendered":"\u0130pi Kopuk Kuklalar"},"content":{"rendered":"<p>\u201cBug\u00fcn \u00e7\u0131kt\u0131m perdesi hi\u00e7 kapanmayacak bir sahneye. \u00dczerime bir rol y\u00fcklendi ancak bu rol\u00fc ben \u00fcstlenmedim, Hayalbaz kurdu oyunu, Ben de kukla de\u011fil miyim, bozsun diye bekliyorum, \u0130zleyenim yok, alk\u0131\u015f tutan\u0131m hi\u00e7 olmad\u0131.   San\u0131r\u0131m \u00f6zg\u00fcrl\u00fck nihayetinde b\u00f6yle \u00f6lecek. Ve mezar\u0131na gidecek y\u00fcz bulamayacak insanl\u0131k.\u201d   Hayalbaz ad\u0131 verilen yarat\u0131klar Omm \u00fclkesinin y\u00f6netimini ele ge\u00e7irdi\u011finde, gen\u00e7ler i\u00e7in hayat bir sahneye d\u00f6n\u00fc\u015f\u00fcr. Yeni bir kitap okumalar\u0131, yeni bir \u015fark\u0131 yazmalar\u0131, geli\u015fime dair atacaklar\u0131 her ad\u0131m yasakt\u0131r. Ula\u015facaklar\u0131 potansiyelden uzakla\u015ft\u0131r\u0131lan bu gen\u00e7ler hi\u00e7 bu kadar kendilerine yabanc\u0131la\u015fmam\u0131\u015flard\u0131r. Nihayetinde o sahnede, hi\u00e7bir zaman bitmeyecek bir g\u00f6steriyi, hi\u00e7bir zaman alk\u0131\u015flamayacak olan halklara sergilerler.   Ve gen\u00e7ler yasaklan\u0131rlar.   Kuklalar ad\u0131 verilen bir toplulu\u011fun ba\u015fkan\u0131 olan Amber Edin, yasakland\u0131\u011f\u0131 zaman h\u00fck\u00fcmetin onlar\u0131 mahk\u00fbm etti\u011fi bir hapishaneye g\u00f6t\u00fcr\u00fclece\u011fini san\u0131r. Ancak yola \u00e7\u0131karken varaca\u011f\u0131n\u0131 d\u00fc\u015f\u00fcnd\u00fc\u011f\u00fc o hapishane, asl\u0131nda \u00e7ok daha farkl\u0131d\u0131r.   \u201cBu \u00fclke ruhu \u00e7al\u0131nm\u0131\u015f bir \u00e7ocuk mezar\u0131d\u0131r. Ve bu \u00fclkede her \u00e7ocuk ailelerinin ebeveyni olmak zorunda kal\u0131r.   Sevgili Amber Edin,   Sen onlardan birisin.\u201d<\/p>\n","protected":false},"excerpt":{"rendered":"<p>\u201cBug\u00fcn \u00e7\u0131kt\u0131m perdesi hi\u00e7 kapanmayacak bir sahneye. \u00dczerime bir rol y\u00fcklendi ancak bu rol\u00fc ben \u00fcstlenmedim, Hayalbaz kurdu oyunu, Ben de kukla de\u011fil miyim, bozsun diye<span class=\"excerpt-hellip\"> [\u2026]<\/span><\/p>\n","protected":false},"featured_media":0,"template":"","meta":{"_monsterinsights_skip_tracking":false,"_monsterinsights_sitenote_active":false,"_monsterinsights_sitenote_note":"","_monsterinsights_sitenote_category":0},"product_brand":[],"product_cat":[12291,50487],"product_tag":[],"class_list":{"0":"post-750841","1":"product","2":"type-product","3":"status-publish","5":"product_cat-edebiyat","6":"product_cat-kurgu","7":"pa_cilt-ciltsiz","8":"pa_tur-kitap","9":"pa_yayinevi-marti-yayinlari","10":"pa_yazar-almina-taner","12":"first","13":"instock","14":"sale","15":"shipping-taxable","16":"purchasable","17":"product-type-simple"},"_links":{"self":[{"href":"https:\/\/roveyayinevi.com.tr\/index.php\/wp-json\/wp\/v2\/product\/750841","targetHints":{"allow":["GET"]}}],"collection":[{"href":"https:\/\/roveyayinevi.com.tr\/index.php\/wp-json\/wp\/v2\/product"}],"about":[{"href":"https:\/\/roveyayinevi.com.tr\/index.php\/wp-json\/wp\/v2\/types\/product"}],"wp:attachment":[{"href":"https:\/\/roveyayinevi.com.tr\/index.php\/wp-json\/wp\/v2\/media?parent=750841"}],"wp:term":[{"taxonomy":"product_brand","embeddable":true,"href":"https:\/\/roveyayinevi.com.tr\/index.php\/wp-json\/wp\/v2\/product_brand?post=750841"},{"taxonomy":"product_cat","embeddable":true,"href":"https:\/\/roveyayinevi.com.tr\/index.php\/wp-json\/wp\/v2\/product_cat?post=750841"},{"taxonomy":"product_tag","embeddable":true,"href":"https:\/\/roveyayinevi.com.tr\/index.php\/wp-json\/wp\/v2\/product_tag?post=750841"}],"curies":[{"name":"wp","href":"https:\/\/api.w.org\/{rel}","templated":true}]}}