{"id":750837,"date":"2025-08-28T04:31:59","date_gmt":"2025-08-28T01:31:59","guid":{"rendered":"https:\/\/roveyayinevi.com.tr\/index.php\/urun\/kuranda-ahidlesme\/"},"modified":"2026-04-16T03:04:01","modified_gmt":"2026-04-16T00:04:01","slug":"kuranda-ahidlesme","status":"publish","type":"product","link":"https:\/\/roveyayinevi.com.tr\/index.php\/urun\/kuranda-ahidlesme\/","title":{"rendered":"Kur\u2019an\u2019da Ahidle\u015fme"},"content":{"rendered":"<p>Ahidle\u015fme, Allah-insan; insan-insan ili\u015fkisini temellendiren bir g\u00fcven s\u00f6zle\u015fmesidir. Haklardan ve sorumluluklardan m\u00fcte\u015fekkil bu s\u00f6zle\u015fmede aslolan ahde ba\u011fl\u0131 kalmakt\u0131r. Allah\u2019\u0131n kullar\u0131 i\u00e7erisinde ahidlerine en \u00e7ok sad\u00e2kat g\u00f6sterenler; Peygamberler, sahabeler ve onlar\u0131n izlerinde y\u00fcr\u00fcyenlerdir.   M\u00fc\u2019minlerin niteliklerinden biri say\u0131lan \u201cahde vefa\u201d ayn\u0131 zamanda takval\u0131 olman\u0131n da bir \u00f6l\u00e7\u00fct\u00fc say\u0131lm\u0131\u015f, ahidlerine vefa g\u00f6sterenler Kur\u2019\u00e2n\u2019da birr sahibi, s\u00e2d\u0131k, muttaki olarak tavsif edilip \u00f6v\u00fclm\u00fc\u015f ve \u00e2k\u0131betlerinin cennet oldu\u011fu vurgulanm\u0131\u015ft\u0131r. Di\u011fer taraftan ahdini bozanlar ise \u201cf\u00e2s\u0131k\u201d olarak nitelenip k\u0131nanm\u0131\u015f ve \u00e2k\u0131betlerinin cehennem oldu\u011fu haber verilmi\u015ftir. \u0130\u015fte ahidle\u015fmenin bu \u00f6nemine binaen \u00e7al\u0131\u015fmam\u0131zda \u201cKur\u2019\u00e2n\u2019da Ahidle\u015fme\u201d olgusunu Kur\u2019\u00e2n \u00e2yetleri perspektifinde ele ald\u0131k.<\/p>\n","protected":false},"excerpt":{"rendered":"<p>Ahidle\u015fme, Allah-insan; insan-insan ili\u015fkisini temellendiren bir g\u00fcven s\u00f6zle\u015fmesidir. Haklardan ve sorumluluklardan m\u00fcte\u015fekkil bu s\u00f6zle\u015fmede aslolan ahde ba\u011fl\u0131 kalmakt\u0131r. Allah\u2019\u0131n kullar\u0131 i\u00e7erisinde ahidlerine en \u00e7ok sad\u00e2kat g\u00f6sterenler;<span class=\"excerpt-hellip\"> [\u2026]<\/span><\/p>\n","protected":false},"featured_media":0,"template":"","meta":{"_monsterinsights_skip_tracking":false,"_monsterinsights_sitenote_active":false,"_monsterinsights_sitenote_note":"","_monsterinsights_sitenote_category":0},"product_brand":[],"product_cat":[12718,12719],"product_tag":[],"class_list":{"0":"post-750837","1":"product","2":"type-product","3":"status-publish","5":"product_cat-din","6":"product_cat-islam","7":"pa_cilt-ciltsiz","8":"pa_tur-kitap","9":"pa_yayinevi-platanus-publishing","10":"pa_yazar-mehmet-fatih-korkmaz","12":"first","13":"instock","14":"sale","15":"shipping-taxable","16":"purchasable","17":"product-type-simple"},"_links":{"self":[{"href":"https:\/\/roveyayinevi.com.tr\/index.php\/wp-json\/wp\/v2\/product\/750837","targetHints":{"allow":["GET"]}}],"collection":[{"href":"https:\/\/roveyayinevi.com.tr\/index.php\/wp-json\/wp\/v2\/product"}],"about":[{"href":"https:\/\/roveyayinevi.com.tr\/index.php\/wp-json\/wp\/v2\/types\/product"}],"wp:attachment":[{"href":"https:\/\/roveyayinevi.com.tr\/index.php\/wp-json\/wp\/v2\/media?parent=750837"}],"wp:term":[{"taxonomy":"product_brand","embeddable":true,"href":"https:\/\/roveyayinevi.com.tr\/index.php\/wp-json\/wp\/v2\/product_brand?post=750837"},{"taxonomy":"product_cat","embeddable":true,"href":"https:\/\/roveyayinevi.com.tr\/index.php\/wp-json\/wp\/v2\/product_cat?post=750837"},{"taxonomy":"product_tag","embeddable":true,"href":"https:\/\/roveyayinevi.com.tr\/index.php\/wp-json\/wp\/v2\/product_tag?post=750837"}],"curies":[{"name":"wp","href":"https:\/\/api.w.org\/{rel}","templated":true}]}}