{"id":750836,"date":"2025-08-28T04:31:58","date_gmt":"2025-08-28T01:31:58","guid":{"rendered":"https:\/\/roveyayinevi.com.tr\/index.php\/urun\/turkiyede-kent-ve-cevre-yonetimi\/"},"modified":"2026-04-16T03:04:01","modified_gmt":"2026-04-16T00:04:01","slug":"turkiyede-kent-ve-cevre-yonetimi","status":"publish","type":"product","link":"https:\/\/roveyayinevi.com.tr\/index.php\/urun\/turkiyede-kent-ve-cevre-yonetimi\/","title":{"rendered":"T\u00fcrkiye\u2019de Kent ve \u00c7evre Y\u00f6netimi"},"content":{"rendered":"<p>\u0130nsanl\u0131k ve do\u011fa son y\u0131llarda pek \u00e7ok sorunla kar\u015f\u0131la\u015fmaktad\u0131r. Bu sorunlar\u0131n ortaya \u00e7\u0131k\u0131\u015f\u0131nda kent ve \u00e7evre y\u00f6netiminde ya\u015fanan aksakl\u0131klar\u0131n da dikkat \u00e7eken etkileri bulunmaktad\u0131r.  Afetler, orman yang\u0131nlar\u0131, pandemi, g\u0131da g\u00fcvensizli\u011fi, k\u00fcresel ve yerel tedarik zincirlerindeki kopmalar, iklim de\u011fi\u015fikli\u011fi, k\u00fcresel \u0131s\u0131nma, at\u0131klar, a\u015f\u0131r\u0131 hava olaylar\u0131, n\u00fckleer riskler, kirlilik, artan enerji ihtiyac\u0131, \u00e7arp\u0131k kentle\u015fme gibi sorunlar irdelendi\u011finde, bu ger\u00e7eklik daha da g\u00f6r\u00fcn\u00fcr hale gelmektedir. Bu kitap, s\u00f6z konusu etkileri T\u00fcrkiye \u00f6zelinde ele alarak literat\u00fcre bu ba\u011flamda katk\u0131 sunmay\u0131 ama\u00e7lamaktad\u0131r. T\u00fcrkiye\u2019de Kent ve \u00c7evre Y\u00f6netimi kitab\u0131, bu alanlarda \u00e7al\u0131\u015fan akademisyenler, ara\u015ft\u0131rmac\u0131lar ve \u00f6\u011frenciler i\u00e7in oldu\u011fu kadar, insanl\u0131\u011f\u0131n ve do\u011fan\u0131n kar\u015f\u0131 kar\u015f\u0131ya oldu\u011fu sorunlar ve bu sorunlara kar\u015f\u0131 geli\u015ftirilebilecek \u00e7\u00f6z\u00fcm yollar\u0131yla ilgilenen t\u00fcm okurlar i\u00e7in de kapsaml\u0131 ve b\u00fct\u00fcnc\u00fcl bir ba\u015fucu kayna\u011f\u0131d\u0131r.<\/p>\n","protected":false},"excerpt":{"rendered":"<p>\u0130nsanl\u0131k ve do\u011fa son y\u0131llarda pek \u00e7ok sorunla kar\u015f\u0131la\u015fmaktad\u0131r. Bu sorunlar\u0131n ortaya \u00e7\u0131k\u0131\u015f\u0131nda kent ve \u00e7evre y\u00f6netiminde ya\u015fanan aksakl\u0131klar\u0131n da dikkat \u00e7eken etkileri bulunmaktad\u0131r. Afetler, orman<span class=\"excerpt-hellip\"> [\u2026]<\/span><\/p>\n","protected":false},"featured_media":0,"template":"","meta":{"_monsterinsights_skip_tracking":false,"_monsterinsights_sitenote_active":false,"_monsterinsights_sitenote_note":"","_monsterinsights_sitenote_category":0},"product_brand":[],"product_cat":[12324],"product_tag":[],"class_list":{"0":"post-750836","1":"product","2":"type-product","3":"status-publish","5":"product_cat-sosyoloji","6":"pa_cilt-ciltsiz","7":"pa_tur-kitap","8":"pa_yayinevi-nika-yayinevi","9":"pa_yazar-kolektif","11":"first","12":"instock","13":"sale","14":"shipping-taxable","15":"purchasable","16":"product-type-simple"},"_links":{"self":[{"href":"https:\/\/roveyayinevi.com.tr\/index.php\/wp-json\/wp\/v2\/product\/750836","targetHints":{"allow":["GET"]}}],"collection":[{"href":"https:\/\/roveyayinevi.com.tr\/index.php\/wp-json\/wp\/v2\/product"}],"about":[{"href":"https:\/\/roveyayinevi.com.tr\/index.php\/wp-json\/wp\/v2\/types\/product"}],"wp:attachment":[{"href":"https:\/\/roveyayinevi.com.tr\/index.php\/wp-json\/wp\/v2\/media?parent=750836"}],"wp:term":[{"taxonomy":"product_brand","embeddable":true,"href":"https:\/\/roveyayinevi.com.tr\/index.php\/wp-json\/wp\/v2\/product_brand?post=750836"},{"taxonomy":"product_cat","embeddable":true,"href":"https:\/\/roveyayinevi.com.tr\/index.php\/wp-json\/wp\/v2\/product_cat?post=750836"},{"taxonomy":"product_tag","embeddable":true,"href":"https:\/\/roveyayinevi.com.tr\/index.php\/wp-json\/wp\/v2\/product_tag?post=750836"}],"curies":[{"name":"wp","href":"https:\/\/api.w.org\/{rel}","templated":true}]}}