{"id":750834,"date":"2025-08-28T04:31:55","date_gmt":"2025-08-28T01:31:55","guid":{"rendered":"https:\/\/roveyayinevi.com.tr\/index.php\/urun\/saymadan-duramam\/"},"modified":"2026-04-16T03:04:01","modified_gmt":"2026-04-16T00:04:01","slug":"saymadan-duramam","status":"publish","type":"product","link":"https:\/\/roveyayinevi.com.tr\/index.php\/urun\/saymadan-duramam\/","title":{"rendered":"Saymadan Duramam"},"content":{"rendered":"<p>Matemati\u011fin g\u00fcnl\u00fck hayat\u0131m\u0131zdaki yerine ve \u00f6nemine vurgu yapt\u0131\u011f\u0131 \u00e7al\u0131\u015fmalar\u0131ndan tan\u0131d\u0131\u011f\u0131m\u0131z S\u00fcmeyra G\u00fczel&#8217;in kaleme ald\u0131\u011f\u0131 Saymadan Duramam, ilkokul 1. ve 2. s\u0131n\u0131f matematik m\u00fcfredat\u0131ndaki kazan\u0131mlar\u0131 temel alan k\u0131sa \u00f6yk\u00fclerden olu\u015fuyor.Etkile\u015fimli oyunlar e\u015fli\u011finde \u00e7ocuklar\u0131 say\u0131lar\u0131n d\u00fcnyas\u0131na yakla\u015ft\u0131ran yazar, matematik dersine kar\u015f\u0131 refleks olarak geli\u015ftirilebilecek endi\u015fe ve \u00f6nyarg\u0131lar\u0131n da \u00f6n\u00fcne ge\u00e7meyi hedefliyor.G\u00f6k\u00e7e Yava\u015f \u00d6nal&#8217;\u0131n karikat\u00fcr tad\u0131ndaki desenleriyle b\u00fct\u00fcnlenen bu renkli ba\u015fvuru kitab\u0131, matematik delisi bir kedi ile ona kucak a\u00e7an k\u00fc\u00e7\u00fck bir k\u0131z\u0131n say\u0131larla g\u00fc\u00e7lenen dostluk hik\u00e2yesini konu ediniyor. Kediler g\u00fcn boyu yerlerde yuvarlan\u0131r, \u00fcst\u00fcne bir de miskin miskin uyur diye d\u00fc\u015f\u00fcn\u00fcyorsan; bir ad\u0131m geri \u00e7ekil!Ece, belki de d\u00fcnyan\u0131n en \u015fansl\u0131 \u00e7ocu\u011fu. Neden mi? \u00c7\u00fcnk\u00fc d\u00fcnyan\u0131n en ak\u0131ll\u0131 kedisine sahip de ondan! Tar\u00e7\u0131n, bir kediden \u00e7ok daha fazlas\u0131: Saymadan, say\u0131larla u\u011fra\u015fmadan duramayan bir pisi o. \u00d6yle ki; g\u00fcnl\u00fck hayat\u0131 matematikle anlamaya ve anlamland\u0131rmaya \u00e7al\u0131\u015fmas\u0131 bo\u015funa de\u011fil.Miyav! Kavanozda ka\u00e7 boncuk var? M\u0131\u0131rr! Her g\u00fcn 3 mama art\u0131rsam 6 g\u00fcnde ka\u00e7 tane birikir? Say\u0131lar sonsuz, problemler zorlu&#8230;Tar\u00e7\u0131n, Ece&#8217;nin sadece can dostu de\u011fil, ayn\u0131 zamanda matematik \u00f6devlerinin de biricik yard\u0131mc\u0131s\u0131.Onun \u00e7\u00f6zemedi\u011fi sorular\u0131 \u015f\u0131p diye \u00e7\u00f6zmesi, ilgin\u00e7 fikir ve \u00f6nerileriyle hayranl\u0131k uyand\u0131rmas\u0131 da cabas\u0131. Ve \u015fimdi, m\u00fcthi\u015f ikilimiz yeni arkada\u015fl\u0131klar kurmak i\u00e7in sab\u0131rs\u0131zlan\u0131yor.Gel, sen de onlar\u0131n tak\u0131m\u0131na kat\u0131l, say\u0131lar\u0131n d\u00fcnyas\u0131nda s\u00fcrprizlerle dolu maceralarda kaybol!Bizden s\u00f6ylemesi, Tar\u00e7\u0131n&#8217;\u0131n rehberli\u011finde \u00e7\u00f6zece\u011fin her soruda \u015fa\u015f\u0131racak, ke\u015fke benim de onun gibi bir yol g\u00f6stericim olsa diyeceksin. O h\u00e2lde oyun ba\u015flas\u0131n! Tar\u00e7\u0131n, hadi gel zar atal\u0131m ya da araba yar\u0131\u015f\u0131 oynayal\u0131m; e\u011fer olmaz dersen ge\u00e7en bayram toplad\u0131\u011f\u0131n har\u00e7l\u0131klar\u0131 sayal\u0131m. Sen ne sand\u0131n, \u00e7ocuklar\u0131n olur da kedilerin bayram har\u00e7l\u0131\u011f\u0131 olmaz m\u0131 hi\u00e7?!Kareli defterlere s\u0131\u011fmay\u0131p hayata kar\u0131\u015fan say\u0131lar\u0131 e\u011flenceli \u00f6yk\u00fclerde bulu\u015fturan Saymadan Duramam&#8217;\u0131 okuduktan sonra matemati\u011fe bak\u0131\u015f\u0131n de\u011fi\u015fecek.  <\/p>\n","protected":false},"excerpt":{"rendered":"<p>Matemati\u011fin g\u00fcnl\u00fck hayat\u0131m\u0131zdaki yerine ve \u00f6nemine vurgu yapt\u0131\u011f\u0131 \u00e7al\u0131\u015fmalar\u0131ndan tan\u0131d\u0131\u011f\u0131m\u0131z S\u00fcmeyra G\u00fczel&#8217;in kaleme ald\u0131\u011f\u0131 Saymadan Duramam, ilkokul 1. ve 2. s\u0131n\u0131f matematik m\u00fcfredat\u0131ndaki kazan\u0131mlar\u0131 temel alan<span class=\"excerpt-hellip\"> [\u2026]<\/span><\/p>\n","protected":false},"featured_media":0,"template":"","meta":{"_monsterinsights_skip_tracking":false,"_monsterinsights_sitenote_active":false,"_monsterinsights_sitenote_note":"","_monsterinsights_sitenote_category":0},"product_brand":[],"product_cat":[12274,15842],"product_tag":[],"class_list":{"0":"post-750834","1":"product","2":"type-product","3":"status-publish","5":"product_cat-cocuk-ve-genclik-kitaplari","6":"product_cat-egitici-kitaplar","7":"pa_cilt-ciltsiz","8":"pa_tur-kitap","9":"pa_yayinevi-tudem-yayinlari","10":"pa_yazar-sumeyra-guzel","12":"first","13":"instock","14":"sale","15":"shipping-taxable","16":"purchasable","17":"product-type-simple"},"_links":{"self":[{"href":"https:\/\/roveyayinevi.com.tr\/index.php\/wp-json\/wp\/v2\/product\/750834","targetHints":{"allow":["GET"]}}],"collection":[{"href":"https:\/\/roveyayinevi.com.tr\/index.php\/wp-json\/wp\/v2\/product"}],"about":[{"href":"https:\/\/roveyayinevi.com.tr\/index.php\/wp-json\/wp\/v2\/types\/product"}],"wp:attachment":[{"href":"https:\/\/roveyayinevi.com.tr\/index.php\/wp-json\/wp\/v2\/media?parent=750834"}],"wp:term":[{"taxonomy":"product_brand","embeddable":true,"href":"https:\/\/roveyayinevi.com.tr\/index.php\/wp-json\/wp\/v2\/product_brand?post=750834"},{"taxonomy":"product_cat","embeddable":true,"href":"https:\/\/roveyayinevi.com.tr\/index.php\/wp-json\/wp\/v2\/product_cat?post=750834"},{"taxonomy":"product_tag","embeddable":true,"href":"https:\/\/roveyayinevi.com.tr\/index.php\/wp-json\/wp\/v2\/product_tag?post=750834"}],"curies":[{"name":"wp","href":"https:\/\/api.w.org\/{rel}","templated":true}]}}