{"id":750833,"date":"2025-08-28T04:31:54","date_gmt":"2025-08-28T01:31:54","guid":{"rendered":"https:\/\/roveyayinevi.com.tr\/index.php\/urun\/bodrum-kesikservi\/"},"modified":"2026-04-16T03:04:01","modified_gmt":"2026-04-16T00:04:01","slug":"bodrum-kesikservi","status":"publish","type":"product","link":"https:\/\/roveyayinevi.com.tr\/index.php\/urun\/bodrum-kesikservi\/","title":{"rendered":"Bodrum Kesikservi"},"content":{"rendered":"<p>Bu kitab\u0131n konusunu Bodrum\u2019da Kesikservi\u2019de yap\u0131lan kaz\u0131larda a\u00e7\u0131\u011fa \u00e7\u0131kart\u0131lan Erken Tun\u00e7 \u00c7a\u011f\u0131 I\u2019e tarihlenen mezarl\u0131k alan\u0131 olu\u015fturmaktad\u0131r. Mezarl\u0131k alan\u0131nda k\u00fcp mezarlar ve sunu \u00e7ukurlar\u0131 da a\u00e7\u0131\u011fa \u00e7\u0131kart\u0131lm\u0131\u015ft\u0131r. Mezarlardan al\u0131nan kemikler \u00fczerinde yap\u0131lan C14 \u00e7al\u0131\u015fmalar\u0131 sonucunda mezarl\u0131k M\u00d6 2788\u20132621 y\u0131llar\u0131 aras\u0131na tarihlendirilmi\u015ftir. Mezar buluntular\u0131 \u00fczerinden yap\u0131lan kar\u015f\u0131la\u015ft\u0131rmalar ve de\u011ferlendirmeler, b\u00f6lgede elektrum ve meteorid demirin erken bir d\u00f6nemden itibaren kullan\u0131ld\u0131\u011f\u0131n\u0131 g\u00f6stermi\u015ftir. Ayr\u0131ca ele ge\u00e7en veriler, maden teknolojisinde kaplama tekni\u011fi ile lehim ya da bit\u00fcmenden yap\u0131lan birle\u015ftirme tekni\u011finin de erken bir a\u015famadan itibaren uyguland\u0131\u011f\u0131n\u0131 ortaya koymu\u015ftur. Boncuk yap\u0131m\u0131nda kullan\u0131lan elektrum ve k\u0131rm\u0131z\u0131 renk akik ise, b\u00f6lgenin uzak mesafelerle deniza\u015f\u0131r\u0131 ba\u011flant\u0131lar\u0131n\u0131n kan\u0131tlar\u0131d\u0131r. Bir mezarda ele ge\u00e7en Melos obsidyeninden yap\u0131lm\u0131\u015f dilgi, Kiklad Adalar\u0131\u2019yla kurulan ili\u015fkiler sonucunda b\u00f6lgenin \u00f6l\u00fc g\u00f6mme gelene\u011fine dahil olan bir uygulaman\u0131n kan\u0131t\u0131n\u0131 olu\u015fturur. K\u00fcp mezarlar\u0131 yak\u0131n\u0131nda yer alan sunu \u00e7ukurlar\u0131 ise, Karata\u015f\u2013Semay\u00fck ve Laodikeia\u2013Kandilk\u0131r\u0131 \u00f6rnekleri ile birlikte, mezarl\u0131k \u2013 sunu \u00e7ukuru gelene\u011finin G\u00fcneybat\u0131 Anadolu\u2019ya \u00f6zg\u00fc oldu\u011funu g\u00f6stermektedir. Kesikservi\u2019deki sunu \u00e7ukurlar\u0131nda tespit edilen hayvan kemikleri i\u00e7inde yer alan k\u00f6peklere ait kal\u0131nt\u0131lar s\u0131rad\u0131\u015f\u0131l\u0131\u011f\u0131yla \u00f6nem arz etmekte ve b\u00f6lgede farkl\u0131 rit\u00fcel uygulamalar\u0131n oldu\u011funu d\u00fc\u015f\u00fcnd\u00fcrmektedir. Kesikservi k\u00fcp mezarlar\u0131 ve sunu \u00e7ukurlar\u0131, Erken Tun\u00e7 \u00c7a\u011f\u0131 I\u2019den itibaren b\u00f6lgedeki inan\u00e7 sistemine ait uygulamalar yan\u0131nda geli\u015fmi\u015f bir maden teknolojisine ve uzak mesafelerle deniza\u015f\u0131r\u0131 ba\u011flant\u0131lar\u0131 olan bir toplumun oldu\u011funun tespit edilmesi bak\u0131m\u0131ndan \u00f6nemlidir.<\/p>\n","protected":false},"excerpt":{"rendered":"<p>Bu kitab\u0131n konusunu Bodrum\u2019da Kesikservi\u2019de yap\u0131lan kaz\u0131larda a\u00e7\u0131\u011fa \u00e7\u0131kart\u0131lan Erken Tun\u00e7 \u00c7a\u011f\u0131 I\u2019e tarihlenen mezarl\u0131k alan\u0131 olu\u015fturmaktad\u0131r. Mezarl\u0131k alan\u0131nda k\u00fcp mezarlar ve sunu \u00e7ukurlar\u0131 da a\u00e7\u0131\u011fa<span class=\"excerpt-hellip\"> [\u2026]<\/span><\/p>\n","protected":false},"featured_media":0,"template":"","meta":{"_monsterinsights_skip_tracking":false,"_monsterinsights_sitenote_active":false,"_monsterinsights_sitenote_note":"","_monsterinsights_sitenote_category":0},"product_brand":[],"product_cat":[52477,52478],"product_tag":[],"class_list":{"0":"post-750833","1":"product","2":"type-product","3":"status-publish","5":"product_cat-arastirma","6":"product_cat-arkeoloji","7":"pa_cilt-ciltsiz","8":"pa_tur-kitap","9":"pa_yayinevi-bilgin-kultur-sanat","10":"pa_yazar-kolektif","12":"first","13":"instock","14":"sale","15":"shipping-taxable","16":"purchasable","17":"product-type-simple"},"_links":{"self":[{"href":"https:\/\/roveyayinevi.com.tr\/index.php\/wp-json\/wp\/v2\/product\/750833","targetHints":{"allow":["GET"]}}],"collection":[{"href":"https:\/\/roveyayinevi.com.tr\/index.php\/wp-json\/wp\/v2\/product"}],"about":[{"href":"https:\/\/roveyayinevi.com.tr\/index.php\/wp-json\/wp\/v2\/types\/product"}],"wp:attachment":[{"href":"https:\/\/roveyayinevi.com.tr\/index.php\/wp-json\/wp\/v2\/media?parent=750833"}],"wp:term":[{"taxonomy":"product_brand","embeddable":true,"href":"https:\/\/roveyayinevi.com.tr\/index.php\/wp-json\/wp\/v2\/product_brand?post=750833"},{"taxonomy":"product_cat","embeddable":true,"href":"https:\/\/roveyayinevi.com.tr\/index.php\/wp-json\/wp\/v2\/product_cat?post=750833"},{"taxonomy":"product_tag","embeddable":true,"href":"https:\/\/roveyayinevi.com.tr\/index.php\/wp-json\/wp\/v2\/product_tag?post=750833"}],"curies":[{"name":"wp","href":"https:\/\/api.w.org\/{rel}","templated":true}]}}