{"id":750830,"date":"2025-08-28T04:31:50","date_gmt":"2025-08-28T01:31:50","guid":{"rendered":"https:\/\/roveyayinevi.com.tr\/index.php\/urun\/irrasyonel-cosku\/"},"modified":"2026-04-16T03:04:01","modified_gmt":"2026-04-16T00:04:01","slug":"irrasyonel-cosku","status":"publish","type":"product","link":"https:\/\/roveyayinevi.com.tr\/index.php\/urun\/irrasyonel-cosku\/","title":{"rendered":"\u0130rrasyonel Co\u015fku"},"content":{"rendered":"<p>Gelece\u011fini emeklilik fonlar\u0131na, ev ve arsaya ya da di\u011fer yat\u0131r\u0131m t\u00fcrlerine ba\u011flayan hi\u00e7 kimsenin bu kitab\u0131 okumamak gibi bir l\u00fcks\u00fc olamaz.   Bizleri zaman\u0131nda hem emlak balonu hem de borsadaki teknoloji hisseleri konusunda uyarm\u0131\u015f olan Nobel \u00d6d\u00fcll\u00fc ekonomist Robert Shiller, ilk yay\u0131mland\u0131\u011f\u0131ndan bu yana davran\u0131\u015fsal ekonomi ve piyasa oynakl\u0131\u011f\u0131 \u00fczerine bir klasik haline gelen yap\u0131t\u0131 \u0130rrasyonel Co\u015fku\u2019nun bu geni\u015fletilmi\u015f edisyonunda, 2008-9\u2019daki finans krizinden bu yana yat\u0131r\u0131mc\u0131lar aras\u0131nda irrasyonel co\u015fkunun azalmad\u0131\u011f\u0131, aksine artt\u0131\u011f\u0131 yolunda uyar\u0131da bulunuyor. Y\u00fcksek fiyatl\u0131 hisse ve tahvillerin yan\u0131 s\u0131ra artan emlak fiyatlar\u0131 da d\u00fc\u015f\u00fcn\u00fcl\u00fcnce, 2008\u2019deki krizin ard\u0131ndan kendini g\u00f6stermeye ba\u015flayan ekonomik canl\u0131l\u0131\u011f\u0131n asl\u0131nda Shiller\u2019\u0131n, \u201cpsikolojik fakt\u00f6rlere dayal\u0131 oynakl\u0131k, varl\u0131klar piyasas\u0131n\u0131n asli \u00f6zelli\u011fidir\u201d \u015feklindeki arg\u00fcman\u0131n\u0131n bir di\u011fer d\u0131\u015favurumu olmas\u0131 i\u015ften bile de\u011fil.   Borsa ve emlak piyasalar\u0131n\u0131 inceleyen \u2013ve bu piyasalardaki \u00e7\u00f6k\u00fc\u015fleri \u00f6nceden tahmin etmesiyle \u00fcne kavu\u015fan\u2013 \u0130rrasyonel Co\u015fku\u2019nun elinizdeki son edisyonunda bu ikisine ek olarak tahvil piyasalar\u0131 da masaya yat\u0131r\u0131l\u0131yor, b\u00f6ylece b\u00fcy\u00fck yat\u0131r\u0131m piyasalar\u0131n\u0131n hemen hepsi kitab\u0131n kapsam\u0131na girmi\u015f oluyor. Sunulan verilerin de tamamen g\u00fcncellendi\u011fi bu edisyonda, Shiller\u2019\u0131n 2013\u2019teki Nobel \u00d6d\u00fcl T\u00f6reni\u2019nde verdi\u011fi seminer de yer al\u0131yor.   \u201cShiller yat\u0131r\u0131mc\u0131lar\u0131n dikkate almas\u0131 gereken bir mesaj veriyor: Portf\u00f6y\u00fcn\u00fcz\u00fcn yeterince \u00e7e\u015fitlendirildi\u011finden emin olun. Daha fazla tasarruf edin ve ge\u00e7mi\u015f ony\u0131llar\u0131n \u00e7ift haneli kazan\u00e7lar\u0131n\u0131n emeklili\u011finizi garantiye alaca\u011f\u0131na g\u00fcvenmeyin.\u201d \u2014Burton G. Malkiel, Borsada Rastgele Seyir\u2019in yazar\u0131   \u201cRobert J. Shiller, mali piyasalar\u0131n daha az rasyonel y\u00f6nlerini belgelemek i\u00e7in kendi ku\u015fa\u011f\u0131n\u0131n di\u011fer t\u00fcm iktisat\u00e7\u0131lar\u0131ndan daha fazlas\u0131n\u0131 yapt\u0131.\u201d \u2014Paul Krugman, 2008 Nobel Ekonomi \u00d6d\u00fcl\u00fc <\/p>\n","protected":false},"excerpt":{"rendered":"<p>Gelece\u011fini emeklilik fonlar\u0131na, ev ve arsaya ya da di\u011fer yat\u0131r\u0131m t\u00fcrlerine ba\u011flayan hi\u00e7 kimsenin bu kitab\u0131 okumamak gibi bir l\u00fcks\u00fc olamaz. Bizleri zaman\u0131nda hem emlak balonu<span class=\"excerpt-hellip\"> [\u2026]<\/span><\/p>\n","protected":false},"featured_media":0,"template":"","meta":{"_monsterinsights_skip_tracking":false,"_monsterinsights_sitenote_active":false,"_monsterinsights_sitenote_note":"","_monsterinsights_sitenote_category":0},"product_brand":[],"product_cat":[17249,13043],"product_tag":[],"class_list":{"0":"post-750830","1":"product","2":"type-product","3":"status-publish","5":"product_cat-borsa-finans","6":"product_cat-ekonomi","7":"pa_cilt-ciltsiz","8":"pa_tur-kitap","9":"pa_yayinevi-nova-kitap","10":"pa_yazar-robert-j-shiller","12":"first","13":"instock","14":"sale","15":"shipping-taxable","16":"purchasable","17":"product-type-simple"},"_links":{"self":[{"href":"https:\/\/roveyayinevi.com.tr\/index.php\/wp-json\/wp\/v2\/product\/750830","targetHints":{"allow":["GET"]}}],"collection":[{"href":"https:\/\/roveyayinevi.com.tr\/index.php\/wp-json\/wp\/v2\/product"}],"about":[{"href":"https:\/\/roveyayinevi.com.tr\/index.php\/wp-json\/wp\/v2\/types\/product"}],"wp:attachment":[{"href":"https:\/\/roveyayinevi.com.tr\/index.php\/wp-json\/wp\/v2\/media?parent=750830"}],"wp:term":[{"taxonomy":"product_brand","embeddable":true,"href":"https:\/\/roveyayinevi.com.tr\/index.php\/wp-json\/wp\/v2\/product_brand?post=750830"},{"taxonomy":"product_cat","embeddable":true,"href":"https:\/\/roveyayinevi.com.tr\/index.php\/wp-json\/wp\/v2\/product_cat?post=750830"},{"taxonomy":"product_tag","embeddable":true,"href":"https:\/\/roveyayinevi.com.tr\/index.php\/wp-json\/wp\/v2\/product_tag?post=750830"}],"curies":[{"name":"wp","href":"https:\/\/api.w.org\/{rel}","templated":true}]}}