{"id":750828,"date":"2025-08-28T04:31:03","date_gmt":"2025-08-28T01:31:03","guid":{"rendered":"https:\/\/roveyayinevi.com.tr\/index.php\/urun\/siki-adamlar\/"},"modified":"2026-04-16T03:04:01","modified_gmt":"2026-04-16T00:04:01","slug":"siki-adamlar","status":"publish","type":"product","link":"https:\/\/roveyayinevi.com.tr\/index.php\/urun\/siki-adamlar\/","title":{"rendered":"S\u0131k\u0131 Adamlar"},"content":{"rendered":"<p>\u201cS\u0131k\u0131 Adamlar\u201d bu topraklarda, son y\u00fczy\u0131l\u0131n modern \u0130sl\u00e2m\u00ee edebiyat ve sanat iddias\u0131n\u0131n olu\u015fumunda ve bu yakla\u015f\u0131m\u0131n ete kemi\u011fe b\u00fcr\u00fcnmesinde \u00f6nemli ve kay\u0131ts\u0131z kal\u0131namaz \u00e7apta katk\u0131lar\u0131 olan baz\u0131 \u015fahsiyetlere i\u015faret eden yaz\u0131lardan olu\u015fuyor. \u201cParmak Ay\u2019\u0131 g\u00f6sterdi\u011fi zaman parma\u011fa de\u011fil Ay\u2019a bakmal\u0131\u201d ilkesinin \u0131\u015f\u0131\u011f\u0131nda Saadettin Acar, kendi ki\u015fisel yolculu\u011funda tutundu\u011fu baz\u0131 \u00f6nemli isimlere samimiyetle ve i\u00e7eriden bakmaya \u00e7al\u0131\u015f\u0131yor. Kitapta Cemil Meri\u00e7&#8217;ten Sezai Karako\u00e7&#8217;a, Nuri Pakdil&#8217;den Cahit Zarifo\u011flu&#8217;na, \u0130smet \u00d6zel\u2019den Mustafa Kutlu\u2019ya bir\u00e7ok \u00f6nc\u00fc ismin, yazar\u0131n aynas\u0131na yans\u0131yan y\u00fczleriyle kar\u015f\u0131la\u015facaks\u0131n\u0131z. <\/p>\n","protected":false},"excerpt":{"rendered":"<p>\u201cS\u0131k\u0131 Adamlar\u201d bu topraklarda, son y\u00fczy\u0131l\u0131n modern \u0130sl\u00e2m\u00ee edebiyat ve sanat iddias\u0131n\u0131n olu\u015fumunda ve bu yakla\u015f\u0131m\u0131n ete kemi\u011fe b\u00fcr\u00fcnmesinde \u00f6nemli ve kay\u0131ts\u0131z kal\u0131namaz \u00e7apta katk\u0131lar\u0131 olan<span class=\"excerpt-hellip\"> [\u2026]<\/span><\/p>\n","protected":false},"featured_media":0,"template":"","meta":{"_monsterinsights_skip_tracking":false,"_monsterinsights_sitenote_active":false,"_monsterinsights_sitenote_note":"","_monsterinsights_sitenote_category":0},"product_brand":[],"product_cat":[12777,12291],"product_tag":[],"class_list":{"0":"post-750828","1":"product","2":"type-product","3":"status-publish","5":"product_cat-deneme","6":"product_cat-edebiyat","7":"pa_cilt-ciltsiz","8":"pa_tur-kitap","9":"pa_yayinevi-profil-kitap","10":"pa_yazar-saadettin-acar","12":"first","13":"instock","14":"sale","15":"shipping-taxable","16":"purchasable","17":"product-type-simple"},"_links":{"self":[{"href":"https:\/\/roveyayinevi.com.tr\/index.php\/wp-json\/wp\/v2\/product\/750828","targetHints":{"allow":["GET"]}}],"collection":[{"href":"https:\/\/roveyayinevi.com.tr\/index.php\/wp-json\/wp\/v2\/product"}],"about":[{"href":"https:\/\/roveyayinevi.com.tr\/index.php\/wp-json\/wp\/v2\/types\/product"}],"wp:attachment":[{"href":"https:\/\/roveyayinevi.com.tr\/index.php\/wp-json\/wp\/v2\/media?parent=750828"}],"wp:term":[{"taxonomy":"product_brand","embeddable":true,"href":"https:\/\/roveyayinevi.com.tr\/index.php\/wp-json\/wp\/v2\/product_brand?post=750828"},{"taxonomy":"product_cat","embeddable":true,"href":"https:\/\/roveyayinevi.com.tr\/index.php\/wp-json\/wp\/v2\/product_cat?post=750828"},{"taxonomy":"product_tag","embeddable":true,"href":"https:\/\/roveyayinevi.com.tr\/index.php\/wp-json\/wp\/v2\/product_tag?post=750828"}],"curies":[{"name":"wp","href":"https:\/\/api.w.org\/{rel}","templated":true}]}}