{"id":750826,"date":"2025-08-28T04:30:59","date_gmt":"2025-08-28T01:30:59","guid":{"rendered":"https:\/\/roveyayinevi.com.tr\/index.php\/urun\/olum-ve-olme-uzerine\/"},"modified":"2026-04-16T03:04:01","modified_gmt":"2026-04-16T00:04:01","slug":"olum-ve-olme-uzerine","status":"publish","type":"product","link":"https:\/\/roveyayinevi.com.tr\/index.php\/urun\/olum-ve-olme-uzerine\/","title":{"rendered":"\u00d6l\u00fcm ve \u00d6lme \u00dczerine"},"content":{"rendered":"<p>\u00d6l\u00fcm ve \u00d6lme \u00dczerine; terminal hastalar, onlar\u0131n aileleri ve onlara hizmet veren sa\u011fl\u0131k profesyonelleri i\u00e7in rehber niteli\u011fi ta\u015f\u0131yan, cesaret ve umut a\u015f\u0131layan bir kitap\u2026 \u00dcnl\u00fc psikiyatr Elisabeth K\u00fcbler-Ross, \u00e7\u0131\u011f\u0131r a\u00e7an bu klasik eserinde, hastal\u0131k s\u00fcreci ve \u00f6l\u00fcmle y\u00fczle\u015fmenin insani y\u00f6nlerine \u0131\u015f\u0131k tutuyor. \u00d6l\u00fcmle ba\u015fa \u00e7\u0131kma s\u00fcrecini anlama ve destekleme konusunda yepyeni bir perspektif sunan bu \u00e7al\u0131\u015fmada, yas\u0131n be\u015f evresi (ink\u00e2r-izolasyon, \u00f6fke, pazarl\u0131k, depresyon ve kabullenme) ayr\u0131nt\u0131l\u0131 bir \u015fekilde izah ediliyor. <\/p>\n","protected":false},"excerpt":{"rendered":"<p>\u00d6l\u00fcm ve \u00d6lme \u00dczerine; terminal hastalar, onlar\u0131n aileleri ve onlara hizmet veren sa\u011fl\u0131k profesyonelleri i\u00e7in rehber niteli\u011fi ta\u015f\u0131yan, cesaret ve umut a\u015f\u0131layan bir kitap\u2026 \u00dcnl\u00fc psikiyatr<span class=\"excerpt-hellip\"> [\u2026]<\/span><\/p>\n","protected":false},"featured_media":0,"template":"","meta":{"_monsterinsights_skip_tracking":false,"_monsterinsights_sitenote_active":false,"_monsterinsights_sitenote_note":"","_monsterinsights_sitenote_category":0},"product_brand":[],"product_cat":[12358,12357],"product_tag":[],"class_list":{"0":"post-750826","1":"product","2":"type-product","3":"status-publish","5":"product_cat-genel-psikoloji","6":"product_cat-psikoloji","7":"pa_cilt-ciltsiz","8":"pa_tur-kitap","9":"pa_yayinevi-profil-kitap","10":"pa_yazar-elisabeth-kubler-ross","12":"first","13":"instock","14":"sale","15":"shipping-taxable","16":"purchasable","17":"product-type-simple"},"_links":{"self":[{"href":"https:\/\/roveyayinevi.com.tr\/index.php\/wp-json\/wp\/v2\/product\/750826","targetHints":{"allow":["GET"]}}],"collection":[{"href":"https:\/\/roveyayinevi.com.tr\/index.php\/wp-json\/wp\/v2\/product"}],"about":[{"href":"https:\/\/roveyayinevi.com.tr\/index.php\/wp-json\/wp\/v2\/types\/product"}],"wp:attachment":[{"href":"https:\/\/roveyayinevi.com.tr\/index.php\/wp-json\/wp\/v2\/media?parent=750826"}],"wp:term":[{"taxonomy":"product_brand","embeddable":true,"href":"https:\/\/roveyayinevi.com.tr\/index.php\/wp-json\/wp\/v2\/product_brand?post=750826"},{"taxonomy":"product_cat","embeddable":true,"href":"https:\/\/roveyayinevi.com.tr\/index.php\/wp-json\/wp\/v2\/product_cat?post=750826"},{"taxonomy":"product_tag","embeddable":true,"href":"https:\/\/roveyayinevi.com.tr\/index.php\/wp-json\/wp\/v2\/product_tag?post=750826"}],"curies":[{"name":"wp","href":"https:\/\/api.w.org\/{rel}","templated":true}]}}