{"id":750825,"date":"2025-08-28T04:30:58","date_gmt":"2025-08-28T01:30:58","guid":{"rendered":"https:\/\/roveyayinevi.com.tr\/index.php\/urun\/ruya-gunlugu\/"},"modified":"2026-04-16T03:04:01","modified_gmt":"2026-04-16T00:04:01","slug":"ruya-gunlugu","status":"publish","type":"product","link":"https:\/\/roveyayinevi.com.tr\/index.php\/urun\/ruya-gunlugu\/","title":{"rendered":"R\u00fcya G\u00fcnl\u00fc\u011f\u00fc"},"content":{"rendered":"<p>Bir r\u00fcyay\u0131 en iyi, o r\u00fcyay\u0131 g\u00f6ren ki\u015fi yorumlar.   R\u00fcya evrensel bilgi bankam\u0131z, ki\u015fisel hazine sand\u0131\u011f\u0131m\u0131zd\u0131r. Bu nedenle ki\u015fiye \u00f6zel h\u00e2li korunmal\u0131 ve sahibi taraf\u0131ndan yorumlanmal\u0131d\u0131r. Bu kitap, yorum konusunda pratik y\u00f6ntem arayanlar ve r\u00fcyalar\u0131n\u0131 d\u00fczenli olarak takip etmek isteyenler i\u00e7in yaz\u0131ld\u0131. Meltem Reyhan R\u00fcya G\u00fcnl\u00fc\u011f\u00fc kitab\u0131nda r\u00fcyalar\u0131n\u0131z\u0131 kay\u0131t alt\u0131na alman\u0131n, bir film okumas\u0131 yapar gibi yorumlayabilmenin inceliklerini anlat\u0131yor. R\u00fcyalar\u0131n\u0131za dair notlar alabilece\u011finiz ve kendi sembol s\u00f6zl\u00fc\u011f\u00fcn\u00fcz\u00fc olu\u015fturabilece\u011finiz, size \u00f6zel sayfalar\u0131yla R\u00fcya G\u00fcnl\u00fc\u011f\u00fc zamans\u0131z bir hat\u0131ra niteli\u011finde.   R\u00fcyalar\u0131m\u0131z, s\u0131rlarla dolu bu evrende de\u011ferli bilgilerle dolu birer hazine sand\u0131\u011f\u0131 gibidir. Bizden, ilgilendiklerimizden, ge\u00e7mi\u015ften ve gelecekten bir\u00e7ok bilgiyi bize ta\u015f\u0131yan birer posta g\u00fcvercinidir \u00e2deta. O mektubu a\u00e7\u0131p okursak d\u00fcnyam\u0131za \u0131\u015f\u0131k tutar ve arad\u0131\u011f\u0131m\u0131z ger\u00e7e\u011fe ula\u015fmam\u0131z i\u00e7in ihtiyac\u0131m\u0131z olan yard\u0131ma kavu\u015furuz.                                                                                                       R\u00fcyalar\u0131m\u0131z d\u00fcnyam\u0131z\u0131 ayd\u0131nlatan bir fener gibidir. Bu fener onu yorumlad\u0131\u011f\u0131m\u0131zda yanar ve yolumuza \u0131\u015f\u0131k olur. <\/p>\n","protected":false},"excerpt":{"rendered":"<p>Bir r\u00fcyay\u0131 en iyi, o r\u00fcyay\u0131 g\u00f6ren ki\u015fi yorumlar. R\u00fcya evrensel bilgi bankam\u0131z, ki\u015fisel hazine sand\u0131\u011f\u0131m\u0131zd\u0131r. Bu nedenle ki\u015fiye \u00f6zel h\u00e2li korunmal\u0131 ve sahibi taraf\u0131ndan yorumlanmal\u0131d\u0131r.<span class=\"excerpt-hellip\"> [\u2026]<\/span><\/p>\n","protected":false},"featured_media":0,"template":"","meta":{"_monsterinsights_skip_tracking":false,"_monsterinsights_sitenote_active":false,"_monsterinsights_sitenote_note":"","_monsterinsights_sitenote_category":0},"product_brand":[],"product_cat":[12364,12376],"product_tag":[],"class_list":{"0":"post-750825","1":"product","2":"type-product","3":"status-publish","5":"product_cat-genel-konular","6":"product_cat-kisisel-gelisim","7":"pa_cilt-ciltsiz","8":"pa_tur-kitap","9":"pa_yayinevi-muptela-yayinevi","10":"pa_yazar-meltem-reyhan","12":"first","13":"instock","14":"sale","15":"shipping-taxable","16":"purchasable","17":"product-type-simple"},"_links":{"self":[{"href":"https:\/\/roveyayinevi.com.tr\/index.php\/wp-json\/wp\/v2\/product\/750825","targetHints":{"allow":["GET"]}}],"collection":[{"href":"https:\/\/roveyayinevi.com.tr\/index.php\/wp-json\/wp\/v2\/product"}],"about":[{"href":"https:\/\/roveyayinevi.com.tr\/index.php\/wp-json\/wp\/v2\/types\/product"}],"wp:attachment":[{"href":"https:\/\/roveyayinevi.com.tr\/index.php\/wp-json\/wp\/v2\/media?parent=750825"}],"wp:term":[{"taxonomy":"product_brand","embeddable":true,"href":"https:\/\/roveyayinevi.com.tr\/index.php\/wp-json\/wp\/v2\/product_brand?post=750825"},{"taxonomy":"product_cat","embeddable":true,"href":"https:\/\/roveyayinevi.com.tr\/index.php\/wp-json\/wp\/v2\/product_cat?post=750825"},{"taxonomy":"product_tag","embeddable":true,"href":"https:\/\/roveyayinevi.com.tr\/index.php\/wp-json\/wp\/v2\/product_tag?post=750825"}],"curies":[{"name":"wp","href":"https:\/\/api.w.org\/{rel}","templated":true}]}}