{"id":750823,"date":"2025-08-28T04:30:56","date_gmt":"2025-08-28T01:30:56","guid":{"rendered":"https:\/\/roveyayinevi.com.tr\/index.php\/urun\/kumsalda-korku-hikayeleri\/"},"modified":"2026-04-16T03:04:01","modified_gmt":"2026-04-16T00:04:01","slug":"kumsalda-korku-hikayeleri","status":"publish","type":"product","link":"https:\/\/roveyayinevi.com.tr\/index.php\/urun\/kumsalda-korku-hikayeleri\/","title":{"rendered":"Kumsalda: Korku Hikayeleri"},"content":{"rendered":"<p>\u201cKendimi tuvaletten d\u0131\u015far\u0131 zor at\u0131p \u00e7\u0131\u011fl\u0131k \u00e7\u0131\u011fl\u0131\u011fa koridorda ko\u015fmaya ba\u015flad\u0131m. Ko\u015farken birine \u00e7arp\u0131p yere yuvarland\u0131m. El yordam\u0131yla bir yerlere tutunmaya \u00e7al\u0131\u015f\u0131rken, g\u00f6z\u00fcme tutulan fenerle kalakald\u0131m. Neyse ki Bek\u00e7i Ahmet Amca\u2019yd\u0131. Kolumdan tutup beni yerden kald\u0131r\u0131rken, \u2018N\u2019oluyor?\u2019 diye sordu. A\u011flayarak ona ya\u015fad\u0131klar\u0131m\u0131 anlatt\u0131m, en sonunda da, \u2018Bet\u00fcl\u2019\u00fcn ayaklar\u0131 tersti!\u2019 deyiverdim. Bunun \u00fczerine Ahmet Amca, elindeki feneri tuttu\u011fu ayaklar\u0131n\u0131 g\u00f6stererek, \u2018Nas\u0131l yani, benimkiler gibi miydi?\u2019 dedi.\u201d    \u00dcniversiteye ba\u015flamadan \u00f6nceki yaz tatilinde ailesiyle beraber deniz kenar\u0131ndaki bir yazl\u0131k evde kalan Tufan, s\u0131k\u0131nt\u0131dan patl\u0131yordu. Ta ki ate\u015f ba\u015f\u0131nda birbirlerine korku hik\u00e2yeleri anlatan d\u00f6rt gen\u00e7le kar\u015f\u0131la\u015fana kadar\u2026 Yeni arkada\u015flar\u0131 Murat, It\u0131r, Taygun ve Sesil\u2019in hik\u00e2yelerinde neler yoktu ki: T\u00fcyler \u00fcrperten cinler \u00e2lemi, lanetli dilek mektuplar\u0131, ormandaki \u0131ss\u0131z kul\u00fcbe, kargalarla yarenlik eden gizemli kad\u0131n\u2026 Tufan da kendi hik\u00e2yesini anlatana kadar \u00e7ember tamamlanmayacakt\u0131.    Sakarmeke, Ak\u0131ls\u0131z Sokrates gibi \u00f6d\u00fcll\u00fc eserleriyle tan\u0131nan ve farkl\u0131 t\u00fcrler aras\u0131nda gezinmeyi seven Mehmet F\u0131rat P\u00fcrselim, \u015fehir efsanelerini \u00f6zg\u00fcn korku \u00f6yk\u00fcleriyle birle\u015ftiriyor. Gizem, korku ve maceran\u0131n hi\u00e7bir sayfas\u0131ndan eksik olmad\u0131\u011f\u0131, her ya\u015ftan okura hitap eden Kumsalda: Korku Hik\u00e2yeleri, edebiyat\u0131m\u0131zda \u00f6nemli bir bo\u015flu\u011fu dolduracak bir kitap. <\/p>\n","protected":false},"excerpt":{"rendered":"<p>\u201cKendimi tuvaletten d\u0131\u015far\u0131 zor at\u0131p \u00e7\u0131\u011fl\u0131k \u00e7\u0131\u011fl\u0131\u011fa koridorda ko\u015fmaya ba\u015flad\u0131m. Ko\u015farken birine \u00e7arp\u0131p yere yuvarland\u0131m. El yordam\u0131yla bir yerlere tutunmaya \u00e7al\u0131\u015f\u0131rken, g\u00f6z\u00fcme tutulan fenerle kalakald\u0131m. Neyse<span class=\"excerpt-hellip\"> [\u2026]<\/span><\/p>\n","protected":false},"featured_media":0,"template":"","meta":{"_monsterinsights_skip_tracking":false,"_monsterinsights_sitenote_active":false,"_monsterinsights_sitenote_note":"","_monsterinsights_sitenote_category":0},"product_brand":[],"product_cat":[12291,17033],"product_tag":[],"class_list":{"0":"post-750823","1":"product","2":"type-product","3":"status-publish","5":"product_cat-edebiyat","6":"product_cat-korku-gerilim","7":"pa_cilt-ciltsiz","8":"pa_tur-kitap","9":"pa_yayinevi-ithaki-yayinlari","10":"pa_yazar-mehmet-firat-purselim","12":"first","13":"instock","14":"sale","15":"shipping-taxable","16":"purchasable","17":"product-type-simple"},"_links":{"self":[{"href":"https:\/\/roveyayinevi.com.tr\/index.php\/wp-json\/wp\/v2\/product\/750823","targetHints":{"allow":["GET"]}}],"collection":[{"href":"https:\/\/roveyayinevi.com.tr\/index.php\/wp-json\/wp\/v2\/product"}],"about":[{"href":"https:\/\/roveyayinevi.com.tr\/index.php\/wp-json\/wp\/v2\/types\/product"}],"wp:attachment":[{"href":"https:\/\/roveyayinevi.com.tr\/index.php\/wp-json\/wp\/v2\/media?parent=750823"}],"wp:term":[{"taxonomy":"product_brand","embeddable":true,"href":"https:\/\/roveyayinevi.com.tr\/index.php\/wp-json\/wp\/v2\/product_brand?post=750823"},{"taxonomy":"product_cat","embeddable":true,"href":"https:\/\/roveyayinevi.com.tr\/index.php\/wp-json\/wp\/v2\/product_cat?post=750823"},{"taxonomy":"product_tag","embeddable":true,"href":"https:\/\/roveyayinevi.com.tr\/index.php\/wp-json\/wp\/v2\/product_tag?post=750823"}],"curies":[{"name":"wp","href":"https:\/\/api.w.org\/{rel}","templated":true}]}}