{"id":750822,"date":"2025-08-28T04:30:54","date_gmt":"2025-08-28T01:30:54","guid":{"rendered":"https:\/\/roveyayinevi.com.tr\/index.php\/urun\/gece-kaplani\/"},"modified":"2026-04-16T03:04:01","modified_gmt":"2026-04-16T00:04:01","slug":"gece-kaplani","status":"publish","type":"product","link":"https:\/\/roveyayinevi.com.tr\/index.php\/urun\/gece-kaplani\/","title":{"rendered":"Gece Kaplan\u0131"},"content":{"rendered":"<p>On bir ya\u015f\u0131ndaki Ren\u2019in ustas\u0131 \u00f6l\u00fcm d\u00f6\u015fe\u011findedir ve o\u011flana son arzusunu bildirir: Y\u0131llar \u00f6nce bir kazada kaybetti\u011fi parma\u011f\u0131n\u0131 bulup yerine takmal\u0131d\u0131r. Bunu yapmak i\u00e7in Ren\u2019in k\u0131rk dokuz g\u00fcn\u00fc vard\u0131r, yoksa ustas\u0131n\u0131n ruhu huzur bulamayacak, d\u00fcnyada tutsak kalacakt\u0131r.   Ji Lin doktor olmak istese de 1930\u2019lar\u0131n Malezya\u2019s\u0131nda bir kad\u0131n oldu\u011fundan terzi \u00e7\u0131rakl\u0131\u011f\u0131 onun i\u00e7in daha m\u00fcnasip bir i\u015f say\u0131lmaktad\u0131r. Annesinin kumar bor\u00e7lar\u0131n\u0131 \u00f6demek i\u00e7in dans\u00e7\u0131l\u0131k da yapmaktad\u0131r. Bir g\u00fcn dans partnerlerinden teki ona korkun\u00e7 bir hediye b\u0131rak\u0131r: Kesik bir parmak. Bunun k\u00f6t\u00fc \u015fans getirece\u011fine inanan Ji Lin karde\u015fiyle birlikte parma\u011f\u0131n sahibini aramaya koyulur.   H\u0131zla ge\u00e7en k\u0131rk dokuz g\u00fcn boyunca b\u00f6lgede faili me\u00e7hul cinayetler artmakta ve kaplana d\u00f6n\u00fc\u015fen adamlara dair s\u00f6ylentiler yay\u0131lmaktad\u0131r. Ji Lin ve Ren\u2019in yollar\u0131 ise hi\u00e7 tahmin edemeyecekleri durumlarda kesi\u015fecektir.   Gece Kaplan\u0131\u2019nda Choo, Sherlock Holmes romanlar\u0131n\u0131 aratmayan, s\u00fcr\u00fckleyici \u00f6yk\u00fcs\u00fcn\u00fc \u00c7in k\u00fclt\u00fcr\u00fcyle ustaca harmanl\u0131yor. \u201cChoo, g\u00f6rkemli bir labirenti and\u0131ran roman\u0131yla okurlar\u0131 karma\u015f\u0131k, yitirilmi\u015f bir d\u00fcnyan\u0131n i\u00e7ine \u00e7ekiyor.\u201d \u2013Kirkus   \u201cOlduk\u00e7a s\u00fcr\u00fckleyici\u2026 mitolojik yarat\u0131klar, \u00f6l\u00fclerle konu\u015fma, \u015fansl\u0131 say\u0131lar, Konf\u00fc\u00e7y\u00fcs\u00e7\u00fc de\u011ferler ve yasak a\u015fk, Choo\u2019nun muazzam roman\u0131 Gece Kaplan\u0131\u2019n\u0131n arkaplan\u0131n\u0131 olu\u015fturuyor.\u201d \u2013Publishers Weekly   \u201cOla\u011fan\u00fcst\u00fc g\u00fczelli\u011fe sahip bir kitap.\u201d \u2013Booklist <\/p>\n","protected":false},"excerpt":{"rendered":"<p>On bir ya\u015f\u0131ndaki Ren\u2019in ustas\u0131 \u00f6l\u00fcm d\u00f6\u015fe\u011findedir ve o\u011flana son arzusunu bildirir: Y\u0131llar \u00f6nce bir kazada kaybetti\u011fi parma\u011f\u0131n\u0131 bulup yerine takmal\u0131d\u0131r. Bunu yapmak i\u00e7in Ren\u2019in k\u0131rk<span class=\"excerpt-hellip\"> [\u2026]<\/span><\/p>\n","protected":false},"featured_media":0,"template":"","meta":{"_monsterinsights_skip_tracking":false,"_monsterinsights_sitenote_active":false,"_monsterinsights_sitenote_note":"","_monsterinsights_sitenote_category":0},"product_brand":[],"product_cat":[12291,14777],"product_tag":[],"class_list":{"0":"post-750822","1":"product","2":"type-product","3":"status-publish","5":"product_cat-edebiyat","6":"product_cat-fantastik","7":"pa_cilt-ciltsiz","8":"pa_tur-kitap","9":"pa_yayinevi-ithaki-yayinlari","10":"pa_yazar-yangsze-choo","12":"first","13":"instock","14":"sale","15":"shipping-taxable","16":"purchasable","17":"product-type-simple"},"_links":{"self":[{"href":"https:\/\/roveyayinevi.com.tr\/index.php\/wp-json\/wp\/v2\/product\/750822","targetHints":{"allow":["GET"]}}],"collection":[{"href":"https:\/\/roveyayinevi.com.tr\/index.php\/wp-json\/wp\/v2\/product"}],"about":[{"href":"https:\/\/roveyayinevi.com.tr\/index.php\/wp-json\/wp\/v2\/types\/product"}],"wp:attachment":[{"href":"https:\/\/roveyayinevi.com.tr\/index.php\/wp-json\/wp\/v2\/media?parent=750822"}],"wp:term":[{"taxonomy":"product_brand","embeddable":true,"href":"https:\/\/roveyayinevi.com.tr\/index.php\/wp-json\/wp\/v2\/product_brand?post=750822"},{"taxonomy":"product_cat","embeddable":true,"href":"https:\/\/roveyayinevi.com.tr\/index.php\/wp-json\/wp\/v2\/product_cat?post=750822"},{"taxonomy":"product_tag","embeddable":true,"href":"https:\/\/roveyayinevi.com.tr\/index.php\/wp-json\/wp\/v2\/product_tag?post=750822"}],"curies":[{"name":"wp","href":"https:\/\/api.w.org\/{rel}","templated":true}]}}