{"id":750821,"date":"2025-08-28T04:30:53","date_gmt":"2025-08-28T01:30:53","guid":{"rendered":"https:\/\/roveyayinevi.com.tr\/index.php\/urun\/hayatta-kalmak-yetmez\/"},"modified":"2026-04-16T03:04:01","modified_gmt":"2026-04-16T00:04:01","slug":"hayatta-kalmak-yetmez","status":"publish","type":"product","link":"https:\/\/roveyayinevi.com.tr\/index.php\/urun\/hayatta-kalmak-yetmez\/","title":{"rendered":"Hayatta Kalmak Yetmez"},"content":{"rendered":"<p>Hayatta kalmak yetmez. \u00d6zellikle i\u015f d\u00fcnyas\u0131nda, de\u011fi\u015fen ko\u015fullara uyum sa\u011flamak ve rekabet\u00e7i avantaj elde etmek i\u00e7in s\u00fcrekli olarak yenilik yapmak zorundas\u0131n\u0131z. \u0130\u015fte tam bu noktada, geleneksel i\u015f modellerinin art\u0131k yetersiz kald\u0131\u011f\u0131n\u0131 savunan Seth Godin, i\u015fletmelerin ve \u00e7al\u0131\u015fanlar\u0131n al\u0131\u015f\u0131lm\u0131\u015f\u0131n d\u0131\u015f\u0131na \u00e7\u0131karak fark yaratmalar\u0131na yard\u0131mc\u0131 olacak stratejiler ortaya koyuyor. De\u011fi\u015fim h\u0131z\u0131n\u0131n her ge\u00e7en g\u00fcn artt\u0131\u011f\u0131 i\u015f d\u00fcnyas\u0131nda ayakta kalmak ve bunun da \u00f6tesinde s\u0131ra d\u0131\u015f\u0131 fikirlerle \u00f6ne \u00e7\u0131kmak isteyenlerdenseniz rahatl\u0131kla bu kitaba ba\u015fvurabilirsiniz. Unutmay\u0131n; de\u011fi\u015fim bir tehlike de\u011fil, f\u0131rsatt\u0131r. E\u011fer siz de sekt\u00f6r\u00fcn\u00fcz\u00fcn liderlerinden biri olmak istiyor ama rakiplerinizden ayr\u0131\u015fman\u0131n yolunu bulam\u0131yorsan\u0131z bu kitab\u0131n sizi ba\u015far\u0131ya g\u00f6t\u00fcrecek sat\u0131rlar\u0131nda ilerlemeye hemen ba\u015flay\u0131n! <\/p>\n","protected":false},"excerpt":{"rendered":"<p>Hayatta kalmak yetmez. \u00d6zellikle i\u015f d\u00fcnyas\u0131nda, de\u011fi\u015fen ko\u015fullara uyum sa\u011flamak ve rekabet\u00e7i avantaj elde etmek i\u00e7in s\u00fcrekli olarak yenilik yapmak zorundas\u0131n\u0131z. \u0130\u015fte tam bu noktada, geleneksel<span class=\"excerpt-hellip\"> [\u2026]<\/span><\/p>\n","protected":false},"featured_media":0,"template":"","meta":{"_monsterinsights_skip_tracking":false,"_monsterinsights_sitenote_active":false,"_monsterinsights_sitenote_note":"","_monsterinsights_sitenote_category":0},"product_brand":[],"product_cat":[13043,17647],"product_tag":[],"class_list":{"0":"post-750821","1":"product","2":"type-product","3":"status-publish","5":"product_cat-ekonomi","6":"product_cat-is-dunyasi","7":"pa_cilt-ciltsiz","8":"pa_tur-kitap","9":"pa_yayinevi-profil-kitap","10":"pa_yazar-seth-godin","12":"first","13":"instock","14":"sale","15":"shipping-taxable","16":"purchasable","17":"product-type-simple"},"_links":{"self":[{"href":"https:\/\/roveyayinevi.com.tr\/index.php\/wp-json\/wp\/v2\/product\/750821","targetHints":{"allow":["GET"]}}],"collection":[{"href":"https:\/\/roveyayinevi.com.tr\/index.php\/wp-json\/wp\/v2\/product"}],"about":[{"href":"https:\/\/roveyayinevi.com.tr\/index.php\/wp-json\/wp\/v2\/types\/product"}],"wp:attachment":[{"href":"https:\/\/roveyayinevi.com.tr\/index.php\/wp-json\/wp\/v2\/media?parent=750821"}],"wp:term":[{"taxonomy":"product_brand","embeddable":true,"href":"https:\/\/roveyayinevi.com.tr\/index.php\/wp-json\/wp\/v2\/product_brand?post=750821"},{"taxonomy":"product_cat","embeddable":true,"href":"https:\/\/roveyayinevi.com.tr\/index.php\/wp-json\/wp\/v2\/product_cat?post=750821"},{"taxonomy":"product_tag","embeddable":true,"href":"https:\/\/roveyayinevi.com.tr\/index.php\/wp-json\/wp\/v2\/product_tag?post=750821"}],"curies":[{"name":"wp","href":"https:\/\/api.w.org\/{rel}","templated":true}]}}