{"id":750820,"date":"2025-08-28T04:30:51","date_gmt":"2025-08-28T01:30:51","guid":{"rendered":"https:\/\/roveyayinevi.com.tr\/index.php\/urun\/prosperin-iblisi\/"},"modified":"2026-04-16T03:04:01","modified_gmt":"2026-04-16T00:04:01","slug":"prosperin-iblisi","status":"publish","type":"product","link":"https:\/\/roveyayinevi.com.tr\/index.php\/urun\/prosperin-iblisi\/","title":{"rendered":"Prosper\u2019in \u0130blisi"},"content":{"rendered":"<p>Edebiyat tarihindeki pop\u00fcler temalara yapt\u0131\u011f\u0131 g\u00f6ndermelerle dolu eserleriyle tan\u0131nan K. J. Parker, bu sefer de merakl\u0131 okurlar\u0131n ke\u015ffederken keyif alaca\u011f\u0131 \u00f6rt\u00fck at\u0131flara sahip, hem karanl\u0131k hem e\u011flenceli bir maceraya davet ediyor bizi.   Belirli bir \u00fccret kar\u015f\u0131l\u0131\u011f\u0131nda iblisleri kovmak i\u00e7in Papa taraf\u0131ndan yetkilendirilen isimsiz anlat\u0131c\u0131m\u0131z insanlar\u0131n i\u00e7indeki iblisleri g\u00f6r\u00fcp onlarla ileti\u015fime ge\u00e7ebilmek gibi bir yetene\u011fe sahiptir. Di\u011fer yandan insanlar onun \u00e7ok da umurunda de\u011fildir ve iblisleri kovarken insanlara verdi\u011fi zarar vicdan\u0131n\u0131 pek s\u0131zlatmaz.   \u00c7a\u011f\u0131n\u0131n en iyi ressam\u0131 ve heykelt\u0131ra\u015f\u0131, en bilgili \u00e2limi, en zarif m\u00fczisyeni, en s\u0131rad\u0131\u015f\u0131 do\u011fa filozofu ve m\u00fchendisi, k\u0131saca b\u00fcy\u00fck bir d\u00e2hi olarak tan\u0131nan \u00dcstat Prosper ile onun gelece\u011fin filozof-kral\u0131 olarak yeti\u015ftirmek istedi\u011fi \u00e7ocu\u011fa da iblisler musallat olmu\u015ftur. Kahraman\u0131m\u0131z\u0131n bu sefer yapaca\u011f\u0131 se\u00e7im geni\u015f \u00e7apl\u0131 ve sars\u0131c\u0131 sonu\u00e7lar do\u011furacakt\u0131r.   K. J. Parker\u2019dan Prosper\u2019in \u0130blisi, tuhaf ve korkutucu bir d\u00fcnyada ge\u00e7en fantastik ve ironik bir hik\u00e2ye anlat\u0131yor.   \u201cSanki Witcher Geralt\u2019\u0131n i\u00e7ine Deadpool ka\u00e7m\u0131\u015f gibi\u2026\u201d \u2013The New York Times   \u201cParker\u2019\u0131n kendine \u00f6zg\u00fc \u00fcslubuyla yaz\u0131lm\u0131\u015f, zengin fikirlerle dolup ta\u015fan bir roman.\u201d \u2013Locus   \u201cKaranl\u0131k spek\u00fclatif kurgular\u0131 sevenlerin, \u00f6zellikle de Martha Wells ve Grady Hendrix hayranlar\u0131n\u0131n ilgisini \u00e7ekecek.\u201d \u2013Library Journal <\/p>\n","protected":false},"excerpt":{"rendered":"<p>Edebiyat tarihindeki pop\u00fcler temalara yapt\u0131\u011f\u0131 g\u00f6ndermelerle dolu eserleriyle tan\u0131nan K. J. Parker, bu sefer de merakl\u0131 okurlar\u0131n ke\u015ffederken keyif alaca\u011f\u0131 \u00f6rt\u00fck at\u0131flara sahip, hem karanl\u0131k hem<span class=\"excerpt-hellip\"> [\u2026]<\/span><\/p>\n","protected":false},"featured_media":0,"template":"","meta":{"_monsterinsights_skip_tracking":false,"_monsterinsights_sitenote_active":false,"_monsterinsights_sitenote_note":"","_monsterinsights_sitenote_category":0},"product_brand":[],"product_cat":[12291,14777],"product_tag":[],"class_list":{"0":"post-750820","1":"product","2":"type-product","3":"status-publish","5":"product_cat-edebiyat","6":"product_cat-fantastik","7":"pa_cilt-ciltsiz","8":"pa_tur-kitap","9":"pa_yayinevi-ithaki-yayinlari","10":"pa_yazar-k-j-parker","12":"first","13":"instock","14":"sale","15":"shipping-taxable","16":"purchasable","17":"product-type-simple"},"_links":{"self":[{"href":"https:\/\/roveyayinevi.com.tr\/index.php\/wp-json\/wp\/v2\/product\/750820","targetHints":{"allow":["GET"]}}],"collection":[{"href":"https:\/\/roveyayinevi.com.tr\/index.php\/wp-json\/wp\/v2\/product"}],"about":[{"href":"https:\/\/roveyayinevi.com.tr\/index.php\/wp-json\/wp\/v2\/types\/product"}],"wp:attachment":[{"href":"https:\/\/roveyayinevi.com.tr\/index.php\/wp-json\/wp\/v2\/media?parent=750820"}],"wp:term":[{"taxonomy":"product_brand","embeddable":true,"href":"https:\/\/roveyayinevi.com.tr\/index.php\/wp-json\/wp\/v2\/product_brand?post=750820"},{"taxonomy":"product_cat","embeddable":true,"href":"https:\/\/roveyayinevi.com.tr\/index.php\/wp-json\/wp\/v2\/product_cat?post=750820"},{"taxonomy":"product_tag","embeddable":true,"href":"https:\/\/roveyayinevi.com.tr\/index.php\/wp-json\/wp\/v2\/product_tag?post=750820"}],"curies":[{"name":"wp","href":"https:\/\/api.w.org\/{rel}","templated":true}]}}