{"id":750818,"date":"2025-08-28T04:30:48","date_gmt":"2025-08-28T01:30:48","guid":{"rendered":"https:\/\/roveyayinevi.com.tr\/index.php\/urun\/kiki-ve-sihirde-yeni-bir-sayfa-2\/"},"modified":"2026-04-16T03:04:01","modified_gmt":"2026-04-16T00:04:01","slug":"kiki-ve-sihirde-yeni-bir-sayfa-2","status":"publish","type":"product","link":"https:\/\/roveyayinevi.com.tr\/index.php\/urun\/kiki-ve-sihirde-yeni-bir-sayfa-2\/","title":{"rendered":"Kiki ve Sihirde Yeni Bir Sayfa 2"},"content":{"rendered":"<p>K\u00fc\u00e7\u00fck cad\u0131 Kiki\u2019nin cad\u0131l\u0131kta ikinci y\u0131l\u0131!   Kiki ilk y\u0131l\u0131nda ailesinin yan\u0131ndan ayr\u0131lm\u0131\u015f, bir k\u0131y\u0131 kasabas\u0131 olan Koriko\u2019ya u\u00e7mu\u015f ve burada kasabal\u0131lara yard\u0131m etmek i\u00e7in bir kargo servisi kurmu\u015ftu.   \u0130kinci y\u0131l\u0131nda ise Kiki ve Jiji\u2019yi yine reng\u00e2renk maceralar bekliyor. Kiki bu s\u00fcre\u00e7te yepyeni dostlar edinecek, zorlu m\u00fc\u015fterilerle ba\u015fa \u00e7\u0131kmay\u0131 \u00f6\u011frenecek ve \u00e7ok daha ba\u015far\u0131l\u0131 bir cad\u0131 olmak ad\u0131na yeni b\u00fcy\u00fcler \u00f6\u011frenmek i\u00e7in ilk ad\u0131m\u0131n\u0131 atacakt\u0131r.   Takako Hirono\u2019nun \u00e7izimleriyle   <\/p>\n","protected":false},"excerpt":{"rendered":"<p>K\u00fc\u00e7\u00fck cad\u0131 Kiki\u2019nin cad\u0131l\u0131kta ikinci y\u0131l\u0131! Kiki ilk y\u0131l\u0131nda ailesinin yan\u0131ndan ayr\u0131lm\u0131\u015f, bir k\u0131y\u0131 kasabas\u0131 olan Koriko\u2019ya u\u00e7mu\u015f ve burada kasabal\u0131lara yard\u0131m etmek i\u00e7in bir kargo<span class=\"excerpt-hellip\"> [\u2026]<\/span><\/p>\n","protected":false},"featured_media":0,"template":"","meta":{"_monsterinsights_skip_tracking":false,"_monsterinsights_sitenote_active":false,"_monsterinsights_sitenote_note":"","_monsterinsights_sitenote_category":0},"product_brand":[],"product_cat":[12291,14777],"product_tag":[],"class_list":{"0":"post-750818","1":"product","2":"type-product","3":"status-publish","5":"product_cat-edebiyat","6":"product_cat-fantastik","7":"pa_cilt-ciltsiz","8":"pa_tur-kitap","9":"pa_yayinevi-ithaki-yayinlari","10":"pa_yazar-eiko-kadono","12":"first","13":"instock","14":"sale","15":"shipping-taxable","16":"purchasable","17":"product-type-simple"},"_links":{"self":[{"href":"https:\/\/roveyayinevi.com.tr\/index.php\/wp-json\/wp\/v2\/product\/750818","targetHints":{"allow":["GET"]}}],"collection":[{"href":"https:\/\/roveyayinevi.com.tr\/index.php\/wp-json\/wp\/v2\/product"}],"about":[{"href":"https:\/\/roveyayinevi.com.tr\/index.php\/wp-json\/wp\/v2\/types\/product"}],"wp:attachment":[{"href":"https:\/\/roveyayinevi.com.tr\/index.php\/wp-json\/wp\/v2\/media?parent=750818"}],"wp:term":[{"taxonomy":"product_brand","embeddable":true,"href":"https:\/\/roveyayinevi.com.tr\/index.php\/wp-json\/wp\/v2\/product_brand?post=750818"},{"taxonomy":"product_cat","embeddable":true,"href":"https:\/\/roveyayinevi.com.tr\/index.php\/wp-json\/wp\/v2\/product_cat?post=750818"},{"taxonomy":"product_tag","embeddable":true,"href":"https:\/\/roveyayinevi.com.tr\/index.php\/wp-json\/wp\/v2\/product_tag?post=750818"}],"curies":[{"name":"wp","href":"https:\/\/api.w.org\/{rel}","templated":true}]}}