{"id":750817,"date":"2025-08-28T04:30:47","date_gmt":"2025-08-28T01:30:47","guid":{"rendered":"https:\/\/roveyayinevi.com.tr\/index.php\/urun\/vahsi-kadinlar\/"},"modified":"2026-04-16T03:04:01","modified_gmt":"2026-04-16T00:04:01","slug":"vahsi-kadinlar","status":"publish","type":"product","link":"https:\/\/roveyayinevi.com.tr\/index.php\/urun\/vahsi-kadinlar\/","title":{"rendered":"Vah\u015fi Kad\u0131nlar"},"content":{"rendered":"<p>Tekinsiz \u00f6yk\u00fclerle dolu Vah\u015fi Kad\u0131nlar\u2019da Aoko Matsuda Japon halk masallar\u0131n\u0131 feminist bak\u0131\u015f a\u00e7\u0131s\u0131yla yeniden yorumluyor. Matsuda binlerce y\u0131ll\u0131k anlat\u0131lar\u0131 al\u0131p g\u00fcn\u00fcm\u00fcz Japonya\u2019s\u0131na ta\u015f\u0131yarak hayalet hik\u00e2yelerini toplumumuzla ilgili daha b\u00fcy\u00fck hakikatleri g\u00f6z \u00f6n\u00fcne sermek i\u00e7in ustal\u0131kla kullan\u0131yor.   Kap\u0131 kap\u0131 dola\u015f\u0131p el feneri satan iki kad\u0131n, her gece konforlu bir banyo yapmak i\u00e7in ziyarete gelen ne\u015feli bir \u00e2\u015f\u0131k, bek\u00e2r bir anne i\u015fteyken eve gelerek bebek bak\u0131c\u0131l\u0131\u011f\u0131 yapan sessiz bir ziyaret\u00e7i&#8230; Bu \u00f6yk\u00fc kitab\u0131nda temizlikten \u015fatolar\u0131 korumaya, seyyar sat\u0131c\u0131l\u0131ktan su\u00e7la sava\u015fmaya kadar bir\u00e7ok yararl\u0131 hizmet sunan ruhlar ile insanlar yan yana geliyor, \u00f6te \u00e2lem ile g\u00fcnl\u00fck hayat i\u00e7 i\u00e7e ge\u00e7iyor.   \u201cAoko Matsuda\u2019n\u0131n hayaletleri tan\u0131d\u0131\u011f\u0131n\u0131z insanlar\u0131n karakteristiklerine sahip: kimi yak\u0131n bir arkada\u015f\u0131n\u0131z, kimi pe\u015fin h\u00fck\u00fcml\u00fc akraban\u0131z, kimiyse g\u00fcn i\u00e7inde rastla\u015ft\u0131\u011f\u0131n\u0131z i\u015fg\u00fczar kimseler. Kitap ilerledik\u00e7e Matsuda ilmekleri s\u0131kla\u015ft\u0131r\u0131p karakterleri birbirlerine yakla\u015ft\u0131r\u0131yor ve bir b\u00fct\u00fcn olarak kitap, d\u00fc\u015f\u00fcnd\u00fc\u011f\u00fcn\u00fczden daha zengin ve derin bir h\u00e2l al\u0131yor.\u201d \u2013Kelly Link <\/p>\n","protected":false},"excerpt":{"rendered":"<p>Tekinsiz \u00f6yk\u00fclerle dolu Vah\u015fi Kad\u0131nlar\u2019da Aoko Matsuda Japon halk masallar\u0131n\u0131 feminist bak\u0131\u015f a\u00e7\u0131s\u0131yla yeniden yorumluyor. Matsuda binlerce y\u0131ll\u0131k anlat\u0131lar\u0131 al\u0131p g\u00fcn\u00fcm\u00fcz Japonya\u2019s\u0131na ta\u015f\u0131yarak hayalet hik\u00e2yelerini toplumumuzla<span class=\"excerpt-hellip\"> [\u2026]<\/span><\/p>\n","protected":false},"featured_media":0,"template":"","meta":{"_monsterinsights_skip_tracking":false,"_monsterinsights_sitenote_active":false,"_monsterinsights_sitenote_note":"","_monsterinsights_sitenote_category":0},"product_brand":[],"product_cat":[12291,14777],"product_tag":[],"class_list":{"0":"post-750817","1":"product","2":"type-product","3":"status-publish","5":"product_cat-edebiyat","6":"product_cat-fantastik","7":"pa_cilt-ciltsiz","8":"pa_tur-kitap","9":"pa_yayinevi-ithaki-yayinlari","10":"pa_yazar-aoko-matsuda","12":"first","13":"instock","14":"sale","15":"shipping-taxable","16":"purchasable","17":"product-type-simple"},"_links":{"self":[{"href":"https:\/\/roveyayinevi.com.tr\/index.php\/wp-json\/wp\/v2\/product\/750817","targetHints":{"allow":["GET"]}}],"collection":[{"href":"https:\/\/roveyayinevi.com.tr\/index.php\/wp-json\/wp\/v2\/product"}],"about":[{"href":"https:\/\/roveyayinevi.com.tr\/index.php\/wp-json\/wp\/v2\/types\/product"}],"wp:attachment":[{"href":"https:\/\/roveyayinevi.com.tr\/index.php\/wp-json\/wp\/v2\/media?parent=750817"}],"wp:term":[{"taxonomy":"product_brand","embeddable":true,"href":"https:\/\/roveyayinevi.com.tr\/index.php\/wp-json\/wp\/v2\/product_brand?post=750817"},{"taxonomy":"product_cat","embeddable":true,"href":"https:\/\/roveyayinevi.com.tr\/index.php\/wp-json\/wp\/v2\/product_cat?post=750817"},{"taxonomy":"product_tag","embeddable":true,"href":"https:\/\/roveyayinevi.com.tr\/index.php\/wp-json\/wp\/v2\/product_tag?post=750817"}],"curies":[{"name":"wp","href":"https:\/\/api.w.org\/{rel}","templated":true}]}}