{"id":750815,"date":"2025-08-28T04:30:45","date_gmt":"2025-08-28T01:30:45","guid":{"rendered":"https:\/\/roveyayinevi.com.tr\/index.php\/urun\/haarp\/"},"modified":"2026-04-16T03:04:01","modified_gmt":"2026-04-16T00:04:01","slug":"haarp","status":"publish","type":"product","link":"https:\/\/roveyayinevi.com.tr\/index.php\/urun\/haarp\/","title":{"rendered":"Haarp"},"content":{"rendered":"<p>\u201c\u0130steseydim Manhattan\u2019\u0131 yerle bir edebilirdim!\u201d \u2013 Nikola Tesla   HAARP, ABD taraf\u0131ndan iyonosferin \u00f6zelliklerini ve davran\u0131\u015flar\u0131n\u0131 ara\u015ft\u0131rmak \u00fczere Alaska\u2019da s\u00fcrd\u00fcr\u00fclen bir projedir ve mucidi ise gizemli bilimadam\u0131 Nikola Tesla\u2019d\u0131r. HAARP projesi ABD taraf\u0131ndan ortaya konulan projeler aras\u0131nda en tart\u0131\u015fmal\u0131lar\u0131ndan biridir. \u00c7\u00fcnk\u00fc iklim kontrol, yapay deprem ve zihin kontrol silah\u0131 olarak kullan\u0131labilece\u011fine dair \u00f6nemli iddialar ortaya at\u0131lm\u0131\u015ft\u0131r.   T\u00fcrkiye\u2019deki 17 A\u011fustos G\u00f6lc\u00fck ve 6 \u015eubat Kahramanmara\u015f depremlerinden Japonya\u2019daki tsunamiye varana dek HAARP\u2019\u0131n izlerinin olup olmad\u0131\u011f\u0131 tart\u0131\u015f\u0131lm\u0131\u015ft\u0131r. Derin D\u00fcnya Devleti\u2019nin gizemli \u00f6rg\u00fct\u00fc \u0130lluminati acaba HAARP\u2019\u0131 kullanarak yapay deprem ve tsunamiler olu\u015fturmak suretiyle n\u00fcfuslar\u0131 azaltmay\u0131 hedefliyor olabilir miydi? ABD\u2019nin eski d\u0131\u015fi\u015fleri bakan\u0131 Condoleezza Rice \u201cYirmi iki \u00fclkenin s\u0131n\u0131rlar\u0131 de\u011fi\u015fecek&#8230;\u201d derken acaba Ortado\u011fu\u2019da s\u00fcren sava\u015flar s\u00fcrecinde b\u00f6l\u00fcnen veya etkisizle\u015ftirilen \u00fclkelere HAARP vas\u0131tas\u0131 ile uygulanan \u201cZihin Kontrol-Telegram\u201d operasyonunun ba\u015flad\u0131\u011f\u0131n\u0131 m\u0131 duyuruyordu? Tanr\u0131\u2019n\u0131n ilahi sistemine kar\u015f\u0131 \u00e7\u0131kan \u015feytan acaba iklimlere m\u00fcdahale etme yetkisine sahip Mikail (as) mele\u011fine kar\u015f\u0131l\u0131k Deccal\u2019\u0131n Mikail\u2019i olarak HAARP\u2019\u0131 m\u0131 kullan\u0131yordu? Kuran\u2019da hangi surede HAARP silah\u0131na i\u015faret vard\u0131 ve III. D\u00fcnya Sava\u015f\u0131 Armageddon\u2019a giden s\u00fcre\u00e7te HAARP\u2019\u0131n etkisi ne olacakt\u0131? <\/p>\n","protected":false},"excerpt":{"rendered":"<p>\u201c\u0130steseydim Manhattan\u2019\u0131 yerle bir edebilirdim!\u201d \u2013 Nikola Tesla HAARP, ABD taraf\u0131ndan iyonosferin \u00f6zelliklerini ve davran\u0131\u015flar\u0131n\u0131 ara\u015ft\u0131rmak \u00fczere Alaska\u2019da s\u00fcrd\u00fcr\u00fclen bir projedir ve mucidi ise gizemli bilimadam\u0131<span class=\"excerpt-hellip\"> [\u2026]<\/span><\/p>\n","protected":false},"featured_media":0,"template":"","meta":{"_monsterinsights_skip_tracking":false,"_monsterinsights_sitenote_active":false,"_monsterinsights_sitenote_note":"","_monsterinsights_sitenote_category":0},"product_brand":[],"product_cat":[13590,12337],"product_tag":[],"class_list":{"0":"post-750815","1":"product","2":"type-product","3":"status-publish","5":"product_cat-arastirma-inceleme-politika-siyaset","6":"product_cat-politika-siyaset","7":"pa_cilt-ciltsiz","8":"pa_tur-kitap","9":"pa_yayinevi-destek-yayinlari","10":"pa_yazar-turker-akinci-kursad-berkkan","12":"first","13":"instock","14":"sale","15":"shipping-taxable","16":"purchasable","17":"product-type-simple"},"_links":{"self":[{"href":"https:\/\/roveyayinevi.com.tr\/index.php\/wp-json\/wp\/v2\/product\/750815","targetHints":{"allow":["GET"]}}],"collection":[{"href":"https:\/\/roveyayinevi.com.tr\/index.php\/wp-json\/wp\/v2\/product"}],"about":[{"href":"https:\/\/roveyayinevi.com.tr\/index.php\/wp-json\/wp\/v2\/types\/product"}],"wp:attachment":[{"href":"https:\/\/roveyayinevi.com.tr\/index.php\/wp-json\/wp\/v2\/media?parent=750815"}],"wp:term":[{"taxonomy":"product_brand","embeddable":true,"href":"https:\/\/roveyayinevi.com.tr\/index.php\/wp-json\/wp\/v2\/product_brand?post=750815"},{"taxonomy":"product_cat","embeddable":true,"href":"https:\/\/roveyayinevi.com.tr\/index.php\/wp-json\/wp\/v2\/product_cat?post=750815"},{"taxonomy":"product_tag","embeddable":true,"href":"https:\/\/roveyayinevi.com.tr\/index.php\/wp-json\/wp\/v2\/product_tag?post=750815"}],"curies":[{"name":"wp","href":"https:\/\/api.w.org\/{rel}","templated":true}]}}