{"id":750814,"date":"2025-08-28T04:30:44","date_gmt":"2025-08-28T01:30:44","guid":{"rendered":"https:\/\/roveyayinevi.com.tr\/index.php\/urun\/deruni-devlet\/"},"modified":"2026-04-11T03:12:08","modified_gmt":"2026-04-11T00:12:08","slug":"deruni-devlet","status":"publish","type":"product","link":"https:\/\/roveyayinevi.com.tr\/index.php\/urun\/deruni-devlet\/","title":{"rendered":"Deruni Devlet"},"content":{"rendered":"<p>Bir meczubun \u015feytan\u0131 tedirgin edecek r\u00fcyas\u0131 devam ediyor&#8230; Dabbet-\u00fcl Arz nedir? \u015eekli nas\u0131l olacak? \u0130nsanl\u0131k nas\u0131l bir de\u011fi\u015fime u\u011frayacak? 16\u2019lar kimdir? G\u00f6revleri nedir, nas\u0131l se\u00e7ilirler? Deruni Devlet nedir? Turk kimdir? Hz. \u00c2dem\u2019den beri T\u00fcrk Milleti\u2019nin varl\u0131\u011f\u0131 nas\u0131l devam etmi\u015ftir? T\u00fcrk bayra\u011f\u0131 nas\u0131l do\u011fmu\u015ftur? Hz. H\u0131z\u0131r\u2019\u0131n ger\u00e7ek ad\u0131 nedir? O\u011fuz Ka\u011fan Te\u015fkilat\u0131 nas\u0131l \u00e7al\u0131\u015f\u0131yor? Kutsal Hal\u0131\u2019n\u0131n s\u0131rr\u0131. Zeugma\u2019da Da Vinci\u2019nin s\u0131rr\u0131. Pandora\u2019n\u0131n odas\u0131nda neler oldu? \u0130stanbul\u2019un manyetik kap\u0131lar\u0131 nas\u0131l a\u00e7\u0131ld\u0131? Ve daha bir\u00e7ok konu Oktan Kele\u015f taraf\u0131ndan a\u00e7\u0131klan\u0131yor. T\u00fcrkler tekrar tarih sahnesinde oyun kurucu olarak yer al\u0131yor. Bu b\u00fcy\u00fck m\u00fcjdenin manas\u0131n\u0131 bu kitapta bulacaks\u0131n\u0131z. \u015eeytan\u0131 tedirgin eden \u015fifreler ilk kez \u00e7\u00f6z\u00fcl\u00fcyor&#8230; <\/p>\n","protected":false},"excerpt":{"rendered":"<p>Bir meczubun \u015feytan\u0131 tedirgin edecek r\u00fcyas\u0131 devam ediyor&#8230; Dabbet-\u00fcl Arz nedir? \u015eekli nas\u0131l olacak? \u0130nsanl\u0131k nas\u0131l bir de\u011fi\u015fime u\u011frayacak? 16\u2019lar kimdir? G\u00f6revleri nedir, nas\u0131l se\u00e7ilirler? Deruni<span class=\"excerpt-hellip\"> [\u2026]<\/span><\/p>\n","protected":false},"featured_media":0,"template":"","meta":{"_monsterinsights_skip_tracking":false,"_monsterinsights_sitenote_active":false,"_monsterinsights_sitenote_note":"","_monsterinsights_sitenote_category":0},"product_brand":[],"product_cat":[12370,12304],"product_tag":[],"class_list":{"0":"post-750814","1":"product","2":"type-product","3":"status-publish","5":"product_cat-arastirma-inceleme","6":"product_cat-tarih","7":"pa_cilt-ciltsiz","8":"pa_tur-kitap","9":"pa_yayinevi-destek-yayinlari","10":"pa_yazar-oktan-keles","12":"first","13":"instock","14":"sale","15":"shipping-taxable","16":"purchasable","17":"product-type-simple"},"_links":{"self":[{"href":"https:\/\/roveyayinevi.com.tr\/index.php\/wp-json\/wp\/v2\/product\/750814","targetHints":{"allow":["GET"]}}],"collection":[{"href":"https:\/\/roveyayinevi.com.tr\/index.php\/wp-json\/wp\/v2\/product"}],"about":[{"href":"https:\/\/roveyayinevi.com.tr\/index.php\/wp-json\/wp\/v2\/types\/product"}],"wp:attachment":[{"href":"https:\/\/roveyayinevi.com.tr\/index.php\/wp-json\/wp\/v2\/media?parent=750814"}],"wp:term":[{"taxonomy":"product_brand","embeddable":true,"href":"https:\/\/roveyayinevi.com.tr\/index.php\/wp-json\/wp\/v2\/product_brand?post=750814"},{"taxonomy":"product_cat","embeddable":true,"href":"https:\/\/roveyayinevi.com.tr\/index.php\/wp-json\/wp\/v2\/product_cat?post=750814"},{"taxonomy":"product_tag","embeddable":true,"href":"https:\/\/roveyayinevi.com.tr\/index.php\/wp-json\/wp\/v2\/product_tag?post=750814"}],"curies":[{"name":"wp","href":"https:\/\/api.w.org\/{rel}","templated":true}]}}