{"id":750813,"date":"2025-08-28T04:30:42","date_gmt":"2025-08-28T01:30:42","guid":{"rendered":"https:\/\/roveyayinevi.com.tr\/index.php\/urun\/iki-gozum-despina\/"},"modified":"2026-04-16T03:04:01","modified_gmt":"2026-04-16T00:04:01","slug":"iki-gozum-despina","status":"publish","type":"product","link":"https:\/\/roveyayinevi.com.tr\/index.php\/urun\/iki-gozum-despina\/","title":{"rendered":"\u0130ki G\u00f6z\u00fcm Despina"},"content":{"rendered":"<p>\u201cBiz; iki yakan\u0131n birinde ama sevdiklerimizin hep kar\u015f\u0131 k\u0131y\u0131s\u0131nda kalm\u0131\u015f g\u00f6\u00e7men ku\u015flar! Biz, bir daha asla ayn\u0131 yakada ya\u015fayamam\u0131\u015f, do\u011fdu\u011fu topraklardan uzak hasretlikler! An\u0131lar\u0131m\u0131z var hep suyun \u00f6te yan\u0131nda. G\u00fcna\u015f\u0131r\u0131 da olsa, ayda y\u0131lda bir de olsa, dal\u0131p dal\u0131p gitti\u011fimiz memleketlerimiz var bizim uzaklarda&#8230; Memleketim Midilli, hasretli\u011fim Despina. Biri benim, di\u011feri kalbimin do\u011fdu\u011fu ev!\u201d \u0130ki G\u00f6z\u00fcm Despina, 1923 senesinde T\u00fcrkiye ile Yunanistanaras\u0131nda yap\u0131lan n\u00fcfus m\u00fcbadelesini yedi ya\u015f\u0131nda bir \u00e7ocu\u011fun, annesi Rum babas\u0131 T\u00fcrk olan Emin Ali\u2019nin g\u00f6z\u00fcnden anlat\u0131yor. 2022 senesinde Yunanistan\u2019da da bas\u0131lan kitap, her iki yakada da ya\u015fan\u0131lan bu trajediyi bir \u00e7ocu\u011fun safl\u0131\u011f\u0131yla g\u00f6zler \u00f6n\u00fcne seriyor.<\/p>\n","protected":false},"excerpt":{"rendered":"<p>\u201cBiz; iki yakan\u0131n birinde ama sevdiklerimizin hep kar\u015f\u0131 k\u0131y\u0131s\u0131nda kalm\u0131\u015f g\u00f6\u00e7men ku\u015flar! Biz, bir daha asla ayn\u0131 yakada ya\u015fayamam\u0131\u015f, do\u011fdu\u011fu topraklardan uzak hasretlikler! An\u0131lar\u0131m\u0131z var hep<span class=\"excerpt-hellip\"> [\u2026]<\/span><\/p>\n","protected":false},"featured_media":0,"template":"","meta":{"_monsterinsights_skip_tracking":false,"_monsterinsights_sitenote_active":false,"_monsterinsights_sitenote_note":"","_monsterinsights_sitenote_category":0},"product_brand":[],"product_cat":[12291,12711],"product_tag":[],"class_list":{"0":"post-750813","1":"product","2":"type-product","3":"status-publish","5":"product_cat-edebiyat","6":"product_cat-roman-oyku","7":"pa_cilt-ciltsiz","8":"pa_tur-kitap","9":"pa_yayinevi-epsilon-yayinlari","10":"pa_yazar-yasemin-ozek","12":"first","13":"instock","14":"sale","15":"shipping-taxable","16":"purchasable","17":"product-type-simple"},"_links":{"self":[{"href":"https:\/\/roveyayinevi.com.tr\/index.php\/wp-json\/wp\/v2\/product\/750813","targetHints":{"allow":["GET"]}}],"collection":[{"href":"https:\/\/roveyayinevi.com.tr\/index.php\/wp-json\/wp\/v2\/product"}],"about":[{"href":"https:\/\/roveyayinevi.com.tr\/index.php\/wp-json\/wp\/v2\/types\/product"}],"wp:attachment":[{"href":"https:\/\/roveyayinevi.com.tr\/index.php\/wp-json\/wp\/v2\/media?parent=750813"}],"wp:term":[{"taxonomy":"product_brand","embeddable":true,"href":"https:\/\/roveyayinevi.com.tr\/index.php\/wp-json\/wp\/v2\/product_brand?post=750813"},{"taxonomy":"product_cat","embeddable":true,"href":"https:\/\/roveyayinevi.com.tr\/index.php\/wp-json\/wp\/v2\/product_cat?post=750813"},{"taxonomy":"product_tag","embeddable":true,"href":"https:\/\/roveyayinevi.com.tr\/index.php\/wp-json\/wp\/v2\/product_tag?post=750813"}],"curies":[{"name":"wp","href":"https:\/\/api.w.org\/{rel}","templated":true}]}}