{"id":750811,"date":"2025-08-28T04:30:38","date_gmt":"2025-08-28T01:30:38","guid":{"rendered":"https:\/\/roveyayinevi.com.tr\/index.php\/urun\/cagdas-felsefe-ve-teknik\/"},"modified":"2026-04-16T03:04:01","modified_gmt":"2026-04-16T00:04:01","slug":"cagdas-felsefe-ve-teknik","status":"publish","type":"product","link":"https:\/\/roveyayinevi.com.tr\/index.php\/urun\/cagdas-felsefe-ve-teknik\/","title":{"rendered":"\u00c7a\u011fda\u015f Felsefe ve Teknik"},"content":{"rendered":"<p>Tekni\u011fin kapsam\u0131 ve ya\u015famsal rol\u00fc hesaba kat\u0131ld\u0131\u011f\u0131nda, felsefe tarihinde onu kavramak i\u00e7in g\u00f6sterilmi\u015f \u00e7aban\u0131n \u00e7ok daha b\u00fcy\u00fck olmas\u0131 beklenebilirdi. Her yerde hem ya\u015fam\u0131 kuran, \u00f6ren, \u00e7o\u011faltan hem de yaralayan, y\u0131kan teknikler, teknolojiler var. \u00dcstelik teknolojileri \u00f6yle basit\u00e7e kulland\u0131\u011f\u0131m\u0131z, d\u0131\u015fsal ara\u00e7lar gibi de\u011ferlendirmek yetersiz olur; onlar tam da var olma, d\u00fcnyada olma deneyimimizin par\u00e7as\u0131d\u0131r. \u0130\u015fte bu y\u00fczden tekni\u011fi d\u00fc\u015f\u00fcnmek d\u00fcnyada olu\u015fumuzu d\u00fc\u015f\u00fcnmektir. Bu derleme, \u00e7a\u011fda\u015f felsefe evrenine ait filozoflardan hareketle teknik, teknoloji meselesini yeniden d\u00fc\u015f\u00fcnme arzusuyla \u015fekillendi. Elinizdeki kitapta adlar\u0131 do\u011frudan teknik sorunsal\u0131yla an\u0131lan filozoflar oldu\u011fu gibi bu ba\u011flam i\u00e7inde hemen akla gelmeyen filozoflar da yer al\u0131yor. Bergson, Benjamin, Heidegger, Simondon, Deleuze, Foucault ve Derrida d\u00fc\u015f\u00fcnceleri teknik meselesi ekseninde de\u011ferlendiriliyor. <\/p>\n","protected":false},"excerpt":{"rendered":"<p>Tekni\u011fin kapsam\u0131 ve ya\u015famsal rol\u00fc hesaba kat\u0131ld\u0131\u011f\u0131nda, felsefe tarihinde onu kavramak i\u00e7in g\u00f6sterilmi\u015f \u00e7aban\u0131n \u00e7ok daha b\u00fcy\u00fck olmas\u0131 beklenebilirdi. Her yerde hem ya\u015fam\u0131 kuran, \u00f6ren, \u00e7o\u011faltan<span class=\"excerpt-hellip\"> [\u2026]<\/span><\/p>\n","protected":false},"featured_media":0,"template":"","meta":{"_monsterinsights_skip_tracking":false,"_monsterinsights_sitenote_active":false,"_monsterinsights_sitenote_note":"","_monsterinsights_sitenote_category":0},"product_brand":[],"product_cat":[13072,12291],"product_tag":[],"class_list":{"0":"post-750811","1":"product","2":"type-product","3":"status-publish","5":"product_cat-arastirma-inceleme-referans","6":"product_cat-edebiyat","7":"pa_cilt-ciltsiz","8":"pa_tur-kitap","9":"pa_yayinevi-pinhan-yayincilik","10":"pa_yazar-kolektif","12":"first","13":"instock","14":"sale","15":"shipping-taxable","16":"purchasable","17":"product-type-simple"},"_links":{"self":[{"href":"https:\/\/roveyayinevi.com.tr\/index.php\/wp-json\/wp\/v2\/product\/750811","targetHints":{"allow":["GET"]}}],"collection":[{"href":"https:\/\/roveyayinevi.com.tr\/index.php\/wp-json\/wp\/v2\/product"}],"about":[{"href":"https:\/\/roveyayinevi.com.tr\/index.php\/wp-json\/wp\/v2\/types\/product"}],"wp:attachment":[{"href":"https:\/\/roveyayinevi.com.tr\/index.php\/wp-json\/wp\/v2\/media?parent=750811"}],"wp:term":[{"taxonomy":"product_brand","embeddable":true,"href":"https:\/\/roveyayinevi.com.tr\/index.php\/wp-json\/wp\/v2\/product_brand?post=750811"},{"taxonomy":"product_cat","embeddable":true,"href":"https:\/\/roveyayinevi.com.tr\/index.php\/wp-json\/wp\/v2\/product_cat?post=750811"},{"taxonomy":"product_tag","embeddable":true,"href":"https:\/\/roveyayinevi.com.tr\/index.php\/wp-json\/wp\/v2\/product_tag?post=750811"}],"curies":[{"name":"wp","href":"https:\/\/api.w.org\/{rel}","templated":true}]}}