{"id":750810,"date":"2025-08-28T04:30:36","date_gmt":"2025-08-28T01:30:36","guid":{"rendered":"https:\/\/roveyayinevi.com.tr\/index.php\/urun\/queer-yazilari\/"},"modified":"2026-04-16T03:04:01","modified_gmt":"2026-04-16T00:04:01","slug":"queer-yazilari","status":"publish","type":"product","link":"https:\/\/roveyayinevi.com.tr\/index.php\/urun\/queer-yazilari\/","title":{"rendered":"Queer Yaz\u0131lar\u0131"},"content":{"rendered":"<p>Feminizm, k\u00fclt\u00fcr tarihini yap\u0131s\u00f6k\u00fcme u\u011fratarak, insan ya\u015fam\u0131n\u0131n her katman\u0131na damgas\u0131n\u0131 vuran eril tahakk\u00fcm\u00fc g\u00f6r\u00fcn\u00fcr k\u0131ld\u0131. Fakat toplumsal cinsiyetin biyolojik ikiliklerini hala s\u00fcrd\u00fcren ele\u015ftirisi, cinsiyet sorunsal\u0131n\u0131 kavramak noktas\u0131nda yetersiz kalm\u0131\u015ft\u0131r. Queer, tam da bu ba\u011flamda feminizme yeni bir a\u00e7\u0131l\u0131m kazand\u0131r\u0131r ve cinsiyet mefhumunu her anlamda ele\u015ftiriye a\u00e7ar. Queer Yaz\u0131lar\u0131, T\u00fcrkiye\u2019deki Queer tart\u0131\u015fmalar\u0131na katk\u0131 sunmak amac\u0131yla tasarland\u0131. Kitapta; Felsefe, Antropoloji, Psikanaliz ve Edebiyat gibi bir\u00e7ok disipline dair T\u00fcrkiye\u2019den ve d\u00fcnyadan incelemeler yer al\u0131yor.<\/p>\n","protected":false},"excerpt":{"rendered":"<p>Feminizm, k\u00fclt\u00fcr tarihini yap\u0131s\u00f6k\u00fcme u\u011fratarak, insan ya\u015fam\u0131n\u0131n her katman\u0131na damgas\u0131n\u0131 vuran eril tahakk\u00fcm\u00fc g\u00f6r\u00fcn\u00fcr k\u0131ld\u0131. Fakat toplumsal cinsiyetin biyolojik ikiliklerini hala s\u00fcrd\u00fcren ele\u015ftirisi, cinsiyet sorunsal\u0131n\u0131 kavramak<span class=\"excerpt-hellip\"> [\u2026]<\/span><\/p>\n","protected":false},"featured_media":0,"template":"","meta":{"_monsterinsights_skip_tracking":false,"_monsterinsights_sitenote_active":false,"_monsterinsights_sitenote_note":"","_monsterinsights_sitenote_category":0},"product_brand":[],"product_cat":[13072,12291],"product_tag":[],"class_list":{"0":"post-750810","1":"product","2":"type-product","3":"status-publish","5":"product_cat-arastirma-inceleme-referans","6":"product_cat-edebiyat","7":"pa_cilt-ciltsiz","8":"pa_tur-kitap","9":"pa_yayinevi-pinhan-yayincilik","10":"pa_yazar-kolektif","12":"first","13":"instock","14":"sale","15":"shipping-taxable","16":"purchasable","17":"product-type-simple"},"_links":{"self":[{"href":"https:\/\/roveyayinevi.com.tr\/index.php\/wp-json\/wp\/v2\/product\/750810","targetHints":{"allow":["GET"]}}],"collection":[{"href":"https:\/\/roveyayinevi.com.tr\/index.php\/wp-json\/wp\/v2\/product"}],"about":[{"href":"https:\/\/roveyayinevi.com.tr\/index.php\/wp-json\/wp\/v2\/types\/product"}],"wp:attachment":[{"href":"https:\/\/roveyayinevi.com.tr\/index.php\/wp-json\/wp\/v2\/media?parent=750810"}],"wp:term":[{"taxonomy":"product_brand","embeddable":true,"href":"https:\/\/roveyayinevi.com.tr\/index.php\/wp-json\/wp\/v2\/product_brand?post=750810"},{"taxonomy":"product_cat","embeddable":true,"href":"https:\/\/roveyayinevi.com.tr\/index.php\/wp-json\/wp\/v2\/product_cat?post=750810"},{"taxonomy":"product_tag","embeddable":true,"href":"https:\/\/roveyayinevi.com.tr\/index.php\/wp-json\/wp\/v2\/product_tag?post=750810"}],"curies":[{"name":"wp","href":"https:\/\/api.w.org\/{rel}","templated":true}]}}