{"id":750808,"date":"2025-08-28T04:30:34","date_gmt":"2025-08-28T01:30:34","guid":{"rendered":"https:\/\/roveyayinevi.com.tr\/index.php\/urun\/cevre-kahramanlari-geri-donusum-pesinde\/"},"modified":"2026-04-16T03:04:01","modified_gmt":"2026-04-16T00:04:01","slug":"cevre-kahramanlari-geri-donusum-pesinde","status":"publish","type":"product","link":"https:\/\/roveyayinevi.com.tr\/index.php\/urun\/cevre-kahramanlari-geri-donusum-pesinde\/","title":{"rendered":"\u00c7evre Kahramanlar\u0131 Geri D\u00f6n\u00fc\u015f\u00fcm Pe\u015finde"},"content":{"rendered":"<p>Do\u011fal Kaynaklar S\u00fcrd\u00fcr\u00fclebilir Ya\u015fam Koruma Hayvan Sevgisi Do\u011fa Sevgisi   Pelin ile Kemal kamp yapmaya gittikleri R\u00fcyalar Orman\u0131\u2019nda gezerken dev bir \u00e7\u0131nar a\u011fac\u0131 dikkatlerini \u00e7eker ve kovuktan i\u00e7eri girdiklerinde macera ba\u015flar. Pelin ile Kemal, Profes\u00f6r Dodo ve sakar \u0130bibik ku\u015fu yard\u0131m\u0131yla gelece\u011fe gider. Fakat gelecek, hi\u00e7 de hayal ettikleri gibi de\u011fildir. \u00c7\u00fcnk\u00fc orada tan\u0131\u015ft\u0131klar\u0131 G\u00fcne\u015f\u2019in ne \u00e7ilekten ne dondurmadan ne de denizden haberi vard\u0131r. G\u00fcn\u00fcm\u00fcze d\u00f6nen ve arkada\u015flar\u0131n\u0131 bilgilendiren Pelin ile Kemal\u2019in at\u0131klarla m\u00fccadelesi ba\u015flar. Onlar art\u0131k birer \u201c\u00e7evre kahraman\u0131\u201dd\u0131r.   S\u00fcrd\u00fcr\u00fclebilir bir ya\u015fam i\u00e7in ne yapmam\u0131z gerekti\u011fine de\u011finen, do\u011fa sevgisiyle \u00f6r\u00fcl\u00fc e\u011flenceli ve macera dolu bir hik\u00e2ye!<\/p>\n","protected":false},"excerpt":{"rendered":"<p>Do\u011fal Kaynaklar S\u00fcrd\u00fcr\u00fclebilir Ya\u015fam Koruma Hayvan Sevgisi Do\u011fa Sevgisi Pelin ile Kemal kamp yapmaya gittikleri R\u00fcyalar Orman\u0131\u2019nda gezerken dev bir \u00e7\u0131nar a\u011fac\u0131 dikkatlerini \u00e7eker ve kovuktan<span class=\"excerpt-hellip\"> [\u2026]<\/span><\/p>\n","protected":false},"featured_media":0,"template":"","meta":{"_monsterinsights_skip_tracking":false,"_monsterinsights_sitenote_active":false,"_monsterinsights_sitenote_note":"","_monsterinsights_sitenote_category":0},"product_brand":[],"product_cat":[12274,12284],"product_tag":[],"class_list":{"0":"post-750808","1":"product","2":"type-product","3":"status-publish","5":"product_cat-cocuk-ve-genclik-kitaplari","6":"product_cat-hikayeler","7":"pa_cilt-ciltsiz","8":"pa_tur-kitap","9":"pa_yayinevi-masalperest-ozel-urun","10":"pa_yazar-dogan-akdogan","12":"first","13":"instock","14":"sale","15":"shipping-taxable","16":"purchasable","17":"product-type-simple"},"_links":{"self":[{"href":"https:\/\/roveyayinevi.com.tr\/index.php\/wp-json\/wp\/v2\/product\/750808","targetHints":{"allow":["GET"]}}],"collection":[{"href":"https:\/\/roveyayinevi.com.tr\/index.php\/wp-json\/wp\/v2\/product"}],"about":[{"href":"https:\/\/roveyayinevi.com.tr\/index.php\/wp-json\/wp\/v2\/types\/product"}],"wp:attachment":[{"href":"https:\/\/roveyayinevi.com.tr\/index.php\/wp-json\/wp\/v2\/media?parent=750808"}],"wp:term":[{"taxonomy":"product_brand","embeddable":true,"href":"https:\/\/roveyayinevi.com.tr\/index.php\/wp-json\/wp\/v2\/product_brand?post=750808"},{"taxonomy":"product_cat","embeddable":true,"href":"https:\/\/roveyayinevi.com.tr\/index.php\/wp-json\/wp\/v2\/product_cat?post=750808"},{"taxonomy":"product_tag","embeddable":true,"href":"https:\/\/roveyayinevi.com.tr\/index.php\/wp-json\/wp\/v2\/product_tag?post=750808"}],"curies":[{"name":"wp","href":"https:\/\/api.w.org\/{rel}","templated":true}]}}