{"id":750807,"date":"2025-08-28T04:30:33","date_gmt":"2025-08-28T01:30:33","guid":{"rendered":"https:\/\/roveyayinevi.com.tr\/index.php\/urun\/is-plani-yazma-klavuzu\/"},"modified":"2026-04-16T03:04:01","modified_gmt":"2026-04-16T00:04:01","slug":"is-plani-yazma-klavuzu","status":"publish","type":"product","link":"https:\/\/roveyayinevi.com.tr\/index.php\/urun\/is-plani-yazma-klavuzu\/","title":{"rendered":"\u0130\u015f Plan\u0131 Yazma Klavuzu"},"content":{"rendered":"<p>Giri\u015fimcilik, finans, i\u015f plan\u0131 ve y\u00f6netim \u00fczerine e\u011fitimler veren Aysan Do\u011faner, i\u015f plan\u0131 yazmay\u0131 kolayla\u015ft\u0131ran bir k\u0131lavuz haz\u0131rlad\u0131. Haz\u0131rl\u0131k a\u015famas\u0131ndan yaz\u0131m a\u015famas\u0131na ad\u0131m ad\u0131m ilerleyen; \u00f6rnek tablo, vak\u2019a analizi ve infografiklerle anlat\u0131m\u0131 kolayla\u015ft\u0131ran bu kitab\u0131 okudu\u011funuzda, \u201c\u0130\u015f plan\u0131 yazmak bu kadar da kolay m\u0131ym\u0131\u015f?\u201d diyeceksiniz.   \u0130yi yaz\u0131lm\u0131\u015f bir i\u015f plan\u0131; kendi i\u015fini kurmak ve k\u00e2rl\u0131 b\u00fcy\u00fcmek isteyen giri\u015fimciler i\u00e7in harika bir pusula ve yol haritas\u0131d\u0131r.  Sizi, karanl\u0131kta iz s\u00fcrmekten kurtar\u0131r. \u0130\u015f plan\u0131 sayesinde \u201cplanl\u0131, programl\u0131\u201d ve \u201chesapl\u0131, kitapl\u0131\u201d i\u015f yapma disiplini kazanan bir giri\u015fimci; hibe ve te\u015fviklerden yararlanman\u0131n, ortak edinmenin ve kredi bulman\u0131n yollar\u0131n\u0131 da \u00f6\u011frenmi\u015f olur.    Bu arada form\u00fcll\u00fc ve birbiriyle entegre olan t\u00fcm finansal tablolar\u0131, \u00f6rnek i\u015f planlar\u0131n\u0131 www.aysandoganer.com\u2019dan indirip \u00fczerinde sim\u00fclasyon yapabilirsiniz.   Eh, daha ne olsun, ne diyelim! Kolay gelsin\u2026  <\/p>\n","protected":false},"excerpt":{"rendered":"<p>Giri\u015fimcilik, finans, i\u015f plan\u0131 ve y\u00f6netim \u00fczerine e\u011fitimler veren Aysan Do\u011faner, i\u015f plan\u0131 yazmay\u0131 kolayla\u015ft\u0131ran bir k\u0131lavuz haz\u0131rlad\u0131. Haz\u0131rl\u0131k a\u015famas\u0131ndan yaz\u0131m a\u015famas\u0131na ad\u0131m ad\u0131m ilerleyen; \u00f6rnek<span class=\"excerpt-hellip\"> [\u2026]<\/span><\/p>\n","protected":false},"featured_media":0,"template":"","meta":{"_monsterinsights_skip_tracking":false,"_monsterinsights_sitenote_active":false,"_monsterinsights_sitenote_note":"","_monsterinsights_sitenote_category":0},"product_brand":[],"product_cat":[13043,19008],"product_tag":[],"class_list":{"0":"post-750807","1":"product","2":"type-product","3":"status-publish","5":"product_cat-ekonomi","6":"product_cat-yonetim","7":"pa_cilt-ciltsiz","8":"pa_tur-kitap","9":"pa_yayinevi-matiz-yayinevi","10":"pa_yazar-aysan-doganer-i-bulent-celik","12":"first","13":"instock","14":"sale","15":"shipping-taxable","16":"purchasable","17":"product-type-simple"},"_links":{"self":[{"href":"https:\/\/roveyayinevi.com.tr\/index.php\/wp-json\/wp\/v2\/product\/750807","targetHints":{"allow":["GET"]}}],"collection":[{"href":"https:\/\/roveyayinevi.com.tr\/index.php\/wp-json\/wp\/v2\/product"}],"about":[{"href":"https:\/\/roveyayinevi.com.tr\/index.php\/wp-json\/wp\/v2\/types\/product"}],"wp:attachment":[{"href":"https:\/\/roveyayinevi.com.tr\/index.php\/wp-json\/wp\/v2\/media?parent=750807"}],"wp:term":[{"taxonomy":"product_brand","embeddable":true,"href":"https:\/\/roveyayinevi.com.tr\/index.php\/wp-json\/wp\/v2\/product_brand?post=750807"},{"taxonomy":"product_cat","embeddable":true,"href":"https:\/\/roveyayinevi.com.tr\/index.php\/wp-json\/wp\/v2\/product_cat?post=750807"},{"taxonomy":"product_tag","embeddable":true,"href":"https:\/\/roveyayinevi.com.tr\/index.php\/wp-json\/wp\/v2\/product_tag?post=750807"}],"curies":[{"name":"wp","href":"https:\/\/api.w.org\/{rel}","templated":true}]}}