{"id":750803,"date":"2025-08-28T04:30:28","date_gmt":"2025-08-28T01:30:28","guid":{"rendered":"https:\/\/roveyayinevi.com.tr\/index.php\/urun\/kizilay-holding\/"},"modified":"2026-04-16T03:04:01","modified_gmt":"2026-04-16T00:04:01","slug":"kizilay-holding","status":"publish","type":"product","link":"https:\/\/roveyayinevi.com.tr\/index.php\/urun\/kizilay-holding\/","title":{"rendered":"K\u0131z\u0131lay Holding"},"content":{"rendered":"<p>Biz gazeteciler tarih i\u00e7in m\u00fcsvedde tutar\u0131z. Tarih onlar\u0131 temize \u00e7eker; kimisini \u00e7\u00f6pe atar kimisini de sayfalar\u0131na ekler. Mahallemizin \u00e7al\u0131\u015fkan ar\u0131s\u0131 \u0130smail Ar\u0131\u2019n\u0131n \u00e7al\u0131\u015fmas\u0131 \u015fimdiden tarih! Ay\u015fenur Arslan   Bir kurum kamusal alanda hizmet sunuyorsa, toplumun ortak haf\u0131zas\u0131nda nas\u0131l an\u0131ld\u0131\u011f\u0131 \u00e7ok \u00f6nemli  h\u00e2le gelir. Kimi g\u00fczel kavramlar\u0131n i\u00e7i, Siyasal \u0130slam taraf\u0131ndan hen\u00fcz bo\u015falt\u0131lmam\u0131\u015fken, K\u0131z\u0131lay\u2019\u0131 hakik\u00ee m\u00e2n\u00e2da bir iyilik kurumu olarak hat\u0131rl\u0131yorduk. K\u0131z\u0131lay\u2019\u0131n nereden nereye geldi\u011fini bug\u00fcn  ortaya koyan gazetecilik hatt\u0131 i\u00e7inde, gen\u00e7 ku\u015fa\u011f\u0131n ba\u015far\u0131l\u0131 temsilcilerinden \u0130smail Ar\u0131\u2019n\u0131n haberleri \u00f6nemli bir yer tutuyor. Bu u\u011furda bedel de \u00f6deyen Ar\u0131, ortak haf\u0131zam\u0131z\u0131n \u201ciyilik kurumu\u201d nun, nepotik bir ticarethaneye d\u00f6n\u00fc\u015fmesinin izlerini s\u00fcr\u00fcyor. \u00c7i\u011fdem Toker   \u0130smail Ar\u0131, AKP iktidar\u0131n\u0131n istibdat d\u00f6neminde cesur habercili\u011fin \u00f6nemli kalemlerinden biri oldu. T\u00fcrkiye bir aile \u015firketine d\u00f6n\u00fc\u015ft\u00fcr\u00fcl\u00fcrken yard\u0131m kurulu\u015fu olmaktan \u00e7\u0131kar\u0131lan ve bir holdinge d\u00f6n\u00fc\u015ft\u00fcr\u00fclen K\u0131z\u0131lay hakk\u0131ndaki haberleri bir d\u00f6nemi g\u00f6zler \u00f6n\u00fcne seriyordu.  \u015eimdi habercili\u011fini bu konudaki kitapla ta\u00e7land\u0131r\u0131yor. Kalemine sa\u011fl\u0131k. Timur Soykan   Gazetecilikte ba\u015far\u0131 bir kaleci gibi pozisyonu do\u011fru takip edip, do\u011fru konumda durmakla geliyor. \u0130smail Ar\u0131 sadece depremden sonra de\u011fil, y\u0131llard\u0131r K\u0131z\u0131lay\u2019\u0131 takip ediyor, bu kurumdaki \u00e7\u00fcr\u00fcmeyi gazetesi BirG\u00fcn\u2019de okuyucular\u0131yla y\u0131llard\u0131r bulu\u015fturuyor. Do\u011fru yerde yaz\u0131yor, do\u011fru yerde duruyor ve takibini en \u00f6zenli \u015fekilde yap\u0131yor. Belki de K\u0131z\u0131lay\u2019\u0131 en iyi bilen isim. Ozan G\u00fcndo\u011fdu   Kendi t\u00fcz\u00fc\u011f\u00fcnde \u201cg\u00f6n\u00fcll\u00fcl\u00fck esas\u0131na dayanan bir yard\u0131m kurulu\u015fu\u201d oldu\u011funu beyan eden K\u0131z\u0131lay\u2019\u0131n, ya\u015fad\u0131\u011f\u0131m\u0131z son b\u00fcy\u00fck depremde \u015firketle\u015fti\u011fi, ihtiya\u00e7 sahiplerine \u00fccretsiz ula\u015ft\u0131rmas\u0131 gereken \u00e7ad\u0131r, yiyecek, hatta ba\u011f\u0131\u015flanan giysi ve kanlar\u0131 bile satan bir ticarethaneye d\u00f6n\u00fc\u015ft\u00fc\u011f\u00fc ortaya \u00e7\u0131kt\u0131. Kamuoyunda b\u00fcy\u00fck bir \u015fa\u015fk\u0131nl\u0131k ve k\u0131zg\u0131nl\u0131kla kar\u015f\u0131lanan bu durum elbette birdenbire olu\u015fmam\u0131\u015ft\u0131 ve elbette \u015firketle\u015fme i\u015finin k\u00f6kleri siyasal iktidarlara dayan\u0131yordu.   Gazeteci \u0130smail Ar\u0131, bir yard\u0131m kurulu\u015fu olmaktan \u00e7\u0131k\u0131p holdingle\u015fmeye varan, iktidarlar taraf\u0131ndan para kayna\u011f\u0131 olarak g\u00f6r\u00fclen ve ya\u011fmalanan K\u0131z\u0131lay\u2019\u0131n \u015firketler kurularak nas\u0131l i\u015flevsiz hale getirildi\u011fini \u00e7ok daha \u00f6nceden fark etti. Ar\u0131\u2019n\u0131n y\u0131llara yay\u0131lan ayr\u0131nt\u0131l\u0131 ara\u015ft\u0131rmas\u0131 K\u0131z\u0131lay Holding, g\u00fcven s\u0131ralamas\u0131nda en altlara d\u00fc\u015fen kurumun nas\u0131l bu hale geldi\u011fini g\u00f6zler \u00f6n\u00fcne seriyor.  <\/p>\n","protected":false},"excerpt":{"rendered":"<p>Biz gazeteciler tarih i\u00e7in m\u00fcsvedde tutar\u0131z. Tarih onlar\u0131 temize \u00e7eker; kimisini \u00e7\u00f6pe atar kimisini de sayfalar\u0131na ekler. Mahallemizin \u00e7al\u0131\u015fkan ar\u0131s\u0131 \u0130smail Ar\u0131\u2019n\u0131n \u00e7al\u0131\u015fmas\u0131 \u015fimdiden tarih! Ay\u015fenur<span class=\"excerpt-hellip\"> [\u2026]<\/span><\/p>\n","protected":false},"featured_media":0,"template":"","meta":{"_monsterinsights_skip_tracking":false,"_monsterinsights_sitenote_active":false,"_monsterinsights_sitenote_note":"","_monsterinsights_sitenote_category":0},"product_brand":[],"product_cat":[13590,12337],"product_tag":[],"class_list":{"0":"post-750803","1":"product","2":"type-product","3":"status-publish","5":"product_cat-arastirma-inceleme-politika-siyaset","6":"product_cat-politika-siyaset","7":"pa_cilt-ciltsiz","8":"pa_tur-kitap","9":"pa_yayinevi-tekin-yayinevi","10":"pa_yazar-ismail-ari","12":"first","13":"instock","14":"sale","15":"shipping-taxable","16":"purchasable","17":"product-type-simple"},"_links":{"self":[{"href":"https:\/\/roveyayinevi.com.tr\/index.php\/wp-json\/wp\/v2\/product\/750803","targetHints":{"allow":["GET"]}}],"collection":[{"href":"https:\/\/roveyayinevi.com.tr\/index.php\/wp-json\/wp\/v2\/product"}],"about":[{"href":"https:\/\/roveyayinevi.com.tr\/index.php\/wp-json\/wp\/v2\/types\/product"}],"wp:attachment":[{"href":"https:\/\/roveyayinevi.com.tr\/index.php\/wp-json\/wp\/v2\/media?parent=750803"}],"wp:term":[{"taxonomy":"product_brand","embeddable":true,"href":"https:\/\/roveyayinevi.com.tr\/index.php\/wp-json\/wp\/v2\/product_brand?post=750803"},{"taxonomy":"product_cat","embeddable":true,"href":"https:\/\/roveyayinevi.com.tr\/index.php\/wp-json\/wp\/v2\/product_cat?post=750803"},{"taxonomy":"product_tag","embeddable":true,"href":"https:\/\/roveyayinevi.com.tr\/index.php\/wp-json\/wp\/v2\/product_tag?post=750803"}],"curies":[{"name":"wp","href":"https:\/\/api.w.org\/{rel}","templated":true}]}}