{"id":750802,"date":"2025-08-28T04:30:27","date_gmt":"2025-08-28T01:30:27","guid":{"rendered":"https:\/\/roveyayinevi.com.tr\/index.php\/urun\/icimizdeki-seytan-28\/"},"modified":"2026-04-16T03:04:01","modified_gmt":"2026-04-16T00:04:01","slug":"icimizdeki-seytan-28","status":"publish","type":"product","link":"https:\/\/roveyayinevi.com.tr\/index.php\/urun\/icimizdeki-seytan-28\/","title":{"rendered":"\u0130\u00e7imizdeki \u015eeytan"},"content":{"rendered":"<p>Sabahattin Ali, bu roman\u0131nda; hem bir a\u015fk hem de insan\u0131n bir \u015feytana d\u00f6n\u00fc\u015fme s\u00fcrecini anlat\u0131rken, b\u00fct\u00fcn ger\u00e7ekli\u011fi ile o d\u00f6nemin entelekt\u00fcel ki\u015filerini (ya da entelekt\u00fcel g\u00f6r\u00fcnme merakl\u0131s\u0131 insanlar\u0131n\u0131), bunlar\u0131n sahte hayatlar\u0131n\u0131, bir siyasi d\u00fc\u015f\u00fcnceye ba\u011fl\u0131 ki\u015filerin as\u0131l ama\u00e7lar\u0131n\u0131 ne oldu\u011funu, ne olabilece\u011fini, d\u00f6nemin yozla\u015fm\u0131\u015f insan ili\u015fkilerini, bozulmu\u015f m\u00fczik anlay\u0131\u015flar\u0131n\u0131, edebiyat\u0131n\u0131, edebiyat\u00e7\u0131lar\u0131n\u0131 ve sahte sosyete hayat\u0131n\u0131 en keskin bi\u00e7imde de\u011ferlendiriyor ve ele\u015ftiriyor. Roman\u0131n \u00e7ok b\u00fcy\u00fck bir b\u00f6l\u00fcnde d\u00f6nemin d\u00fcnyas\u0131na keskin ele\u015ftiriler bulunmaktad\u0131r. Bu a\u00e7\u0131dan bak\u0131ld\u0131\u011f\u0131nda eser, salt bir a\u015fk roman\u0131ndan ziyade, 1940\u2019l\u0131 y\u0131llar\u0131n yozla\u015fm\u0131\u015f ya\u015fam\u0131n\u0131 b\u00fct\u00fcn \u00e7\u0131plakl\u0131\u011f\u0131 ile g\u00f6zler \u00f6n\u00fcne seren bir ele\u015ftiri roman\u0131d\u0131r. Eserde kahramanlar, kar\u015f\u0131la\u015ft\u0131klar\u0131 ve ya\u015fad\u0131klar\u0131 olaylar kar\u015f\u0131s\u0131nda s\u0131kl\u0131kla i\u00e7 sesleriyle bu olaylar\u0131 de\u011ferlendirmekte, kendi hakl\u0131 ve haks\u0131z y\u00f6nlerini b\u00fcy\u00fck bir a\u00e7\u0131kl\u0131kla irdelemekte, bunun psikolojik nedenlerini de d\u00fc\u015f\u00fcnmektedirler. Bu bak\u0131mdan \u0130\u00e7imizdeki \u015eeytan, ayn\u0131 zamanda derin bir psikoloji roman\u0131d\u0131r da\u2026  <\/p>\n","protected":false},"excerpt":{"rendered":"<p>Sabahattin Ali, bu roman\u0131nda; hem bir a\u015fk hem de insan\u0131n bir \u015feytana d\u00f6n\u00fc\u015fme s\u00fcrecini anlat\u0131rken, b\u00fct\u00fcn ger\u00e7ekli\u011fi ile o d\u00f6nemin entelekt\u00fcel ki\u015filerini (ya da entelekt\u00fcel g\u00f6r\u00fcnme<span class=\"excerpt-hellip\"> [\u2026]<\/span><\/p>\n","protected":false},"featured_media":0,"template":"","meta":{"_monsterinsights_skip_tracking":false,"_monsterinsights_sitenote_active":false,"_monsterinsights_sitenote_note":"","_monsterinsights_sitenote_category":0},"product_brand":[],"product_cat":[12291,12711],"product_tag":[],"class_list":{"0":"post-750802","1":"product","2":"type-product","3":"status-publish","5":"product_cat-edebiyat","6":"product_cat-roman-oyku","7":"pa_cilt-ciltsiz","8":"pa_tur-kitap","9":"pa_yayinevi-myrina-yayinlari","10":"pa_yazar-sabahattin-ali","12":"first","13":"instock","14":"sale","15":"shipping-taxable","16":"purchasable","17":"product-type-simple"},"_links":{"self":[{"href":"https:\/\/roveyayinevi.com.tr\/index.php\/wp-json\/wp\/v2\/product\/750802","targetHints":{"allow":["GET"]}}],"collection":[{"href":"https:\/\/roveyayinevi.com.tr\/index.php\/wp-json\/wp\/v2\/product"}],"about":[{"href":"https:\/\/roveyayinevi.com.tr\/index.php\/wp-json\/wp\/v2\/types\/product"}],"wp:attachment":[{"href":"https:\/\/roveyayinevi.com.tr\/index.php\/wp-json\/wp\/v2\/media?parent=750802"}],"wp:term":[{"taxonomy":"product_brand","embeddable":true,"href":"https:\/\/roveyayinevi.com.tr\/index.php\/wp-json\/wp\/v2\/product_brand?post=750802"},{"taxonomy":"product_cat","embeddable":true,"href":"https:\/\/roveyayinevi.com.tr\/index.php\/wp-json\/wp\/v2\/product_cat?post=750802"},{"taxonomy":"product_tag","embeddable":true,"href":"https:\/\/roveyayinevi.com.tr\/index.php\/wp-json\/wp\/v2\/product_tag?post=750802"}],"curies":[{"name":"wp","href":"https:\/\/api.w.org\/{rel}","templated":true}]}}