{"id":750799,"date":"2025-08-28T04:30:23","date_gmt":"2025-08-28T01:30:23","guid":{"rendered":"https:\/\/roveyayinevi.com.tr\/index.php\/urun\/orgutsel-check-up\/"},"modified":"2026-04-16T03:04:01","modified_gmt":"2026-04-16T00:04:01","slug":"orgutsel-check-up","status":"publish","type":"product","link":"https:\/\/roveyayinevi.com.tr\/index.php\/urun\/orgutsel-check-up\/","title":{"rendered":"\u00d6rg\u00fctsel Check &#8211; Up"},"content":{"rendered":"<p>\u0130\u00e7indekiler     B\u00d6L\u00dcM 1 \u00d6RG\u00dcTSEL SA\u011eLIK \u00d6RG\u00dcT K\u00dcLT\u00dcR\u00dc \u00d6RG\u00dcTSEL DE\u011e\u0130\u015e\u0130M \u00d6RG\u00dcTSEL G\u00dcVEN \u00d6RG\u00dcTSEL \u0130\u015eB\u0130RL\u0130\u011e\u0130 \u00d6\u011eRENEN \u00d6RG\u00dcTLER \u00d6RG\u00dcTSEL UYUM \u0130\u015eE TUTKUNLUK \u00c7ALI\u015eAN REFAHI VE SA\u011eLI\u011eINA \u0130\u015e TALEPLER\u0130 \u2013 KAYNAKLARI TEOR\u0130S\u0130 ODAKLI B\u0130R YAKLA\u015eIM L\u0130DERL\u0130K TARZLARI VE \u00d6RG\u00dcTSEL SA\u011eLIK \u00d6RG\u00dcT \u0130KL\u0130M\u0130 B\u00d6L\u00dcM 2 \u00d6RG\u00dcTSEL SA\u011eLIKSIZLIK C\u0130NS\u0130YET AYRIMCILI\u011eI \u0130ST\u0130SMARCI Y\u00d6NET\u0130M STRES\u0130 VE \u00d6RG\u00dcTSEL STRES Y\u00d6NET\u0130M\u0130 \u00d6RG\u00dcTLERDE KAYIRMACILIK \u00d6RG\u00dcTSEL YABANCILA\u015eMA \u00d6RG\u00dcTSEL DED\u0130KODU \u0130\u015eLETME K\u00d6RL\u00dc\u011e\u00dc ET\u0130K DI\u015eI DAVRANI\u015eLAR \u00d6RG\u00dcTSEL \u0130K\u0130Y\u00dcZL\u00dcL\u00dcK \u00d6RG\u00dcTSEL MOBB\u0130NG<\/p>\n","protected":false},"excerpt":{"rendered":"<p>\u0130\u00e7indekiler B\u00d6L\u00dcM 1 \u00d6RG\u00dcTSEL SA\u011eLIK \u00d6RG\u00dcT K\u00dcLT\u00dcR\u00dc \u00d6RG\u00dcTSEL DE\u011e\u0130\u015e\u0130M \u00d6RG\u00dcTSEL G\u00dcVEN \u00d6RG\u00dcTSEL \u0130\u015eB\u0130RL\u0130\u011e\u0130 \u00d6\u011eRENEN \u00d6RG\u00dcTLER \u00d6RG\u00dcTSEL UYUM \u0130\u015eE TUTKUNLUK \u00c7ALI\u015eAN REFAHI VE SA\u011eLI\u011eINA \u0130\u015e TALEPLER\u0130 \u2013<span class=\"excerpt-hellip\"> [\u2026]<\/span><\/p>\n","protected":false},"featured_media":0,"template":"","meta":{"_monsterinsights_skip_tracking":false,"_monsterinsights_sitenote_active":false,"_monsterinsights_sitenote_note":"","_monsterinsights_sitenote_category":0},"product_brand":[],"product_cat":[13043,14381],"product_tag":[],"class_list":{"0":"post-750799","1":"product","2":"type-product","3":"status-publish","5":"product_cat-ekonomi","6":"product_cat-isletme-muhasebe-maliye","7":"pa_cilt-ciltsiz","8":"pa_tur-kitap","9":"pa_yayinevi-gazi-kitabevi","10":"pa_yazar-kolektif","12":"first","13":"instock","14":"sale","15":"shipping-taxable","16":"purchasable","17":"product-type-simple"},"_links":{"self":[{"href":"https:\/\/roveyayinevi.com.tr\/index.php\/wp-json\/wp\/v2\/product\/750799","targetHints":{"allow":["GET"]}}],"collection":[{"href":"https:\/\/roveyayinevi.com.tr\/index.php\/wp-json\/wp\/v2\/product"}],"about":[{"href":"https:\/\/roveyayinevi.com.tr\/index.php\/wp-json\/wp\/v2\/types\/product"}],"wp:attachment":[{"href":"https:\/\/roveyayinevi.com.tr\/index.php\/wp-json\/wp\/v2\/media?parent=750799"}],"wp:term":[{"taxonomy":"product_brand","embeddable":true,"href":"https:\/\/roveyayinevi.com.tr\/index.php\/wp-json\/wp\/v2\/product_brand?post=750799"},{"taxonomy":"product_cat","embeddable":true,"href":"https:\/\/roveyayinevi.com.tr\/index.php\/wp-json\/wp\/v2\/product_cat?post=750799"},{"taxonomy":"product_tag","embeddable":true,"href":"https:\/\/roveyayinevi.com.tr\/index.php\/wp-json\/wp\/v2\/product_tag?post=750799"}],"curies":[{"name":"wp","href":"https:\/\/api.w.org\/{rel}","templated":true}]}}