{"id":750798,"date":"2025-08-28T04:30:22","date_gmt":"2025-08-28T01:30:22","guid":{"rendered":"https:\/\/roveyayinevi.com.tr\/index.php\/urun\/gri-ulke-turkiye-de-kara-para\/"},"modified":"2026-04-16T03:04:00","modified_gmt":"2026-04-16T00:04:00","slug":"gri-ulke-turkiye-de-kara-para","status":"publish","type":"product","link":"https:\/\/roveyayinevi.com.tr\/index.php\/urun\/gri-ulke-turkiye-de-kara-para\/","title":{"rendered":"Gri \u00dclke T\u00fcrkiye&#8217; de Kara Para"},"content":{"rendered":"<p>\u0130\u00e7indekiler     1. ARA\u015eTIRMA KAPSAMI 2. KARA PARA\u2019NIN TANIMI VE TAR\u0130H\u00c7ES\u0130 3. KARA PARA AKLAMA SU\u00c7U   I . B\u00d6L\u00dcM MASAK   II . B\u00d6L\u00dcM MAL\u0130YE BAKANLI\u011eI   III . B\u00d6L\u00dcM ULUSLARARASI-1 KARAPARANIN AKLANMASIYLA M\u00dcCADELE KONUSUNDAK\u0130 TEMEL ULUSLARARASI MET\u0130NLER VE OLU\u015eUMLAR   III . B\u00d6L\u00dcM ULUSLARARASI -2 KARAPARA ve KARAPARANIN AKLANMASINA \u0130L\u0130\u015eK\u0130N ULUSALULUSLAR ARASI D\u00dcZENLEMELER   III . B\u00d6L\u00dcM ULUSLARARASI &#8211; 3 KARAPARA AKLAMA VE TER\u00d6R\u00dcN F\u0130NANSMANI \u0130LE M\u00dcCADELEDE ULUSLARARASI G\u0130R\u0130\u015e\u0130MLER VE ARA\u00c7LARA TOPLU BAKI\u015e   IV . B\u00d6L\u00dcM JANDARMA KARA PARA AKLAMA VE KA\u00c7A\u00c7ILIK SU\u00c7LARI \u0130LE M\u00dcCADELEDE JANDARMANIN KULLANDI\u011eI Y\u00d6NTEMLER   V . B\u00d6L\u00dcM BANKACILIK &#8211; 1 PARA AKLAMA R\u0130SK\u0130N\u0130N Y\u00d6NET\u0130M\u0130 VE T\u00dcRK BANKACILIK S\u0130STEM\u0130NDE UYGULAMA KILAVUZU   V . B\u00d6L\u00dcM BANKACILIK &#8211; 2 BANKACILIK YOLUYLA KARA PARA AKLANILMASI VE ALINMASI GEREKEN KARSI \u00d6NLEMLER   VI . B\u00d6L\u00dcM KARA PARA AKLAMADA YEN\u0130 Y\u00d6NTEMLER VE KARA PARANIN EKONOM\u0130 \u00dcZER\u0130NDEK\u0130 ETK\u0130LER\u0130   VII . B\u00d6L\u00dcM \u015e\u00dcPHEL\u0130 \u0130\u015eLEM B\u0130LD\u0130R\u0130M REHBER\u0130( D\u0130\u011eER Y\u00dcK\u00dcML\u00dcLER ) MSK-RHB-\u015e\u0130B-009-1.4 <\/p>\n","protected":false},"excerpt":{"rendered":"<p>\u0130\u00e7indekiler 1. ARA\u015eTIRMA KAPSAMI 2. KARA PARA\u2019NIN TANIMI VE TAR\u0130H\u00c7ES\u0130 3. KARA PARA AKLAMA SU\u00c7U I . B\u00d6L\u00dcM MASAK II . B\u00d6L\u00dcM MAL\u0130YE BAKANLI\u011eI III .<span class=\"excerpt-hellip\"> [\u2026]<\/span><\/p>\n","protected":false},"featured_media":0,"template":"","meta":{"_monsterinsights_skip_tracking":false,"_monsterinsights_sitenote_active":false,"_monsterinsights_sitenote_note":"","_monsterinsights_sitenote_category":0},"product_brand":[],"product_cat":[13043],"product_tag":[],"class_list":{"0":"post-750798","1":"product","2":"type-product","3":"status-publish","5":"product_cat-ekonomi","6":"pa_cilt-ciltsiz","7":"pa_tur-kitap","8":"pa_yayinevi-gazi-kitabevi","9":"pa_yazar-tulay-oral","11":"first","12":"instock","13":"sale","14":"shipping-taxable","15":"purchasable","16":"product-type-simple"},"_links":{"self":[{"href":"https:\/\/roveyayinevi.com.tr\/index.php\/wp-json\/wp\/v2\/product\/750798","targetHints":{"allow":["GET"]}}],"collection":[{"href":"https:\/\/roveyayinevi.com.tr\/index.php\/wp-json\/wp\/v2\/product"}],"about":[{"href":"https:\/\/roveyayinevi.com.tr\/index.php\/wp-json\/wp\/v2\/types\/product"}],"wp:attachment":[{"href":"https:\/\/roveyayinevi.com.tr\/index.php\/wp-json\/wp\/v2\/media?parent=750798"}],"wp:term":[{"taxonomy":"product_brand","embeddable":true,"href":"https:\/\/roveyayinevi.com.tr\/index.php\/wp-json\/wp\/v2\/product_brand?post=750798"},{"taxonomy":"product_cat","embeddable":true,"href":"https:\/\/roveyayinevi.com.tr\/index.php\/wp-json\/wp\/v2\/product_cat?post=750798"},{"taxonomy":"product_tag","embeddable":true,"href":"https:\/\/roveyayinevi.com.tr\/index.php\/wp-json\/wp\/v2\/product_tag?post=750798"}],"curies":[{"name":"wp","href":"https:\/\/api.w.org\/{rel}","templated":true}]}}