{"id":750797,"date":"2025-08-28T04:30:20","date_gmt":"2025-08-28T01:30:20","guid":{"rendered":"https:\/\/roveyayinevi.com.tr\/index.php\/urun\/isyan-tohumu\/"},"modified":"2026-04-16T03:04:00","modified_gmt":"2026-04-16T00:04:00","slug":"isyan-tohumu","status":"publish","type":"product","link":"https:\/\/roveyayinevi.com.tr\/index.php\/urun\/isyan-tohumu\/","title":{"rendered":"\u0130syan Tohumu"},"content":{"rendered":"<p>Orta Asya\u2019y\u0131 kas\u0131p kavuran Mo\u011fol istilas\u0131, yerli halk\u0131n b\u00fcy\u00fck \u00e7o\u011funlu\u011funu yerinden yurdundan etmi\u015fti. \u00d6z diyarlar\u0131 olan Horasan\u2019\u0131 kanl\u0131 g\u00f6zya\u015flar\u0131yla terk edip, Rum ellerine do\u011fru yola \u00e7\u0131kan T\u00fcrkmen topluluklar\u0131 beraberinde getirecekleri mistik ve gizemli \u00f6\u011fretilerle yeni yurtlar edineceklerdi. T\u00fcrkmen boylar\u0131 kendi \u00f6nderleri liderli\u011finde kafileler halinde yollara d\u00f6k\u00fclm\u00fc\u015flerdi. \u0130p gibi yola dizilen kafilelerde gidecekleri g\u00fczergahtaki do\u011fal ko\u015fullar\u0131, tehlikeleri, konaklama yerlerini bilen k\u0131lavuzlar vard\u0131. Kad\u0131nl\u0131, \u00e7ocuklu, gen\u00e7li ihtiyarl\u0131 y\u00fczlerce ki\u015fi me\u015fakkatli bir yolculu\u011fa \u00e7\u0131km\u0131\u015ft\u0131.   \u0130\u015fid\u00fcn iy ulular \u00e2hir zam\u00e2n ol\u0131sar Sag m\u00fcs\u00fclm\u00e2n seyrekd\u00fcr ol da g\u00fcm\u00e2n ol\u0131sar   D\u00e2ni\u015fmend okur dutmaz derv\u00ee\u015f yol\u0131n g\u00f6zetmez Bu halk \u00f6g\u00fct i\u015fitmez ne sarp zam\u00e2n ol\u0131sar <\/p>\n","protected":false},"excerpt":{"rendered":"<p>Orta Asya\u2019y\u0131 kas\u0131p kavuran Mo\u011fol istilas\u0131, yerli halk\u0131n b\u00fcy\u00fck \u00e7o\u011funlu\u011funu yerinden yurdundan etmi\u015fti. \u00d6z diyarlar\u0131 olan Horasan\u2019\u0131 kanl\u0131 g\u00f6zya\u015flar\u0131yla terk edip, Rum ellerine do\u011fru yola \u00e7\u0131kan<span class=\"excerpt-hellip\"> [\u2026]<\/span><\/p>\n","protected":false},"featured_media":0,"template":"","meta":{"_monsterinsights_skip_tracking":false,"_monsterinsights_sitenote_active":false,"_monsterinsights_sitenote_note":"","_monsterinsights_sitenote_category":0},"product_brand":[],"product_cat":[12291,12711],"product_tag":[],"class_list":{"0":"post-750797","1":"product","2":"type-product","3":"status-publish","5":"product_cat-edebiyat","6":"product_cat-roman-oyku","7":"pa_cilt-ciltsiz","8":"pa_tur-kitap","9":"pa_yayinevi-kirmizi-ada-yayinlari","10":"pa_yazar-istem-donmez","12":"first","13":"instock","14":"sale","15":"shipping-taxable","16":"purchasable","17":"product-type-simple"},"_links":{"self":[{"href":"https:\/\/roveyayinevi.com.tr\/index.php\/wp-json\/wp\/v2\/product\/750797","targetHints":{"allow":["GET"]}}],"collection":[{"href":"https:\/\/roveyayinevi.com.tr\/index.php\/wp-json\/wp\/v2\/product"}],"about":[{"href":"https:\/\/roveyayinevi.com.tr\/index.php\/wp-json\/wp\/v2\/types\/product"}],"wp:attachment":[{"href":"https:\/\/roveyayinevi.com.tr\/index.php\/wp-json\/wp\/v2\/media?parent=750797"}],"wp:term":[{"taxonomy":"product_brand","embeddable":true,"href":"https:\/\/roveyayinevi.com.tr\/index.php\/wp-json\/wp\/v2\/product_brand?post=750797"},{"taxonomy":"product_cat","embeddable":true,"href":"https:\/\/roveyayinevi.com.tr\/index.php\/wp-json\/wp\/v2\/product_cat?post=750797"},{"taxonomy":"product_tag","embeddable":true,"href":"https:\/\/roveyayinevi.com.tr\/index.php\/wp-json\/wp\/v2\/product_tag?post=750797"}],"curies":[{"name":"wp","href":"https:\/\/api.w.org\/{rel}","templated":true}]}}