{"id":750796,"date":"2025-08-28T04:30:18","date_gmt":"2025-08-28T01:30:18","guid":{"rendered":"https:\/\/roveyayinevi.com.tr\/index.php\/urun\/avatar-ustun-taraf-3-cilt\/"},"modified":"2026-04-16T03:04:00","modified_gmt":"2026-04-16T00:04:00","slug":"avatar-ustun-taraf-3-cilt","status":"publish","type":"product","link":"https:\/\/roveyayinevi.com.tr\/index.php\/urun\/avatar-ustun-taraf-3-cilt\/","title":{"rendered":"Avatar: \u00dcst\u00fcn Taraf &#8211; 3.Cilt"},"content":{"rendered":"<p>James Cameron\u2019\u0131n senaryosuna dayanan Avatar: \u00dcst\u00fcn Taraf, \u00f6d\u00fcll\u00fc yazar Sherri L. Smith taraf\u0131ndan epik bir \u00e7izgi roman serisine uyarlan\u0131yor! Jake Sully\u2019nin korkular\u0131 sonunda ger\u00e7ek oluyor, Pandora\u2019da silahlar patl\u0131yor. G\u00f6k \u0130nsanlar\u0131 geri d\u00f6nd\u00fc ve onlarla birlikte ba\u015fka bir y\u0131k\u0131m dalgas\u0131 daha geliyor. \u00c7ocuklar\u0131 Cehennem Kap\u0131s\u0131\u2019nda tutsakken, Jake etraf\u0131 sar\u0131lm\u0131\u015f ve silahs\u0131z olsa da ailesini korumak i\u00e7in elinden geleni yapmak ve her \u015feyi riske atmak zorunda kalacakt\u0131r. Kesin olan \u015feyse \u2013 Sully\u2019lerin asla pes etmeyece\u011fidir. Avatar: Suyun Yolu filminin \u00f6ncesini anlatan Avatar: \u00dcst\u00fcn Taraf \u00e7izgi roman\u0131 bu b\u00fcy\u00fck destanda yepyeni bir alana ilerlemeyi g\u00f6ze al\u0131yor. <\/p>\n","protected":false},"excerpt":{"rendered":"<p>James Cameron\u2019\u0131n senaryosuna dayanan Avatar: \u00dcst\u00fcn Taraf, \u00f6d\u00fcll\u00fc yazar Sherri L. Smith taraf\u0131ndan epik bir \u00e7izgi roman serisine uyarlan\u0131yor! Jake Sully\u2019nin korkular\u0131 sonunda ger\u00e7ek oluyor, Pandora\u2019da<span class=\"excerpt-hellip\"> [\u2026]<\/span><\/p>\n","protected":false},"featured_media":0,"template":"","meta":{"_monsterinsights_skip_tracking":false,"_monsterinsights_sitenote_active":false,"_monsterinsights_sitenote_note":"","_monsterinsights_sitenote_category":0},"product_brand":[],"product_cat":[12416,12291],"product_tag":[],"class_list":{"0":"post-750796","1":"product","2":"type-product","3":"status-publish","5":"product_cat-cizgi-roman","6":"product_cat-edebiyat","7":"pa_cilt-ciltsiz","8":"pa_tur-kitap","9":"pa_yayinevi-eksik-parca-yayinlari","10":"pa_yazar-sherri-l-smith","12":"first","13":"instock","14":"sale","15":"shipping-taxable","16":"purchasable","17":"product-type-simple"},"_links":{"self":[{"href":"https:\/\/roveyayinevi.com.tr\/index.php\/wp-json\/wp\/v2\/product\/750796","targetHints":{"allow":["GET"]}}],"collection":[{"href":"https:\/\/roveyayinevi.com.tr\/index.php\/wp-json\/wp\/v2\/product"}],"about":[{"href":"https:\/\/roveyayinevi.com.tr\/index.php\/wp-json\/wp\/v2\/types\/product"}],"wp:attachment":[{"href":"https:\/\/roveyayinevi.com.tr\/index.php\/wp-json\/wp\/v2\/media?parent=750796"}],"wp:term":[{"taxonomy":"product_brand","embeddable":true,"href":"https:\/\/roveyayinevi.com.tr\/index.php\/wp-json\/wp\/v2\/product_brand?post=750796"},{"taxonomy":"product_cat","embeddable":true,"href":"https:\/\/roveyayinevi.com.tr\/index.php\/wp-json\/wp\/v2\/product_cat?post=750796"},{"taxonomy":"product_tag","embeddable":true,"href":"https:\/\/roveyayinevi.com.tr\/index.php\/wp-json\/wp\/v2\/product_tag?post=750796"}],"curies":[{"name":"wp","href":"https:\/\/api.w.org\/{rel}","templated":true}]}}