{"id":750795,"date":"2025-08-28T04:30:16","date_gmt":"2025-08-28T01:30:16","guid":{"rendered":"https:\/\/roveyayinevi.com.tr\/index.php\/urun\/gantz-15\/"},"modified":"2026-04-16T03:04:00","modified_gmt":"2026-04-16T00:04:00","slug":"gantz-15","status":"publish","type":"product","link":"https:\/\/roveyayinevi.com.tr\/index.php\/urun\/gantz-15\/","title":{"rendered":"Gantz 15"},"content":{"rendered":"<p>Kurono ve \u0130zumi, \u015eibuya\u2019da siyah elbiselilerin sald\u0131r\u0131s\u0131na u\u011frarlar. \u0130zumi, yard\u0131m etmeyi reddeden Kurono\u2019ya nazire yaparcas\u0131na, t\u00fcm sald\u0131rganlar\u0131 tek ba\u015f\u0131na alt eder. Di\u011fer yandan, Kurono d\u00fczenli bir \u015fekilde sald\u0131r\u0131ya u\u011frayan Kocima\u2019n\u0131n bir g\u00fcn zarar g\u00f6rece\u011finden endi\u015fe etmeye ba\u015flam\u0131\u015ft\u0131r. Bu s\u0131rada, Kurono ve idol sanat\u00e7\u0131 Reika\u2019n\u0131n bulu\u015ftu\u011fu ortaya \u00e7\u0131kar. Kuronu ve Kocima ayr\u0131l\u0131rlar. Ya\u015fad\u0131\u011f\u0131 b\u00fcy\u00fck \u00fcz\u00fcnt\u00fcye ra\u011fmen Kurono g\u00f6revlere odaklanmaya devam eder. Ancak, Gantz taraf\u0131ndan g\u00f6r\u00fcnt\u00fclenen hedef&#8230;   Hik\u00e2ye ak\u0131\u015f\u0131 ve ana kahramanlar\u0131n\u0131n ya\u015fad\u0131klar\u0131yla di\u011fer t\u00fcm mangalardan ayr\u0131lan yeti\u015fkin mangas\u0131 Gantz, y\u00fcksek temposuyla \u015fa\u015f\u0131rtmaya devam ediyor.<\/p>\n","protected":false},"excerpt":{"rendered":"<p>Kurono ve \u0130zumi, \u015eibuya\u2019da siyah elbiselilerin sald\u0131r\u0131s\u0131na u\u011frarlar. \u0130zumi, yard\u0131m etmeyi reddeden Kurono\u2019ya nazire yaparcas\u0131na, t\u00fcm sald\u0131rganlar\u0131 tek ba\u015f\u0131na alt eder. Di\u011fer yandan, Kurono d\u00fczenli bir<span class=\"excerpt-hellip\"> [\u2026]<\/span><\/p>\n","protected":false},"featured_media":0,"template":"","meta":{"_monsterinsights_skip_tracking":false,"_monsterinsights_sitenote_active":false,"_monsterinsights_sitenote_note":"","_monsterinsights_sitenote_category":0},"product_brand":[],"product_cat":[12416,12291],"product_tag":[],"class_list":{"0":"post-750795","1":"product","2":"type-product","3":"status-publish","5":"product_cat-cizgi-roman","6":"product_cat-edebiyat","7":"pa_cilt-ciltsiz","8":"pa_tur-kitap","9":"pa_yayinevi-kurukafa","10":"pa_yazar-hiroya-oku","12":"first","13":"instock","14":"sale","15":"shipping-taxable","16":"purchasable","17":"product-type-simple"},"_links":{"self":[{"href":"https:\/\/roveyayinevi.com.tr\/index.php\/wp-json\/wp\/v2\/product\/750795","targetHints":{"allow":["GET"]}}],"collection":[{"href":"https:\/\/roveyayinevi.com.tr\/index.php\/wp-json\/wp\/v2\/product"}],"about":[{"href":"https:\/\/roveyayinevi.com.tr\/index.php\/wp-json\/wp\/v2\/types\/product"}],"wp:attachment":[{"href":"https:\/\/roveyayinevi.com.tr\/index.php\/wp-json\/wp\/v2\/media?parent=750795"}],"wp:term":[{"taxonomy":"product_brand","embeddable":true,"href":"https:\/\/roveyayinevi.com.tr\/index.php\/wp-json\/wp\/v2\/product_brand?post=750795"},{"taxonomy":"product_cat","embeddable":true,"href":"https:\/\/roveyayinevi.com.tr\/index.php\/wp-json\/wp\/v2\/product_cat?post=750795"},{"taxonomy":"product_tag","embeddable":true,"href":"https:\/\/roveyayinevi.com.tr\/index.php\/wp-json\/wp\/v2\/product_tag?post=750795"}],"curies":[{"name":"wp","href":"https:\/\/api.w.org\/{rel}","templated":true}]}}