{"id":750794,"date":"2025-08-28T04:30:14","date_gmt":"2025-08-28T01:30:14","guid":{"rendered":"https:\/\/roveyayinevi.com.tr\/index.php\/urun\/rosario-vampire-sezon-2-cilt-9-tilsimli-kolye-ve-vampir-sezon-2-cilt-9\/"},"modified":"2026-04-16T03:04:00","modified_gmt":"2026-04-16T00:04:00","slug":"rosario-vampire-sezon-2-cilt-9-tilsimli-kolye-ve-vampir-sezon-2-cilt-9","status":"publish","type":"product","link":"https:\/\/roveyayinevi.com.tr\/index.php\/urun\/rosario-vampire-sezon-2-cilt-9-tilsimli-kolye-ve-vampir-sezon-2-cilt-9\/","title":{"rendered":"Rosario &amp; Vampire Sezon 2 Cilt 9- T\u0131ls\u0131ml\u0131 Kolye ve Vampir Sezon 2 Cilt 9"},"content":{"rendered":"<p>Moka, arkada\u015flar\u0131n\u0131n zarar g\u00f6rmemesi i\u00e7in kendini feda edip k\u0131z karde\u015fi Aqua ile birlikte gitmeyi kabul eder. Tsukune ve di\u011ferleri, Moka\u2019y\u0131 nas\u0131l kurtaracaklar\u0131n\u0131 d\u00fc\u015f\u00fcn\u00fcrken beklenmedik misafirler \u00e7\u0131kagelir. Fuhai Toho ise Tsukune\u2019ye tehlikeli bir \u00f6neride bulunur.  Heyecan dozu gittik\u00e7e artan macerada nefesler tutuluyor. <\/p>\n","protected":false},"excerpt":{"rendered":"<p>Moka, arkada\u015flar\u0131n\u0131n zarar g\u00f6rmemesi i\u00e7in kendini feda edip k\u0131z karde\u015fi Aqua ile birlikte gitmeyi kabul eder. Tsukune ve di\u011ferleri, Moka\u2019y\u0131 nas\u0131l kurtaracaklar\u0131n\u0131 d\u00fc\u015f\u00fcn\u00fcrken beklenmedik misafirler \u00e7\u0131kagelir.<span class=\"excerpt-hellip\"> [\u2026]<\/span><\/p>\n","protected":false},"featured_media":0,"template":"","meta":{"_monsterinsights_skip_tracking":false,"_monsterinsights_sitenote_active":false,"_monsterinsights_sitenote_note":"","_monsterinsights_sitenote_category":0},"product_brand":[],"product_cat":[12416,12291],"product_tag":[],"class_list":{"0":"post-750794","1":"product","2":"type-product","3":"status-publish","5":"product_cat-cizgi-roman","6":"product_cat-edebiyat","7":"pa_cilt-ciltsiz","8":"pa_tur-kitap","9":"pa_yayinevi-akil-celen-kitaplar","10":"pa_yazar-akihisa-ikeda","12":"first","13":"instock","14":"sale","15":"shipping-taxable","16":"purchasable","17":"product-type-simple"},"_links":{"self":[{"href":"https:\/\/roveyayinevi.com.tr\/index.php\/wp-json\/wp\/v2\/product\/750794","targetHints":{"allow":["GET"]}}],"collection":[{"href":"https:\/\/roveyayinevi.com.tr\/index.php\/wp-json\/wp\/v2\/product"}],"about":[{"href":"https:\/\/roveyayinevi.com.tr\/index.php\/wp-json\/wp\/v2\/types\/product"}],"wp:attachment":[{"href":"https:\/\/roveyayinevi.com.tr\/index.php\/wp-json\/wp\/v2\/media?parent=750794"}],"wp:term":[{"taxonomy":"product_brand","embeddable":true,"href":"https:\/\/roveyayinevi.com.tr\/index.php\/wp-json\/wp\/v2\/product_brand?post=750794"},{"taxonomy":"product_cat","embeddable":true,"href":"https:\/\/roveyayinevi.com.tr\/index.php\/wp-json\/wp\/v2\/product_cat?post=750794"},{"taxonomy":"product_tag","embeddable":true,"href":"https:\/\/roveyayinevi.com.tr\/index.php\/wp-json\/wp\/v2\/product_tag?post=750794"}],"curies":[{"name":"wp","href":"https:\/\/api.w.org\/{rel}","templated":true}]}}