{"id":750793,"date":"2025-08-28T04:30:12","date_gmt":"2025-08-28T01:30:12","guid":{"rendered":"https:\/\/roveyayinevi.com.tr\/index.php\/urun\/avatar-ustun-taraf-2-cilt\/"},"modified":"2026-04-16T03:04:00","modified_gmt":"2026-04-16T00:04:00","slug":"avatar-ustun-taraf-2-cilt","status":"publish","type":"product","link":"https:\/\/roveyayinevi.com.tr\/index.php\/urun\/avatar-ustun-taraf-2-cilt\/","title":{"rendered":"Avatar: \u00dcst\u00fcn Taraf &#8211; 2.Cilt"},"content":{"rendered":"<p>James Cameron\u2019\u0131n senaryosuna dayanan Avatar: \u00dcst\u00fcn Taraf, \u00f6d\u00fcll\u00fc yazar Sherri L. Smith taraf\u0131ndan epik bir \u00e7izgi roman serisine uyarlan\u0131yor! \u0130kinci ciltte Avatar evreninin hi\u00e7 beklenmedik b\u00f6l\u00fcmlerine giriliyor! G\u00f6k \u0130nsanlar\u0131, uzay gemilerinden olu\u015fan bir donanmayla Pandora\u2019ya do\u011fru ilerliyor ama Jake Sully ve NA\u2019V\u0130 halk\u0131 onlar i\u00e7in haz\u0131r! Bug\u00fcn\u00fcn gelece\u011fini bilen Jake, NA\u2019V\u0130 sava\u015f\u00e7\u0131lar\u0131n\u0131 \u00f6yle bir e\u011fitti ki insanlar nelere mal oldu\u011funu g\u00f6r\u00fcp bir daha gelmesin&#8230; Tabii e\u011fer plan i\u015fe yararsa. Avatar: Suyun Yolu filminin \u00f6ncesini anlatan Avatar: \u00dcst\u00fcn Taraf \u00e7izgi roman\u0131 bu b\u00fcy\u00fck destanda yepyeni bir alana ilerlemeyi g\u00f6ze al\u0131yor. <\/p>\n","protected":false},"excerpt":{"rendered":"<p>James Cameron\u2019\u0131n senaryosuna dayanan Avatar: \u00dcst\u00fcn Taraf, \u00f6d\u00fcll\u00fc yazar Sherri L. Smith taraf\u0131ndan epik bir \u00e7izgi roman serisine uyarlan\u0131yor! \u0130kinci ciltte Avatar evreninin hi\u00e7 beklenmedik b\u00f6l\u00fcmlerine<span class=\"excerpt-hellip\"> [\u2026]<\/span><\/p>\n","protected":false},"featured_media":0,"template":"","meta":{"_monsterinsights_skip_tracking":false,"_monsterinsights_sitenote_active":false,"_monsterinsights_sitenote_note":"","_monsterinsights_sitenote_category":0},"product_brand":[],"product_cat":[12416,12291],"product_tag":[],"class_list":{"0":"post-750793","1":"product","2":"type-product","3":"status-publish","5":"product_cat-cizgi-roman","6":"product_cat-edebiyat","7":"pa_cilt-ciltsiz","8":"pa_tur-kitap","9":"pa_yayinevi-eksik-parca-yayinlari","10":"pa_yazar-sherri-l-smith","12":"first","13":"instock","14":"sale","15":"shipping-taxable","16":"purchasable","17":"product-type-simple"},"_links":{"self":[{"href":"https:\/\/roveyayinevi.com.tr\/index.php\/wp-json\/wp\/v2\/product\/750793","targetHints":{"allow":["GET"]}}],"collection":[{"href":"https:\/\/roveyayinevi.com.tr\/index.php\/wp-json\/wp\/v2\/product"}],"about":[{"href":"https:\/\/roveyayinevi.com.tr\/index.php\/wp-json\/wp\/v2\/types\/product"}],"wp:attachment":[{"href":"https:\/\/roveyayinevi.com.tr\/index.php\/wp-json\/wp\/v2\/media?parent=750793"}],"wp:term":[{"taxonomy":"product_brand","embeddable":true,"href":"https:\/\/roveyayinevi.com.tr\/index.php\/wp-json\/wp\/v2\/product_brand?post=750793"},{"taxonomy":"product_cat","embeddable":true,"href":"https:\/\/roveyayinevi.com.tr\/index.php\/wp-json\/wp\/v2\/product_cat?post=750793"},{"taxonomy":"product_tag","embeddable":true,"href":"https:\/\/roveyayinevi.com.tr\/index.php\/wp-json\/wp\/v2\/product_tag?post=750793"}],"curies":[{"name":"wp","href":"https:\/\/api.w.org\/{rel}","templated":true}]}}