{"id":750792,"date":"2025-08-28T04:30:11","date_gmt":"2025-08-28T01:30:11","guid":{"rendered":"https:\/\/roveyayinevi.com.tr\/index.php\/urun\/avatar-ustun-taraf-1-cilt\/"},"modified":"2026-04-16T03:04:00","modified_gmt":"2026-04-16T00:04:00","slug":"avatar-ustun-taraf-1-cilt","status":"publish","type":"product","link":"https:\/\/roveyayinevi.com.tr\/index.php\/urun\/avatar-ustun-taraf-1-cilt\/","title":{"rendered":"Avatar: \u00dcst\u00fcn Taraf &#8211; 1.Cilt"},"content":{"rendered":"<p>James Cameron\u2019\u0131n senaryosuna dayanan Avatar: \u00dcst\u00fcn Taraf, \u00f6d\u00fcll\u00fc yazar Sherri L. Smith taraf\u0131ndan epik bir \u00e7izgi roman serisine uyarlan\u0131yor! \u0130nsanlar\u0131n Pandora\u2019y\u0131 terk etmeye zorlanmas\u0131n\u0131n \u00fczerinden neredeyse on y\u0131l ge\u00e7ti oysa \u015fimdi geri d\u00f6n\u00fcyorlar \u2013 a\u011f\u0131r silahl\u0131 y\u0131ld\u0131zlararas\u0131 uzay gemilerinden olu\u015fan bir donanmayla hem de! Y\u0131llard\u0131r s\u00fcren bar\u0131\u015f\u0131n ard\u0131ndan Jake Sully, NEYT\u0130R\u0130\u2019nin yan\u0131na yerle\u015fip bir aile kurmu\u015ftur, bu y\u00fczden onun i\u00e7in risk, RDA\u2019n\u0131n kurumsal g\u00fcc\u00fcne kar\u015f\u0131 ilk sava\u015fa girdi\u011fi zamandan bile daha fazlad\u0131r. Avatar: Suyun Yolu filminin \u00f6ncesini anlatan Avatar: \u00dcst\u00fcn Taraf \u00e7izgi roman\u0131 bu b\u00fcy\u00fck destanda yepyeni bir alana ilerlemeyi g\u00f6ze al\u0131yor.  <\/p>\n","protected":false},"excerpt":{"rendered":"<p>James Cameron\u2019\u0131n senaryosuna dayanan Avatar: \u00dcst\u00fcn Taraf, \u00f6d\u00fcll\u00fc yazar Sherri L. Smith taraf\u0131ndan epik bir \u00e7izgi roman serisine uyarlan\u0131yor! \u0130nsanlar\u0131n Pandora\u2019y\u0131 terk etmeye zorlanmas\u0131n\u0131n \u00fczerinden neredeyse<span class=\"excerpt-hellip\"> [\u2026]<\/span><\/p>\n","protected":false},"featured_media":0,"template":"","meta":{"_monsterinsights_skip_tracking":false,"_monsterinsights_sitenote_active":false,"_monsterinsights_sitenote_note":"","_monsterinsights_sitenote_category":0},"product_brand":[],"product_cat":[12416,12291],"product_tag":[],"class_list":{"0":"post-750792","1":"product","2":"type-product","3":"status-publish","5":"product_cat-cizgi-roman","6":"product_cat-edebiyat","7":"pa_cilt-ciltsiz","8":"pa_tur-kitap","9":"pa_yayinevi-eksik-parca-yayinlari","10":"pa_yazar-sherri-l-smith","12":"first","13":"instock","14":"sale","15":"shipping-taxable","16":"purchasable","17":"product-type-simple"},"_links":{"self":[{"href":"https:\/\/roveyayinevi.com.tr\/index.php\/wp-json\/wp\/v2\/product\/750792","targetHints":{"allow":["GET"]}}],"collection":[{"href":"https:\/\/roveyayinevi.com.tr\/index.php\/wp-json\/wp\/v2\/product"}],"about":[{"href":"https:\/\/roveyayinevi.com.tr\/index.php\/wp-json\/wp\/v2\/types\/product"}],"wp:attachment":[{"href":"https:\/\/roveyayinevi.com.tr\/index.php\/wp-json\/wp\/v2\/media?parent=750792"}],"wp:term":[{"taxonomy":"product_brand","embeddable":true,"href":"https:\/\/roveyayinevi.com.tr\/index.php\/wp-json\/wp\/v2\/product_brand?post=750792"},{"taxonomy":"product_cat","embeddable":true,"href":"https:\/\/roveyayinevi.com.tr\/index.php\/wp-json\/wp\/v2\/product_cat?post=750792"},{"taxonomy":"product_tag","embeddable":true,"href":"https:\/\/roveyayinevi.com.tr\/index.php\/wp-json\/wp\/v2\/product_tag?post=750792"}],"curies":[{"name":"wp","href":"https:\/\/api.w.org\/{rel}","templated":true}]}}