{"id":750791,"date":"2025-08-28T04:30:10","date_gmt":"2025-08-28T01:30:10","guid":{"rendered":"https:\/\/roveyayinevi.com.tr\/index.php\/urun\/imparatorluk-hudutlari\/"},"modified":"2026-04-16T03:04:00","modified_gmt":"2026-04-16T00:04:00","slug":"imparatorluk-hudutlari","status":"publish","type":"product","link":"https:\/\/roveyayinevi.com.tr\/index.php\/urun\/imparatorluk-hudutlari\/","title":{"rendered":"\u0130mparatorluk Hudutlar\u0131"},"content":{"rendered":"<p>\u0130mparatorluk Hudutlar\u0131, B\u00fcy\u00fck Petro d\u00f6neminde Rusya\u2019n\u0131n Don Bozk\u0131r\u0131 s\u0131n\u0131r boylar\u0131ndaki emperyal yay\u0131lmas\u0131 ve bu b\u00f6lgedeki yerel d\u00f6n\u00fc\u015f\u00fcmler \u00fczerine bir \u00e7al\u0131\u015fmad\u0131r. Brian Boeck, Rus ve Osmanl\u0131 imparatorluklar\u0131n\u0131n Kuzey Karadeniz havzas\u0131ndaki rekabetini, s\u0131n\u0131rda ya\u011fmac\u0131l\u0131\u011fa adanm\u0131\u015f a\u00e7\u0131k, demokratik, \u00e7ok etnikli bir erkek karde\u015fli\u011finden Rus devletinin s\u0131n\u0131rlar\u0131n\u0131 savunmaya ve ilerletmeye adanm\u0131\u015f kapal\u0131 bir etnik toplulu\u011fa d\u00f6n\u00fc\u015fen Don Kazaklar\u0131n\u0131n sosyal tarihiyle ili\u015fkilendiriyor. I. Petro\u2019nun s\u0131n\u0131r devriyesini, g\u00f6\u00e7 kontrol\u00fcn\u00fc, s\u0131n\u0131r \u00f6tesi temaslar\u0131n b\u00fcrokratik d\u00fczenlemesini ve muhaliflerin s\u0131n\u0131r d\u0131\u015f\u0131 edilmesini te\u015fvik ederek eski bozk\u0131r d\u00fcnyas\u0131n\u0131 nas\u0131l yok etti\u011fini ve onun yerine yeni bir emperyal Kazak d\u00fczenini nas\u0131l yaratt\u0131\u011f\u0131n\u0131 g\u00f6steriyor. \u0130mparatorluk Hudutlar\u0131, bu d\u00f6n\u00fc\u015f\u00fcm\u00fc incelerken emperyal yay\u0131lma, devlet d\u0131\u015f\u0131 \u015fiddetin gayrime\u015frula\u015ft\u0131r\u0131lmas\u0131, s\u0131n\u0131rlar\u0131n in\u015fas\u0131 ve devlet otoritesinin yerel topluluklar\u0131n ya\u015famlar\u0131na m\u00fcdahalesi gibi temel tarihsel meseleleri ele al\u0131yor.<\/p>\n","protected":false},"excerpt":{"rendered":"<p>\u0130mparatorluk Hudutlar\u0131, B\u00fcy\u00fck Petro d\u00f6neminde Rusya\u2019n\u0131n Don Bozk\u0131r\u0131 s\u0131n\u0131r boylar\u0131ndaki emperyal yay\u0131lmas\u0131 ve bu b\u00f6lgedeki yerel d\u00f6n\u00fc\u015f\u00fcmler \u00fczerine bir \u00e7al\u0131\u015fmad\u0131r. Brian Boeck, Rus ve Osmanl\u0131 imparatorluklar\u0131n\u0131n<span class=\"excerpt-hellip\"> [\u2026]<\/span><\/p>\n","protected":false},"featured_media":0,"template":"","meta":{"_monsterinsights_skip_tracking":false,"_monsterinsights_sitenote_active":false,"_monsterinsights_sitenote_note":"","_monsterinsights_sitenote_category":0},"product_brand":[],"product_cat":[12304],"product_tag":[],"class_list":{"0":"post-750791","1":"product","2":"type-product","3":"status-publish","5":"product_cat-tarih","6":"pa_cilt-ciltsiz","7":"pa_tur-kitap","8":"pa_yayinevi-koyusiyah-kitap","9":"pa_yazar-brian-j-boeck","11":"first","12":"instock","13":"sale","14":"shipping-taxable","15":"purchasable","16":"product-type-simple"},"_links":{"self":[{"href":"https:\/\/roveyayinevi.com.tr\/index.php\/wp-json\/wp\/v2\/product\/750791","targetHints":{"allow":["GET"]}}],"collection":[{"href":"https:\/\/roveyayinevi.com.tr\/index.php\/wp-json\/wp\/v2\/product"}],"about":[{"href":"https:\/\/roveyayinevi.com.tr\/index.php\/wp-json\/wp\/v2\/types\/product"}],"wp:attachment":[{"href":"https:\/\/roveyayinevi.com.tr\/index.php\/wp-json\/wp\/v2\/media?parent=750791"}],"wp:term":[{"taxonomy":"product_brand","embeddable":true,"href":"https:\/\/roveyayinevi.com.tr\/index.php\/wp-json\/wp\/v2\/product_brand?post=750791"},{"taxonomy":"product_cat","embeddable":true,"href":"https:\/\/roveyayinevi.com.tr\/index.php\/wp-json\/wp\/v2\/product_cat?post=750791"},{"taxonomy":"product_tag","embeddable":true,"href":"https:\/\/roveyayinevi.com.tr\/index.php\/wp-json\/wp\/v2\/product_tag?post=750791"}],"curies":[{"name":"wp","href":"https:\/\/api.w.org\/{rel}","templated":true}]}}