{"id":750789,"date":"2025-08-28T04:30:06","date_gmt":"2025-08-28T01:30:06","guid":{"rendered":"https:\/\/roveyayinevi.com.tr\/index.php\/urun\/medusa\/"},"modified":"2026-04-16T03:04:00","modified_gmt":"2026-04-16T00:04:00","slug":"medusa","status":"publish","type":"product","link":"https:\/\/roveyayinevi.com.tr\/index.php\/urun\/medusa\/","title":{"rendered":"Medusa"},"content":{"rendered":"<p>Zaman\u0131 geldi. Ben Medusa, sonunda kendi hik\u00e2yemi anlataca\u011f\u0131m. Bana inanmak zorunda de\u011filsiniz, sizden tek istedi\u011fim dinlemeniz. Bu d\u00fcnya bunu bana bor\u00e7lu. San\u0131yorum ad\u0131m\u0131 duydu\u011funuzda akl\u0131n\u0131za o her zamanki resim geliyor; \u00f6ld\u00fcr\u00fcc\u00fc g\u00f6zler, t\u00fcyler \u00fcrpertici bir suret ve o me\u015fhur y\u0131lanl\u0131 ba\u015f. Sizi hayal k\u0131r\u0131kl\u0131\u011f\u0131na u\u011fratt\u0131\u011f\u0131m i\u00e7in \u00fczg\u00fcn\u00fcm ama ger\u00e7ek \u015fu ki ben asl\u0131nda epey s\u0131radand\u0131m, en az\u0131ndan bir s\u00fcreli\u011fine. Yani, okudu\u011funuz her \u015feye inanmamal\u0131s\u0131n\u0131z, hik\u00e2ye anlat\u0131c\u0131l\u0131\u011f\u0131 bazen \u00e7ok tehlikeli olabiliyor. Kendi \u00e7a\u011f\u0131mda hakk\u0131mda bir\u00e7ok \u015fey s\u00f6ylendi: Ayart\u0131c\u0131 kad\u0131n. Yalanc\u0131. Canavar. Katil. Tecav\u00fcz kurban\u0131. G\u00f6r\u00fcn\u00fc\u015fe g\u00f6re insanlar sonuncuyu unutuyor. Fakat tarihi kazananlar yazar. Ya da daha basit bir ifadeyle tarih, erkekler taraf\u0131ndan yaz\u0131l\u0131r.   *****   \u201cMedusa\u2019n\u0131n \u00f6fkeli ve tutkulu sesinin aras\u0131na serpi\u015ftirilmi\u015f keskin yorumlar beni \u00e7ok etkiledi.\u201d Jennifer Saint, Ariadne\u2019nin yazar\u0131   \u201cMitoloji sevenler Medusa\u2019n\u0131n k\u00f6ken hik\u00e2yesine bu derinlemesine bak\u0131\u015ftan kesinlikle memnun kalacaklar.\u201d Publishers Weekly <\/p>\n","protected":false},"excerpt":{"rendered":"<p>Zaman\u0131 geldi. Ben Medusa, sonunda kendi hik\u00e2yemi anlataca\u011f\u0131m. Bana inanmak zorunda de\u011filsiniz, sizden tek istedi\u011fim dinlemeniz. Bu d\u00fcnya bunu bana bor\u00e7lu. San\u0131yorum ad\u0131m\u0131 duydu\u011funuzda akl\u0131n\u0131za o<span class=\"excerpt-hellip\"> [\u2026]<\/span><\/p>\n","protected":false},"featured_media":0,"template":"","meta":{"_monsterinsights_skip_tracking":false,"_monsterinsights_sitenote_active":false,"_monsterinsights_sitenote_note":"","_monsterinsights_sitenote_category":0},"product_brand":[],"product_cat":[12291,14777],"product_tag":[],"class_list":{"0":"post-750789","1":"product","2":"type-product","3":"status-publish","5":"product_cat-edebiyat","6":"product_cat-fantastik","7":"pa_cilt-ciltsiz","8":"pa_tur-kitap","9":"pa_yayinevi-eksik-parca-yayinlari","10":"pa_yazar-rosie-hewlett","12":"first","13":"instock","14":"sale","15":"shipping-taxable","16":"purchasable","17":"product-type-simple"},"_links":{"self":[{"href":"https:\/\/roveyayinevi.com.tr\/index.php\/wp-json\/wp\/v2\/product\/750789","targetHints":{"allow":["GET"]}}],"collection":[{"href":"https:\/\/roveyayinevi.com.tr\/index.php\/wp-json\/wp\/v2\/product"}],"about":[{"href":"https:\/\/roveyayinevi.com.tr\/index.php\/wp-json\/wp\/v2\/types\/product"}],"wp:attachment":[{"href":"https:\/\/roveyayinevi.com.tr\/index.php\/wp-json\/wp\/v2\/media?parent=750789"}],"wp:term":[{"taxonomy":"product_brand","embeddable":true,"href":"https:\/\/roveyayinevi.com.tr\/index.php\/wp-json\/wp\/v2\/product_brand?post=750789"},{"taxonomy":"product_cat","embeddable":true,"href":"https:\/\/roveyayinevi.com.tr\/index.php\/wp-json\/wp\/v2\/product_cat?post=750789"},{"taxonomy":"product_tag","embeddable":true,"href":"https:\/\/roveyayinevi.com.tr\/index.php\/wp-json\/wp\/v2\/product_tag?post=750789"}],"curies":[{"name":"wp","href":"https:\/\/api.w.org\/{rel}","templated":true}]}}