{"id":750788,"date":"2025-08-28T04:30:05","date_gmt":"2025-08-28T01:30:05","guid":{"rendered":"https:\/\/roveyayinevi.com.tr\/index.php\/urun\/hapsiran-bahar\/"},"modified":"2026-04-16T03:04:00","modified_gmt":"2026-04-16T00:04:00","slug":"hapsiran-bahar","status":"publish","type":"product","link":"https:\/\/roveyayinevi.com.tr\/index.php\/urun\/hapsiran-bahar\/","title":{"rendered":"Hap\u015f\u0131ran Bahar"},"content":{"rendered":"<p>Dr. Merve Ba\u015fkan diyor ki\u2026   Baharda u\u00e7u\u015fan \u00e7i\u00e7ek polenleri, tozlar ve yapraklar s\u0131kl\u0131kla \u2018Bahar Allerjisi\u2019 dedi\u011fimiz bir duruma neden olur. \u00dclkemizde yakla\u015f\u0131k 1,6-2 milyon ki\u015fide bahar nezlesi\/alerjisine rastlanmaktad\u0131r. Okul \u00e7ocuklar\u0131n\u0131n \u00fc\u00e7te biri alerjiktir.   \u0130\u015fte bu \u00f6yk\u00fcde sevimli Bahar\u2019\u0131n evinin \u00f6n\u00fcne yeni dikilen kavak a\u011fac\u0131na alerjisi nedeniyle hap\u015f\u0131rmaktan evinden \u00e7\u0131kamamas\u0131 ve do\u011fan\u0131n uyanamamas\u0131 anlat\u0131l\u0131yor. Taaa ki ya\u015fl\u0131 Sonbahar bilgeli\u011fi ile sorunu \u00e7\u00f6zene kadar\u2026 <\/p>\n","protected":false},"excerpt":{"rendered":"<p>Dr. Merve Ba\u015fkan diyor ki\u2026 Baharda u\u00e7u\u015fan \u00e7i\u00e7ek polenleri, tozlar ve yapraklar s\u0131kl\u0131kla \u2018Bahar Allerjisi\u2019 dedi\u011fimiz bir duruma neden olur. \u00dclkemizde yakla\u015f\u0131k 1,6-2 milyon ki\u015fide bahar<span class=\"excerpt-hellip\"> [\u2026]<\/span><\/p>\n","protected":false},"featured_media":0,"template":"","meta":{"_monsterinsights_skip_tracking":false,"_monsterinsights_sitenote_active":false,"_monsterinsights_sitenote_note":"","_monsterinsights_sitenote_category":0},"product_brand":[],"product_cat":[12274,12284],"product_tag":[],"class_list":{"0":"post-750788","1":"product","2":"type-product","3":"status-publish","5":"product_cat-cocuk-ve-genclik-kitaplari","6":"product_cat-hikayeler","7":"pa_cilt-ciltsiz","8":"pa_tur-kitap","9":"pa_yayinevi-eksik-parca-yayinlari","10":"pa_yazar-a-merve-baskan","12":"first","13":"instock","14":"sale","15":"shipping-taxable","16":"purchasable","17":"product-type-simple"},"_links":{"self":[{"href":"https:\/\/roveyayinevi.com.tr\/index.php\/wp-json\/wp\/v2\/product\/750788","targetHints":{"allow":["GET"]}}],"collection":[{"href":"https:\/\/roveyayinevi.com.tr\/index.php\/wp-json\/wp\/v2\/product"}],"about":[{"href":"https:\/\/roveyayinevi.com.tr\/index.php\/wp-json\/wp\/v2\/types\/product"}],"wp:attachment":[{"href":"https:\/\/roveyayinevi.com.tr\/index.php\/wp-json\/wp\/v2\/media?parent=750788"}],"wp:term":[{"taxonomy":"product_brand","embeddable":true,"href":"https:\/\/roveyayinevi.com.tr\/index.php\/wp-json\/wp\/v2\/product_brand?post=750788"},{"taxonomy":"product_cat","embeddable":true,"href":"https:\/\/roveyayinevi.com.tr\/index.php\/wp-json\/wp\/v2\/product_cat?post=750788"},{"taxonomy":"product_tag","embeddable":true,"href":"https:\/\/roveyayinevi.com.tr\/index.php\/wp-json\/wp\/v2\/product_tag?post=750788"}],"curies":[{"name":"wp","href":"https:\/\/api.w.org\/{rel}","templated":true}]}}