{"id":750783,"date":"2025-08-28T04:29:57","date_gmt":"2025-08-28T01:29:57","guid":{"rendered":"https:\/\/roveyayinevi.com.tr\/index.php\/urun\/gorunmez-murekkep\/"},"modified":"2026-04-16T03:04:00","modified_gmt":"2026-04-16T00:04:00","slug":"gorunmez-murekkep","status":"publish","type":"product","link":"https:\/\/roveyayinevi.com.tr\/index.php\/urun\/gorunmez-murekkep\/","title":{"rendered":"G\u00f6r\u00fcnmez M\u00fcrekkep"},"content":{"rendered":"<p>G\u00f6r\u00fcnmez M\u00fcrekkep: Okumay\u0131 Yazmak \/ Yazmay\u0131 Okumak, kaleme ald\u0131\u011f\u0131 kurgularla d\u00fcnya edebiyat\u0131nda \u00e7\u0131\u011f\u0131r a\u00e7m\u0131\u015f usta bir yazar\u0131n, Nobel ve Pulitzer \u00d6d\u00fcll\u00fc Toni Morrison&#8217;un d\u00fc\u015f\u00fcnsel arka plan\u0131n\u0131n zenginli\u011fini ve entelekt\u00fcel kapasitesini ortaya koyan etkileyici bir fikirler toplam\u0131. Sevilen, En Mavi G\u00f6z, Cennet, Caz gibi k\u00fclliyat\u0131n\u0131n temel ta\u015flar\u0131n\u0131 kurgularken beslendi\u011fi kaynaklar\u0131 a\u00e7\u0131kl\u0131\u011fa kavu\u015fturan bu metinler, Morrison&#8217;un \u0131rksal ve toplumsal dinamikleri ele al\u0131\u015f bi\u00e7imini, \u015fekillendi\u011fi toplumla kurdu\u011fu derin duyguda\u015fl\u0131\u011f\u0131 ve entelekt\u00fcel h\u00fcnerini de g\u00f6zler \u00f6n\u00fcne seriyor.Sanat\u00e7\u0131n\u0131n toplumdaki rol\u00fcnden bas\u0131n\u0131n i\u015flevine, edebiyattaki tahayy\u00fcl sorunundan dilin g\u00fcc\u00fcne, Afro-Amerikal\u0131lar\u0131n Amerikan k\u00fclt\u00fcr\u00fcndeki varl\u0131\u011f\u0131ndan \u0131rk, cinsiyet ve k\u00fcreselle\u015fme meselelerine kadar geni\u015f bir yelpazede seyreden, zarif \u00fcslubuyla okuru \u015fa\u015f\u0131rtmaktan bir an bile geri durmayan, harekete ge\u00e7meye, hayal kurmaya ve umut etmeye davet eden bir \u00e7a\u011fr\u0131&#8230;<\/p>\n","protected":false},"excerpt":{"rendered":"<p>G\u00f6r\u00fcnmez M\u00fcrekkep: Okumay\u0131 Yazmak \/ Yazmay\u0131 Okumak, kaleme ald\u0131\u011f\u0131 kurgularla d\u00fcnya edebiyat\u0131nda \u00e7\u0131\u011f\u0131r a\u00e7m\u0131\u015f usta bir yazar\u0131n, Nobel ve Pulitzer \u00d6d\u00fcll\u00fc Toni Morrison&#8217;un d\u00fc\u015f\u00fcnsel arka plan\u0131n\u0131n<span class=\"excerpt-hellip\"> [\u2026]<\/span><\/p>\n","protected":false},"featured_media":0,"template":"","meta":{"_monsterinsights_skip_tracking":false,"_monsterinsights_sitenote_active":false,"_monsterinsights_sitenote_note":"","_monsterinsights_sitenote_category":0},"product_brand":[],"product_cat":[12777,12291],"product_tag":[],"class_list":{"0":"post-750783","1":"product","2":"type-product","3":"status-publish","5":"product_cat-deneme","6":"product_cat-edebiyat","7":"pa_cilt-ciltsiz","8":"pa_tur-kitap","9":"pa_yayinevi-sel-yayincilik","10":"pa_yazar-toni-morrison","12":"first","13":"instock","14":"sale","15":"shipping-taxable","16":"purchasable","17":"product-type-simple"},"_links":{"self":[{"href":"https:\/\/roveyayinevi.com.tr\/index.php\/wp-json\/wp\/v2\/product\/750783","targetHints":{"allow":["GET"]}}],"collection":[{"href":"https:\/\/roveyayinevi.com.tr\/index.php\/wp-json\/wp\/v2\/product"}],"about":[{"href":"https:\/\/roveyayinevi.com.tr\/index.php\/wp-json\/wp\/v2\/types\/product"}],"wp:attachment":[{"href":"https:\/\/roveyayinevi.com.tr\/index.php\/wp-json\/wp\/v2\/media?parent=750783"}],"wp:term":[{"taxonomy":"product_brand","embeddable":true,"href":"https:\/\/roveyayinevi.com.tr\/index.php\/wp-json\/wp\/v2\/product_brand?post=750783"},{"taxonomy":"product_cat","embeddable":true,"href":"https:\/\/roveyayinevi.com.tr\/index.php\/wp-json\/wp\/v2\/product_cat?post=750783"},{"taxonomy":"product_tag","embeddable":true,"href":"https:\/\/roveyayinevi.com.tr\/index.php\/wp-json\/wp\/v2\/product_tag?post=750783"}],"curies":[{"name":"wp","href":"https:\/\/api.w.org\/{rel}","templated":true}]}}