{"id":750782,"date":"2025-08-28T04:29:55","date_gmt":"2025-08-28T01:29:55","guid":{"rendered":"https:\/\/roveyayinevi.com.tr\/index.php\/urun\/cekilin-ben-yazarim\/"},"modified":"2026-04-15T03:14:08","modified_gmt":"2026-04-15T00:14:08","slug":"cekilin-ben-yazarim","status":"publish","type":"product","link":"https:\/\/roveyayinevi.com.tr\/index.php\/urun\/cekilin-ben-yazarim\/","title":{"rendered":"\u00c7ekilin, Ben Yazar\u0131m!"},"content":{"rendered":"<p>Bu \u00f6yk\u00fcler kimler i\u00e7in? Bu \u00f6yk\u00fcler yazmaktan korkmayanlar i\u00e7in!   Kitab\u0131n kahramanlar\u0131 Papu\u00e7gaga, Terzi Ku\u015fu, Sal\u0131ncak \u00d6r\u00fcmce\u011fi, G\u00fcne\u015f Bal\u0131\u011f\u0131, \u015eair Kipri, Flamingo, Avokado Prensesi&#8230; ve tabii ki Dev Lama! Hepsi de yaz\u0131 yazma konusunda m\u00fcthi\u015f ke\u015fifler yap\u0131yorlar. \u015e\u0130MD\u0130 SIKI DUR! Sen de bir \u00f6yk\u00fc yazmak \u00fczeresin! \u00c7ocuk edebiyat\u0131n\u0131n sevilen yazar\u0131 An\u0131l Bas\u0131l\u0131, t\u00fcm \u00e7ocuklar\u0131 kitaplar\u0131n zengin d\u00fcnyas\u0131na davet ediyor ve onlar\u0131 yazman\u0131n sevinciyle tan\u0131\u015ft\u0131r\u0131yor. <\/p>\n","protected":false},"excerpt":{"rendered":"<p>Bu \u00f6yk\u00fcler kimler i\u00e7in? Bu \u00f6yk\u00fcler yazmaktan korkmayanlar i\u00e7in! Kitab\u0131n kahramanlar\u0131 Papu\u00e7gaga, Terzi Ku\u015fu, Sal\u0131ncak \u00d6r\u00fcmce\u011fi, G\u00fcne\u015f Bal\u0131\u011f\u0131, \u015eair Kipri, Flamingo, Avokado Prensesi&#8230; ve tabii ki<span class=\"excerpt-hellip\"> [\u2026]<\/span><\/p>\n","protected":false},"featured_media":0,"template":"","meta":{"_monsterinsights_skip_tracking":false,"_monsterinsights_sitenote_active":false,"_monsterinsights_sitenote_note":"","_monsterinsights_sitenote_category":0},"product_brand":[],"product_cat":[12274,12284],"product_tag":[],"class_list":{"0":"post-750782","1":"product","2":"type-product","3":"status-publish","5":"product_cat-cocuk-ve-genclik-kitaplari","6":"product_cat-hikayeler","7":"pa_cilt-ciltsiz","8":"pa_tur-kitap","9":"pa_yayinevi-dogan-cocuk","10":"pa_yazar-anil-basili","12":"first","13":"instock","14":"sale","15":"shipping-taxable","16":"purchasable","17":"product-type-simple"},"_links":{"self":[{"href":"https:\/\/roveyayinevi.com.tr\/index.php\/wp-json\/wp\/v2\/product\/750782","targetHints":{"allow":["GET"]}}],"collection":[{"href":"https:\/\/roveyayinevi.com.tr\/index.php\/wp-json\/wp\/v2\/product"}],"about":[{"href":"https:\/\/roveyayinevi.com.tr\/index.php\/wp-json\/wp\/v2\/types\/product"}],"wp:attachment":[{"href":"https:\/\/roveyayinevi.com.tr\/index.php\/wp-json\/wp\/v2\/media?parent=750782"}],"wp:term":[{"taxonomy":"product_brand","embeddable":true,"href":"https:\/\/roveyayinevi.com.tr\/index.php\/wp-json\/wp\/v2\/product_brand?post=750782"},{"taxonomy":"product_cat","embeddable":true,"href":"https:\/\/roveyayinevi.com.tr\/index.php\/wp-json\/wp\/v2\/product_cat?post=750782"},{"taxonomy":"product_tag","embeddable":true,"href":"https:\/\/roveyayinevi.com.tr\/index.php\/wp-json\/wp\/v2\/product_tag?post=750782"}],"curies":[{"name":"wp","href":"https:\/\/api.w.org\/{rel}","templated":true}]}}