{"id":750781,"date":"2025-08-28T04:29:54","date_gmt":"2025-08-28T01:29:54","guid":{"rendered":"https:\/\/roveyayinevi.com.tr\/index.php\/urun\/gunes-batarken\/"},"modified":"2026-04-16T03:04:00","modified_gmt":"2026-04-16T00:04:00","slug":"gunes-batarken","status":"publish","type":"product","link":"https:\/\/roveyayinevi.com.tr\/index.php\/urun\/gunes-batarken\/","title":{"rendered":"G\u00fcne\u015f Batarken"},"content":{"rendered":"<p>Sava\u015f sonras\u0131 Japonyas\u0131&#8217;ndaki k\u00fclt\u00fcrel y\u0131k\u0131m\u0131n\u0131n toplumsal izd\u00fc\u015f\u00fcm\u00fcn\u00fc ve bireyin kalabal\u0131klar kar\u015f\u0131s\u0131nda giderek yabanc\u0131la\u015farak insani de\u011ferlerini yitiri\u015fini ustal\u0131kla i\u015fleyerek t\u00fcm zamanlar\u0131n en \u00e7ok okunan eserlerine imza atan Osamu Dazai, ya\u015fam\u0131na son vermeden k\u0131sa bir s\u00fcre \u00f6nce kaleme ald\u0131\u011f\u0131 G\u00fcne\u015f Batarken&#8217;de, soylu bir ailenin par\u00e7alanma ve umutsuzca \u00e7\u0131rp\u0131nma hik\u00e2yesine ayna tutuyor.Ailenin her bir \u00fcyesi ki\u015fisel a\u00e7mazlar\u0131n\u0131n farkl\u0131 y\u00f6nleriyle bo\u011fu\u015furken, Dazai \u0130nsanl\u0131\u011f\u0131m\u0131 Yitirirken&#8217;in unutulmaz ba\u015fkarakteri Yozo&#8217;yu an\u0131\u015ft\u0131ran erkek karakterleri geri plana atarak s\u00f6z\u00fc bu kez, d\u00f6nemin kemikle\u015fmi\u015f ahlaki de\u011ferleriyle m\u00fccadele etmek ve bireysel kurtulu\u015fa ula\u015fmak i\u00e7in toplumsal fayda \u00fcretmeye y\u00f6nelen kad\u0131nlara veriyor. \u015eehir ve ta\u015fra hayat\u0131n\u0131n dayatt\u0131\u011f\u0131 g\u00fcndelik pratiklerle ku\u015fat\u0131lm\u0131\u015f bireylerin mak\u00fbs talihleriyle imtihan\u0131, Dazai&#8217;nin keskin analizleriyle okura canl\u0131 bir toplumsal panorama vaat ediyor.<\/p>\n","protected":false},"excerpt":{"rendered":"<p>Sava\u015f sonras\u0131 Japonyas\u0131&#8217;ndaki k\u00fclt\u00fcrel y\u0131k\u0131m\u0131n\u0131n toplumsal izd\u00fc\u015f\u00fcm\u00fcn\u00fc ve bireyin kalabal\u0131klar kar\u015f\u0131s\u0131nda giderek yabanc\u0131la\u015farak insani de\u011ferlerini yitiri\u015fini ustal\u0131kla i\u015fleyerek t\u00fcm zamanlar\u0131n en \u00e7ok okunan eserlerine imza atan<span class=\"excerpt-hellip\"> [\u2026]<\/span><\/p>\n","protected":false},"featured_media":0,"template":"","meta":{"_monsterinsights_skip_tracking":false,"_monsterinsights_sitenote_active":false,"_monsterinsights_sitenote_note":"","_monsterinsights_sitenote_category":0},"product_brand":[],"product_cat":[12291,12711],"product_tag":[],"class_list":{"0":"post-750781","1":"product","2":"type-product","3":"status-publish","5":"product_cat-edebiyat","6":"product_cat-roman-oyku","7":"pa_cilt-ciltsiz","8":"pa_tur-kitap","9":"pa_yayinevi-sel-yayincilik","10":"pa_yazar-osamu-dazai","12":"first","13":"instock","14":"sale","15":"shipping-taxable","16":"purchasable","17":"product-type-simple"},"_links":{"self":[{"href":"https:\/\/roveyayinevi.com.tr\/index.php\/wp-json\/wp\/v2\/product\/750781","targetHints":{"allow":["GET"]}}],"collection":[{"href":"https:\/\/roveyayinevi.com.tr\/index.php\/wp-json\/wp\/v2\/product"}],"about":[{"href":"https:\/\/roveyayinevi.com.tr\/index.php\/wp-json\/wp\/v2\/types\/product"}],"wp:attachment":[{"href":"https:\/\/roveyayinevi.com.tr\/index.php\/wp-json\/wp\/v2\/media?parent=750781"}],"wp:term":[{"taxonomy":"product_brand","embeddable":true,"href":"https:\/\/roveyayinevi.com.tr\/index.php\/wp-json\/wp\/v2\/product_brand?post=750781"},{"taxonomy":"product_cat","embeddable":true,"href":"https:\/\/roveyayinevi.com.tr\/index.php\/wp-json\/wp\/v2\/product_cat?post=750781"},{"taxonomy":"product_tag","embeddable":true,"href":"https:\/\/roveyayinevi.com.tr\/index.php\/wp-json\/wp\/v2\/product_tag?post=750781"}],"curies":[{"name":"wp","href":"https:\/\/api.w.org\/{rel}","templated":true}]}}