{"id":750778,"date":"2025-08-28T04:29:50","date_gmt":"2025-08-28T01:29:50","guid":{"rendered":"https:\/\/roveyayinevi.com.tr\/index.php\/urun\/defnenin-geyigi\/"},"modified":"2026-04-16T03:04:00","modified_gmt":"2026-04-16T00:04:00","slug":"defnenin-geyigi","status":"publish","type":"product","link":"https:\/\/roveyayinevi.com.tr\/index.php\/urun\/defnenin-geyigi\/","title":{"rendered":"Defne&#8217;nin Geyi\u011fi"},"content":{"rendered":"<p>Her \u015fey o g\u00fcn Defne&#8217;nin s\u0131n\u0131f gezisinde hayvanat bah\u00e7esine gitmesiyle ba\u015flad\u0131.  Hayvanlar pek mutlu g\u00f6r\u00fcnm\u00fcyorlard\u0131.  Hele o geyik yavrusu\u2026 Defne&#8217;yle aras\u0131nda sihirli bir ba\u011f olu\u015fuvermi\u015f, geyik\u00e7ik Defne&#8217;ye derdini anlatm\u0131\u015ft\u0131. Anne babas\u0131ndan kopar\u0131l\u0131p buraya konuldu\u011fundan beri evini \u00e7ok \u00f6zl\u00fcyordu. Defne ne yap\u0131p edip ona yard\u0131m etmeliydi.  Ama bunu tek ba\u015f\u0131na yapamazd\u0131. Babaannesi Nuri\u015f ve veteriner amcas\u0131 Kerem\u2019le birlikte muhte\u015fem bir macera onu bekliyordu.   Hayvan haklar\u0131n\u0131 merkezine alan bu roman\u0131 okurken bir yandan da yarat\u0131c\u0131 yazman\u0131n inceliklerini ke\u015ffedeceksiniz. <\/p>\n","protected":false},"excerpt":{"rendered":"<p>Her \u015fey o g\u00fcn Defne&#8217;nin s\u0131n\u0131f gezisinde hayvanat bah\u00e7esine gitmesiyle ba\u015flad\u0131. Hayvanlar pek mutlu g\u00f6r\u00fcnm\u00fcyorlard\u0131. Hele o geyik yavrusu\u2026 Defne&#8217;yle aras\u0131nda sihirli bir ba\u011f olu\u015fuvermi\u015f, geyik\u00e7ik<span class=\"excerpt-hellip\"> [\u2026]<\/span><\/p>\n","protected":false},"featured_media":0,"template":"","meta":{"_monsterinsights_skip_tracking":false,"_monsterinsights_sitenote_active":false,"_monsterinsights_sitenote_note":"","_monsterinsights_sitenote_category":0},"product_brand":[],"product_cat":[12274,12284],"product_tag":[],"class_list":{"0":"post-750778","1":"product","2":"type-product","3":"status-publish","5":"product_cat-cocuk-ve-genclik-kitaplari","6":"product_cat-hikayeler","7":"pa_cilt-ciltsiz","8":"pa_tur-kitap","9":"pa_yayinevi-dogan-cocuk","10":"pa_yazar-nuriye-akman","12":"first","13":"instock","14":"sale","15":"shipping-taxable","16":"purchasable","17":"product-type-simple"},"_links":{"self":[{"href":"https:\/\/roveyayinevi.com.tr\/index.php\/wp-json\/wp\/v2\/product\/750778","targetHints":{"allow":["GET"]}}],"collection":[{"href":"https:\/\/roveyayinevi.com.tr\/index.php\/wp-json\/wp\/v2\/product"}],"about":[{"href":"https:\/\/roveyayinevi.com.tr\/index.php\/wp-json\/wp\/v2\/types\/product"}],"wp:attachment":[{"href":"https:\/\/roveyayinevi.com.tr\/index.php\/wp-json\/wp\/v2\/media?parent=750778"}],"wp:term":[{"taxonomy":"product_brand","embeddable":true,"href":"https:\/\/roveyayinevi.com.tr\/index.php\/wp-json\/wp\/v2\/product_brand?post=750778"},{"taxonomy":"product_cat","embeddable":true,"href":"https:\/\/roveyayinevi.com.tr\/index.php\/wp-json\/wp\/v2\/product_cat?post=750778"},{"taxonomy":"product_tag","embeddable":true,"href":"https:\/\/roveyayinevi.com.tr\/index.php\/wp-json\/wp\/v2\/product_tag?post=750778"}],"curies":[{"name":"wp","href":"https:\/\/api.w.org\/{rel}","templated":true}]}}