{"id":750776,"date":"2025-08-28T04:29:48","date_gmt":"2025-08-28T01:29:48","guid":{"rendered":"https:\/\/roveyayinevi.com.tr\/index.php\/urun\/meksika\/"},"modified":"2026-04-16T03:04:00","modified_gmt":"2026-04-16T00:04:00","slug":"meksika","status":"publish","type":"product","link":"https:\/\/roveyayinevi.com.tr\/index.php\/urun\/meksika\/","title":{"rendered":"Meksika"},"content":{"rendered":"<p>Frans\u0131z yazar, \u015fair, devrimci ve s\u00fcrrealizm ak\u0131m\u0131n\u0131n \u00f6nemli isimlerinden biri olan Andr\u00e9 Breton 1938 y\u0131l\u0131nda geldi\u011fi Meksika\u2019y\u0131 \u201cD\u00fcnyan\u0131n en s\u00fcrreal \u00fclkesi\u201d diye tan\u0131mlarken Salvador Dali, k\u0131sa bir s\u00fcre kald\u0131\u011f\u0131 bu \u00fclke i\u00e7in, \u201cMeksika\u2019ya bir daha gitmemin imk\u00e2n\u0131 yok. Benim resimlerimden daha s\u00fcrreal olan bir \u00fclkeye tahamm\u00fcl edemem\u201d diyor. Pablo Neruda ise gezmekten b\u00fcy\u00fck keyif ald\u0131\u011f\u0131m ve \u00e7ok sevdi\u011fim, benim en g\u00fczel co\u011frafyalar\u0131mdan biri olan Meksika\u2019y\u0131 \u015f\u00f6yle anlat\u0131yor: \u201c\u00c7i\u00e7ek veren kakt\u00fcsleri ve y\u0131lanlar\u0131yla Meksika. \u00c7i\u00e7ek a\u00e7an, dikenli Meksika. Kupkuru ve f\u0131rt\u0131nalarla dolu, renkleri, topraklar\u0131 ve bitkileri ola\u011fan\u00fcst\u00fc Meksika, beni b\u00fct\u00fcn b\u00fcy\u00fcs\u00fcyle, \u0131\u015f\u0131\u011f\u0131yla sar\u0131verdi\u2026 Meksika bir k\u0131rm\u0131z\u0131 ve firuze renkli pelerinler \u00fclkesi. Meksika, \u00e7anak ve \u00e7\u00f6mlekler, \u00fczerinde ar\u0131lar\u0131n gezdi\u011fi meyveler \u00fclkesi.\u201d   B\u00fcy\u00fck \u015fairlerin biz s\u0131radan insanlar yerine d\u00fc\u015f\u00fcnme ve hissetme yetenekleri var. Pablo Neruda yakla\u015f\u0131k 80 y\u0131l \u00f6nce, benim Meksika\u2019yla ilgili t\u00fcm d\u00fc\u015f\u00fcnce ve hislerimi \u00e7ok g\u00fczel bir \u015fekilde ifade etmi\u015f. \u00dcstad\u0131n s\u00f6z\u00fcn\u00fcn \u00fczerine s\u00f6z s\u00f6ylemek, kelime israf\u0131ndan ba\u015fka bir \u015fey de\u011fil. \u00d6te yandan, gezi kitab\u0131 yazmak, seyahatin masa ba\u015f\u0131nda devam eden halidir. Meksika\u2019y\u0131 gezmek de yazmak da benim i\u00e7in tutkulu bir a\u015fk gibiydi. Her ikisinin de bitmesini hi\u00e7 istemedim.                                                                                                                                                        Fazl\u0131 Bulut <\/p>\n","protected":false},"excerpt":{"rendered":"<p>Frans\u0131z yazar, \u015fair, devrimci ve s\u00fcrrealizm ak\u0131m\u0131n\u0131n \u00f6nemli isimlerinden biri olan Andr\u00e9 Breton 1938 y\u0131l\u0131nda geldi\u011fi Meksika\u2019y\u0131 \u201cD\u00fcnyan\u0131n en s\u00fcrreal \u00fclkesi\u201d diye tan\u0131mlarken Salvador Dali, k\u0131sa<span class=\"excerpt-hellip\"> [\u2026]<\/span><\/p>\n","protected":false},"featured_media":0,"template":"","meta":{"_monsterinsights_skip_tracking":false,"_monsterinsights_sitenote_active":false,"_monsterinsights_sitenote_note":"","_monsterinsights_sitenote_category":0},"product_brand":[],"product_cat":[13054,40836],"product_tag":[],"class_list":{"0":"post-750776","1":"product","2":"type-product","3":"status-publish","5":"product_cat-gezi-ve-rehber-kitaplari","6":"product_cat-referans-kitaplar-gezi-ve-rehber-kitaplari","7":"pa_cilt-ciltsiz","8":"pa_tur-kitap","9":"pa_yayinevi-dogan-solibri-yayinlari","10":"pa_yazar-fazli-bulut","12":"first","13":"instock","14":"sale","15":"shipping-taxable","16":"purchasable","17":"product-type-simple"},"_links":{"self":[{"href":"https:\/\/roveyayinevi.com.tr\/index.php\/wp-json\/wp\/v2\/product\/750776","targetHints":{"allow":["GET"]}}],"collection":[{"href":"https:\/\/roveyayinevi.com.tr\/index.php\/wp-json\/wp\/v2\/product"}],"about":[{"href":"https:\/\/roveyayinevi.com.tr\/index.php\/wp-json\/wp\/v2\/types\/product"}],"wp:attachment":[{"href":"https:\/\/roveyayinevi.com.tr\/index.php\/wp-json\/wp\/v2\/media?parent=750776"}],"wp:term":[{"taxonomy":"product_brand","embeddable":true,"href":"https:\/\/roveyayinevi.com.tr\/index.php\/wp-json\/wp\/v2\/product_brand?post=750776"},{"taxonomy":"product_cat","embeddable":true,"href":"https:\/\/roveyayinevi.com.tr\/index.php\/wp-json\/wp\/v2\/product_cat?post=750776"},{"taxonomy":"product_tag","embeddable":true,"href":"https:\/\/roveyayinevi.com.tr\/index.php\/wp-json\/wp\/v2\/product_tag?post=750776"}],"curies":[{"name":"wp","href":"https:\/\/api.w.org\/{rel}","templated":true}]}}