{"id":750771,"date":"2025-08-28T04:29:40","date_gmt":"2025-08-28T01:29:40","guid":{"rendered":"https:\/\/roveyayinevi.com.tr\/index.php\/urun\/manevi-harp\/"},"modified":"2026-04-16T03:04:00","modified_gmt":"2026-04-16T00:04:00","slug":"manevi-harp","status":"publish","type":"product","link":"https:\/\/roveyayinevi.com.tr\/index.php\/urun\/manevi-harp\/","title":{"rendered":"Manevi Harp"},"content":{"rendered":"<p>Bir as\u0131r \u00f6ncesine kadar yap\u0131lacak bir harpte birliklerin g\u00fcc\u00fcn\u00fc belirleyen top ve t\u00fcfekti. Fakat g\u00fcn\u00fcm\u00fczde topun yerini teknoloji, t\u00fcfe\u011fin yerini akl\u0131n almas\u0131 ile beraber, harpler bilek g\u00fcc\u00fcnden uzakla\u015farak stratejik sava\u015flara d\u00f6n\u00fc\u015ft\u00fc. Bizleri geli\u015ftirecek ve ileri ta\u015f\u0131yacak ad\u0131mlar\u0131 bu do\u011frultuda atmam\u0131z gerekirken bug\u00fcn \u00fclkemizde t\u00fcfek kullanmay\u0131 yasaklayan bir sistem ile i\u00e7 i\u00e7e bulunmaktay\u0131z.<\/p>\n","protected":false},"excerpt":{"rendered":"<p>Bir as\u0131r \u00f6ncesine kadar yap\u0131lacak bir harpte birliklerin g\u00fcc\u00fcn\u00fc belirleyen top ve t\u00fcfekti. Fakat g\u00fcn\u00fcm\u00fczde topun yerini teknoloji, t\u00fcfe\u011fin yerini akl\u0131n almas\u0131 ile beraber, harpler bilek<span class=\"excerpt-hellip\"> [\u2026]<\/span><\/p>\n","protected":false},"featured_media":0,"template":"","meta":{"_monsterinsights_skip_tracking":false,"_monsterinsights_sitenote_active":false,"_monsterinsights_sitenote_note":"","_monsterinsights_sitenote_category":0},"product_brand":[],"product_cat":[13489,13488],"product_tag":[],"class_list":{"0":"post-750771","1":"product","2":"type-product","3":"status-publish","5":"product_cat-populer-kultur","6":"product_cat-toplum-ve-insan","7":"pa_cilt-ciltsiz","8":"pa_tur-kitap","9":"pa_yayinevi-kitap-muptelasi-yayinlari","10":"pa_yazar-vedat-bulkac","12":"first","13":"instock","14":"sale","15":"shipping-taxable","16":"purchasable","17":"product-type-simple"},"_links":{"self":[{"href":"https:\/\/roveyayinevi.com.tr\/index.php\/wp-json\/wp\/v2\/product\/750771","targetHints":{"allow":["GET"]}}],"collection":[{"href":"https:\/\/roveyayinevi.com.tr\/index.php\/wp-json\/wp\/v2\/product"}],"about":[{"href":"https:\/\/roveyayinevi.com.tr\/index.php\/wp-json\/wp\/v2\/types\/product"}],"wp:attachment":[{"href":"https:\/\/roveyayinevi.com.tr\/index.php\/wp-json\/wp\/v2\/media?parent=750771"}],"wp:term":[{"taxonomy":"product_brand","embeddable":true,"href":"https:\/\/roveyayinevi.com.tr\/index.php\/wp-json\/wp\/v2\/product_brand?post=750771"},{"taxonomy":"product_cat","embeddable":true,"href":"https:\/\/roveyayinevi.com.tr\/index.php\/wp-json\/wp\/v2\/product_cat?post=750771"},{"taxonomy":"product_tag","embeddable":true,"href":"https:\/\/roveyayinevi.com.tr\/index.php\/wp-json\/wp\/v2\/product_tag?post=750771"}],"curies":[{"name":"wp","href":"https:\/\/api.w.org\/{rel}","templated":true}]}}