{"id":750769,"date":"2025-08-28T04:29:37","date_gmt":"2025-08-28T01:29:37","guid":{"rendered":"https:\/\/roveyayinevi.com.tr\/index.php\/urun\/bir-kese-bilye\/"},"modified":"2026-04-16T03:04:00","modified_gmt":"2026-04-16T00:04:00","slug":"bir-kese-bilye","status":"publish","type":"product","link":"https:\/\/roveyayinevi.com.tr\/index.php\/urun\/bir-kese-bilye\/","title":{"rendered":"Bir Kese Bilye"},"content":{"rendered":"<p>Paris, 1941. Fransa i\u015fgal edilmi\u015ftir. On ve on iki ya\u015flar\u0131nda iki Yahudi karde\u015f Maurice ve Joseph, son kez bilye oynarlar. \u00c7\u00fcnk\u00fc sava\u015f ailelerinin g\u00fcvenli\u011fini tehdit ederken, Maurice ve Joseph&#8217;in kimliklerini gizleyerek serbest b\u00f6lgedeki a\u011fabeylerinin yan\u0131na ka\u00e7malar\u0131 gerekir. B\u00f6ylece hayatlar\u0131n\u0131 tamam\u0131yla de\u011fi\u015ftirecek bir yolculu\u011fa \u00e7\u0131karlar. Bir Kese Bilye, heyecan verici ve s\u00fcr\u00fckleyici bir dille sava\u015f\u0131n ac\u0131mas\u0131zl\u0131\u011f\u0131n\u0131, mant\u0131\u011f\u0131n bitti\u011fi sa\u00e7mal\u0131klar\u0131n kol gezdi\u011fi bir ortamda bile iyili\u011fin, iyi insanlar\u0131n hep var oldu\u011funu anlatmak i\u00e7in yaz\u0131lm\u0131\u015f bir kitap. Maurice ve Joseph\u2019in umut dolu yolculu\u011fu her ya\u015ftan okurun k\u00fct\u00fcphanesinde yer almas\u0131 gereken modern bir klasik.   \u201cKorku, \u0131st\u0131rap ve ac\u0131yla dolu bu kitap bir nefret kitab\u0131 da olabilirdi, ama sonu\u00e7ta bir umut ve sevgi \u00e7\u0131\u011fl\u0131\u011f\u0131.\u201d Bernard Clavel   \u201cLanetli zamanlara adanm\u0131\u015f say\u0131s\u0131z tan\u0131kl\u0131k aras\u0131nda bu kitap, deneyimin, duygunun, ne\u015fenin ve \u00e7ocuksu ac\u0131n\u0131n do\u011fas\u0131 gere\u011fi benzersiz. \u00d6yle bir \u015fekilde anlat\u0131l\u0131yor ki, macera okuyucuyu sayfadan sayfaya ve son sat\u0131ra kadar kavr\u0131yor, s\u00fcr\u00fckl\u00fcyor ve al\u0131p g\u00f6t\u00fcr\u00fcyor.\u201d Joseph Kessel   \u201cBu kitab\u0131 di\u011ferlerinden farkl\u0131 k\u0131lan do\u011fall\u0131\u011f\u0131, mizah\u0131, \u015fefkati ve sa\u011fduyusu.\u201d La Croix   <\/p>\n","protected":false},"excerpt":{"rendered":"<p>Paris, 1941. Fransa i\u015fgal edilmi\u015ftir. On ve on iki ya\u015flar\u0131nda iki Yahudi karde\u015f Maurice ve Joseph, son kez bilye oynarlar. \u00c7\u00fcnk\u00fc sava\u015f ailelerinin g\u00fcvenli\u011fini tehdit ederken,<span class=\"excerpt-hellip\"> [\u2026]<\/span><\/p>\n","protected":false},"featured_media":0,"template":"","meta":{"_monsterinsights_skip_tracking":false,"_monsterinsights_sitenote_active":false,"_monsterinsights_sitenote_note":"","_monsterinsights_sitenote_category":0},"product_brand":[],"product_cat":[12689,12274],"product_tag":[],"class_list":{"0":"post-750769","1":"product","2":"type-product","3":"status-publish","5":"product_cat-cizgi-roman-cocuk-ve-genclik-kitaplari","6":"product_cat-cocuk-ve-genclik-kitaplari","7":"pa_cilt-ciltsiz","8":"pa_tur-kitap","9":"pa_yayinevi-mundi","10":"pa_yazar-joseph-joffo","12":"first","13":"instock","14":"sale","15":"shipping-taxable","16":"purchasable","17":"product-type-simple"},"_links":{"self":[{"href":"https:\/\/roveyayinevi.com.tr\/index.php\/wp-json\/wp\/v2\/product\/750769","targetHints":{"allow":["GET"]}}],"collection":[{"href":"https:\/\/roveyayinevi.com.tr\/index.php\/wp-json\/wp\/v2\/product"}],"about":[{"href":"https:\/\/roveyayinevi.com.tr\/index.php\/wp-json\/wp\/v2\/types\/product"}],"wp:attachment":[{"href":"https:\/\/roveyayinevi.com.tr\/index.php\/wp-json\/wp\/v2\/media?parent=750769"}],"wp:term":[{"taxonomy":"product_brand","embeddable":true,"href":"https:\/\/roveyayinevi.com.tr\/index.php\/wp-json\/wp\/v2\/product_brand?post=750769"},{"taxonomy":"product_cat","embeddable":true,"href":"https:\/\/roveyayinevi.com.tr\/index.php\/wp-json\/wp\/v2\/product_cat?post=750769"},{"taxonomy":"product_tag","embeddable":true,"href":"https:\/\/roveyayinevi.com.tr\/index.php\/wp-json\/wp\/v2\/product_tag?post=750769"}],"curies":[{"name":"wp","href":"https:\/\/api.w.org\/{rel}","templated":true}]}}